{"id":1157,"date":"2019-02-01T00:18:12","date_gmt":"2019-02-01T00:18:12","guid":{"rendered":"https:\/\/walktoendals.ca\/fr\/?page_id=1157"},"modified":"2019-02-03T19:21:43","modified_gmt":"2019-02-03T19:21:43","slug":"reservez-votre-journee-alberta","status":"publish","type":"page","link":"https:\/\/walktoendals.ca\/fr\/reservez-votre-journee-alberta\/","title":{"rendered":"R\u00e9servez votre journ\u00e9e, Alberta!"},"content":{"rendered":"<p>La Marche pour vaincre la SLA a lieu dans les communaut\u00e9s de la province \u2014 serez-vous pr\u00e9sent?<\/p>\n<p>Notez la date et pr\u00e9parez-vous \u00e0 vous inscrire plus tard ce mois-ci!<\/p>\n<p><img fetchpriority=\"high\" decoding=\"async\" class=\"alignnone size-large wp-image-1124\" src=\"https:\/\/walktoendals.ca\/wp-content\/uploads\/2019\/01\/Walk_to_End_ALS_team_bike-1024x467.jpg\" alt=\"\" width=\"1024\" height=\"467\" srcset=\"https:\/\/walktoendals.ca\/wp-content\/uploads\/2019\/01\/Walk_to_End_ALS_team_bike-1024x467.jpg 1024w, https:\/\/walktoendals.ca\/wp-content\/uploads\/2019\/01\/Walk_to_End_ALS_team_bike-300x137.jpg 300w, https:\/\/walktoendals.ca\/wp-content\/uploads\/2019\/01\/Walk_to_End_ALS_team_bike.jpg 1481w\" sizes=\"(max-width: 1024px) 100vw, 1024px\" \/><\/p>\n<p><strong>Camrose\u00a0<\/strong>\u00a0|\u00a0 samedi 22 juin 2019<\/p>\n<p><strong>Cold Lake\u00a0<\/strong>\u00a0|\u00a0 samedi 1 juin 2019<\/p>\n<p><strong>Drayton Valley\u00a0<\/strong>\u00a0|\u00a0 samedi 15 juin 2019<\/p>\n<p><strong>Edmonton\u00a0<\/strong>\u00a0|\u00a0 samedi 8 juin 2019<\/p>\n<p><strong>Fort Mac<\/strong>\u00a0 |\u00a0 dimanche 16 juin 2019<\/p>\n<p><strong>Grande Prairie<\/strong>\u00a0 |\u00a0 \u00c0 confirmer<\/p>\n<p><strong>Hinton\u00a0<\/strong>\u00a0|\u00a0 dimanche 16 juin 2019<\/p>\n<p><strong>Lethbridge\u00a0<\/strong>\u00a0|\u00a0 samedi 7 septembre 2019<\/p>\n<p><strong>Peace River<\/strong>\u00a0 |\u00a0 \u00c0 confirmer<\/p>\n<p><strong>Red Deer\u00a0<\/strong>\u00a0|\u00a0 samedi 15 juin 2019<\/p>\n<p><strong>Valley Ridge<\/strong>\u00a0 |\u00a0 \u00c0 confirmer<\/p>\n","protected":false},"excerpt":{"rendered":"<p>La Marche pour vaincre la SLA a lieu dans les communaut\u00e9s de la province \u2014 serez-vous pr\u00e9sent? Notez la date et pr\u00e9parez-vous \u00e0 vous inscrire plus tard ce mois-ci! Camrose\u00a0\u00a0|\u00a0 samedi 22 juin 2019 Cold Lake\u00a0\u00a0|\u00a0 samedi 1 juin 2019 Drayton Valley\u00a0\u00a0|\u00a0 samedi 15 juin 2019 Edmonton\u00a0\u00a0|\u00a0 samedi 8 juin 2019 Fort Mac\u00a0 |\u00a0 dimanche [&hellip;]<\/p>\n","protected":false},"author":22,"featured_media":0,"parent":0,"menu_order":0,"comment_status":"closed","ping_status":"closed","template":"","meta":{"footnotes":""},"class_list":["post-1157","page","type-page","status-publish","hentry"],"yoast_head":"<!-- This site is optimized with the Yoast SEO plugin v27.2 - https:\/\/yoast.com\/product\/yoast-seo-wordpress\/ -->\n<title>R\u00e9servez votre journ\u00e9e, Alberta! &#8211; Marche pour Vaincre la SLA<\/title>\n<meta name=\"robots\" content=\"index, follow, max-snippet:-1, max-image-preview:large, max-video-preview:-1\" \/>\n<link rel=\"canonical\" href=\"https:\/\/walktoendals.ca\/fr\/reservez-votre-journee-alberta\/\" \/>\n<meta property=\"og:locale\" content=\"fr_FR\" \/>\n<meta property=\"og:type\" content=\"article\" \/>\n<meta property=\"og:title\" content=\"R\u00e9servez votre journ\u00e9e, Alberta! &#8211; Marche pour Vaincre la SLA\" \/>\n<meta property=\"og:description\" content=\"La Marche pour vaincre la SLA a lieu dans les communaut\u00e9s de la province \u2014 serez-vous pr\u00e9sent? Notez la date et pr\u00e9parez-vous \u00e0 vous inscrire plus tard ce mois-ci! Camrose\u00a0\u00a0|\u00a0 samedi 22 juin 2019 Cold Lake\u00a0\u00a0|\u00a0 samedi 1 juin 2019 Drayton Valley\u00a0\u00a0|\u00a0 samedi 15 juin 2019 Edmonton\u00a0\u00a0|\u00a0 samedi 8 juin 2019 Fort Mac\u00a0 |\u00a0 dimanche [&hellip;]\" \/>\n<meta property=\"og:url\" content=\"https:\/\/walktoendals.ca\/fr\/reservez-votre-journee-alberta\/\" \/>\n<meta property=\"og:site_name\" content=\"Marche pour Vaincre la SLA\" \/>\n<meta property=\"article:modified_time\" content=\"2019-02-03T19:21:43+00:00\" \/>\n<meta property=\"og:image\" content=\"https:\/\/walktoendals.ca\/wp-content\/uploads\/2019\/01\/Walk_to_End_ALS_team_bike-1024x467.jpg\" \/>\n<meta name=\"twitter:card\" content=\"summary_large_image\" \/>\n<script type=\"application\/ld+json\" class=\"yoast-schema-graph\">{\"@context\":\"https:\/\/schema.org\",\"@graph\":[{\"@type\":\"WebPage\",\"@id\":\"https:\/\/walktoendals.ca\/fr\/reservez-votre-journee-alberta\/\",\"url\":\"https:\/\/walktoendals.ca\/fr\/reservez-votre-journee-alberta\/\",\"name\":\"R\u00e9servez votre journ\u00e9e, Alberta! &#8211; Marche pour Vaincre la SLA\",\"isPartOf\":{\"@id\":\"https:\/\/walktoendals.ca\/fr\/#website\"},\"primaryImageOfPage\":{\"@id\":\"https:\/\/walktoendals.ca\/fr\/reservez-votre-journee-alberta\/#primaryimage\"},\"image\":{\"@id\":\"https:\/\/walktoendals.ca\/fr\/reservez-votre-journee-alberta\/#primaryimage\"},\"thumbnailUrl\":\"https:\/\/walktoendals.ca\/wp-content\/uploads\/2019\/01\/Walk_to_End_ALS_team_bike-1024x467.jpg\",\"datePublished\":\"2019-02-01T00:18:12+00:00\",\"dateModified\":\"2019-02-03T19:21:43+00:00\",\"breadcrumb\":{\"@id\":\"https:\/\/walktoendals.ca\/fr\/reservez-votre-journee-alberta\/#breadcrumb\"},\"inLanguage\":\"fr-FR\",\"potentialAction\":[{\"@type\":\"ReadAction\",\"target\":[\"https:\/\/walktoendals.ca\/fr\/reservez-votre-journee-alberta\/\"]}]},{\"@type\":\"ImageObject\",\"inLanguage\":\"fr-FR\",\"@id\":\"https:\/\/walktoendals.ca\/fr\/reservez-votre-journee-alberta\/#primaryimage\",\"url\":\"https:\/\/walktoendals.ca\/wp-content\/uploads\/2019\/01\/Walk_to_End_ALS_team_bike-1024x467.jpg\",\"contentUrl\":\"https:\/\/walktoendals.ca\/wp-content\/uploads\/2019\/01\/Walk_to_End_ALS_team_bike-1024x467.jpg\"},{\"@type\":\"BreadcrumbList\",\"@id\":\"https:\/\/walktoendals.ca\/fr\/reservez-votre-journee-alberta\/#breadcrumb\",\"itemListElement\":[{\"@type\":\"ListItem\",\"position\":1,\"name\":\"Home\",\"item\":\"https:\/\/walktoendals.ca\/fr\/\"},{\"@type\":\"ListItem\",\"position\":2,\"name\":\"R\u00e9servez votre journ\u00e9e, Alberta!\"}]},{\"@type\":\"WebSite\",\"@id\":\"https:\/\/walktoendals.ca\/fr\/#website\",\"url\":\"https:\/\/walktoendals.ca\/fr\/\",\"name\":\"Marche pour Vaincre la SLA\",\"description\":\"Walk to End ALS is a fun, family friendly event that occurs across the country in more than 90 WALK\u2008locations\u2008across\u2008Canada. Join thousands of Canadians in the fight against ALS.\",\"publisher\":{\"@id\":\"https:\/\/walktoendals.ca\/fr\/#organization\"},\"potentialAction\":[{\"@type\":\"SearchAction\",\"target\":{\"@type\":\"EntryPoint\",\"urlTemplate\":\"https:\/\/walktoendals.ca\/fr\/?s={search_term_string}\"},\"query-input\":{\"@type\":\"PropertyValueSpecification\",\"valueRequired\":true,\"valueName\":\"search_term_string\"}}],\"inLanguage\":\"fr-FR\"},{\"@type\":\"Organization\",\"@id\":\"https:\/\/walktoendals.ca\/fr\/#organization\",\"name\":\"ALS Society of Canada\",\"url\":\"https:\/\/walktoendals.ca\/fr\/\",\"logo\":{\"@type\":\"ImageObject\",\"inLanguage\":\"fr-FR\",\"@id\":\"https:\/\/walktoendals.ca\/fr\/#\/schema\/logo\/image\/\",\"url\":\"https:\/\/walktoendals.ca\/wp-content\/uploads\/2021\/01\/ALS-Logo-English-Canada.png\",\"contentUrl\":\"https:\/\/walktoendals.ca\/wp-content\/uploads\/2021\/01\/ALS-Logo-English-Canada.png\",\"width\":1583,\"height\":1315,\"caption\":\"ALS Society of Canada\"},\"image\":{\"@id\":\"https:\/\/walktoendals.ca\/fr\/#\/schema\/logo\/image\/\"}}]}<\/script>\n<!-- \/ Yoast SEO plugin. -->","yoast_head_json":{"title":"R\u00e9servez votre journ\u00e9e, Alberta! &#8211; Marche pour Vaincre la SLA","robots":{"index":"index","follow":"follow","max-snippet":"max-snippet:-1","max-image-preview":"max-image-preview:large","max-video-preview":"max-video-preview:-1"},"canonical":"https:\/\/walktoendals.ca\/fr\/reservez-votre-journee-alberta\/","og_locale":"fr_FR","og_type":"article","og_title":"R\u00e9servez votre journ\u00e9e, Alberta! &#8211; Marche pour Vaincre la SLA","og_description":"La Marche pour vaincre la SLA a lieu dans les communaut\u00e9s de la province \u2014 serez-vous pr\u00e9sent? Notez la date et pr\u00e9parez-vous \u00e0 vous inscrire plus tard ce mois-ci! Camrose\u00a0\u00a0|\u00a0 samedi 22 juin 2019 Cold Lake\u00a0\u00a0|\u00a0 samedi 1 juin 2019 Drayton Valley\u00a0\u00a0|\u00a0 samedi 15 juin 2019 Edmonton\u00a0\u00a0|\u00a0 samedi 8 juin 2019 Fort Mac\u00a0 |\u00a0 dimanche [&hellip;]","og_url":"https:\/\/walktoendals.ca\/fr\/reservez-votre-journee-alberta\/","og_site_name":"Marche pour Vaincre la SLA","article_modified_time":"2019-02-03T19:21:43+00:00","og_image":[{"url":"https:\/\/walktoendals.ca\/wp-content\/uploads\/2019\/01\/Walk_to_End_ALS_team_bike-1024x467.jpg","type":"","width":"","height":""}],"twitter_card":"summary_large_image","schema":{"@context":"https:\/\/schema.org","@graph":[{"@type":"WebPage","@id":"https:\/\/walktoendals.ca\/fr\/reservez-votre-journee-alberta\/","url":"https:\/\/walktoendals.ca\/fr\/reservez-votre-journee-alberta\/","name":"R\u00e9servez votre journ\u00e9e, Alberta! &#8211; Marche pour Vaincre la SLA","isPartOf":{"@id":"https:\/\/walktoendals.ca\/fr\/#website"},"primaryImageOfPage":{"@id":"https:\/\/walktoendals.ca\/fr\/reservez-votre-journee-alberta\/#primaryimage"},"image":{"@id":"https:\/\/walktoendals.ca\/fr\/reservez-votre-journee-alberta\/#primaryimage"},"thumbnailUrl":"https:\/\/walktoendals.ca\/wp-content\/uploads\/2019\/01\/Walk_to_End_ALS_team_bike-1024x467.jpg","datePublished":"2019-02-01T00:18:12+00:00","dateModified":"2019-02-03T19:21:43+00:00","breadcrumb":{"@id":"https:\/\/walktoendals.ca\/fr\/reservez-votre-journee-alberta\/#breadcrumb"},"inLanguage":"fr-FR","potentialAction":[{"@type":"ReadAction","target":["https:\/\/walktoendals.ca\/fr\/reservez-votre-journee-alberta\/"]}]},{"@type":"ImageObject","inLanguage":"fr-FR","@id":"https:\/\/walktoendals.ca\/fr\/reservez-votre-journee-alberta\/#primaryimage","url":"https:\/\/walktoendals.ca\/wp-content\/uploads\/2019\/01\/Walk_to_End_ALS_team_bike-1024x467.jpg","contentUrl":"https:\/\/walktoendals.ca\/wp-content\/uploads\/2019\/01\/Walk_to_End_ALS_team_bike-1024x467.jpg"},{"@type":"BreadcrumbList","@id":"https:\/\/walktoendals.ca\/fr\/reservez-votre-journee-alberta\/#breadcrumb","itemListElement":[{"@type":"ListItem","position":1,"name":"Home","item":"https:\/\/walktoendals.ca\/fr\/"},{"@type":"ListItem","position":2,"name":"R\u00e9servez votre journ\u00e9e, Alberta!"}]},{"@type":"WebSite","@id":"https:\/\/walktoendals.ca\/fr\/#website","url":"https:\/\/walktoendals.ca\/fr\/","name":"Marche pour Vaincre la SLA","description":"Walk to End ALS is a fun, family friendly event that occurs across the country in more than 90 WALK\u2008locations\u2008across\u2008Canada. Join thousands of Canadians in the fight against ALS.","publisher":{"@id":"https:\/\/walktoendals.ca\/fr\/#organization"},"potentialAction":[{"@type":"SearchAction","target":{"@type":"EntryPoint","urlTemplate":"https:\/\/walktoendals.ca\/fr\/?s={search_term_string}"},"query-input":{"@type":"PropertyValueSpecification","valueRequired":true,"valueName":"search_term_string"}}],"inLanguage":"fr-FR"},{"@type":"Organization","@id":"https:\/\/walktoendals.ca\/fr\/#organization","name":"ALS Society of Canada","url":"https:\/\/walktoendals.ca\/fr\/","logo":{"@type":"ImageObject","inLanguage":"fr-FR","@id":"https:\/\/walktoendals.ca\/fr\/#\/schema\/logo\/image\/","url":"https:\/\/walktoendals.ca\/wp-content\/uploads\/2021\/01\/ALS-Logo-English-Canada.png","contentUrl":"https:\/\/walktoendals.ca\/wp-content\/uploads\/2021\/01\/ALS-Logo-English-Canada.png","width":1583,"height":1315,"caption":"ALS Society of Canada"},"image":{"@id":"https:\/\/walktoendals.ca\/fr\/#\/schema\/logo\/image\/"}}]}},"_links":{"self":[{"href":"https:\/\/walktoendals.ca\/fr\/wp-json\/wp\/v2\/pages\/1157","targetHints":{"allow":["GET"]}}],"collection":[{"href":"https:\/\/walktoendals.ca\/fr\/wp-json\/wp\/v2\/pages"}],"about":[{"href":"https:\/\/walktoendals.ca\/fr\/wp-json\/wp\/v2\/types\/page"}],"author":[{"embeddable":true,"href":"https:\/\/walktoendals.ca\/fr\/wp-json\/wp\/v2\/users\/22"}],"replies":[{"embeddable":true,"href":"https:\/\/walktoendals.ca\/fr\/wp-json\/wp\/v2\/comments?post=1157"}],"version-history":[{"count":8,"href":"https:\/\/walktoendals.ca\/fr\/wp-json\/wp\/v2\/pages\/1157\/revisions"}],"predecessor-version":[{"id":1210,"href":"https:\/\/walktoendals.ca\/fr\/wp-json\/wp\/v2\/pages\/1157\/revisions\/1210"}],"wp:attachment":[{"href":"https:\/\/walktoendals.ca\/fr\/wp-json\/wp\/v2\/media?parent=1157"}],"curies":[{"name":"wp","href":"https:\/\/api.w.org\/{rel}","templated":true}]}}