{"id":1168,"date":"2019-02-01T00:42:26","date_gmt":"2019-02-01T00:42:26","guid":{"rendered":"https:\/\/walktoendals.ca\/fr\/?page_id=1168"},"modified":"2019-02-04T17:02:59","modified_gmt":"2019-02-04T17:02:59","slug":"reservez-votre-journee-ontario","status":"publish","type":"page","link":"https:\/\/walktoendals.ca\/fr\/reservez-votre-journee-ontario\/","title":{"rendered":"R\u00e9servez votre journ\u00e9e, Ontario!"},"content":{"rendered":"<p>La Marche pour vaincre la SLA a lieu dans les communaut\u00e9s de la province \u2014 serez-vous pr\u00e9sent?<\/p>\n<p>Notez la date et pr\u00e9parez-vous \u00e0 vous inscrire plus tard ce mois-ci!<img fetchpriority=\"high\" decoding=\"async\" class=\"alignnone size-large wp-image-1124\" src=\"https:\/\/walktoendals.ca\/wp-content\/uploads\/2019\/01\/Walk_to_End_ALS_team_bike-1024x467.jpg\" alt=\"\" width=\"1024\" height=\"467\" srcset=\"https:\/\/walktoendals.ca\/wp-content\/uploads\/2019\/01\/Walk_to_End_ALS_team_bike-1024x467.jpg 1024w, https:\/\/walktoendals.ca\/wp-content\/uploads\/2019\/01\/Walk_to_End_ALS_team_bike-300x137.jpg 300w, https:\/\/walktoendals.ca\/wp-content\/uploads\/2019\/01\/Walk_to_End_ALS_team_bike.jpg 1481w\" sizes=\"(max-width: 1024px) 100vw, 1024px\" \/><\/p>\n<p><strong>Alliston\u00a0<\/strong>| voir Simcoe County<\/p>\n<p><strong>Barrie<\/strong>\u00a0| voir Simcoe County<\/p>\n<p><strong>Belleville-Quinte\u00a0<\/strong>\u00a0|\u00a0 samedi 14 septembre 2019<\/p>\n<p><strong>Brampton\u00a0<\/strong>\u00a0|\u00a0 samedi 15 juin 2019<\/p>\n<p><strong>Brantford\u00a0<\/strong>\u00a0|\u00a0 samedi 21 septembre 2019<\/p>\n<p><strong>Cornwall\u00a0<\/strong>\u00a0|\u00a0 samedi 1 juin 2019<\/p>\n<p><strong>Durham Region<\/strong>\u00a0 |\u00a0 samedi 15 juin 2019<\/p>\n<p><strong>Elliot Lake<\/strong>\u00a0 |\u00a0 samedi 21 septembre 2019<\/p>\n<p><strong>Etobicoke\u00a0<\/strong>\u00a0|\u00a0 samedi 27 avril 2019<\/p>\n<p><strong>Georgetown-Acton<\/strong>\u00a0 |\u00a0 samedi 1 juin 2019<\/p>\n<p><strong>Halton Region<\/strong>\u00a0 |\u00a0 lundi 20 mai 2019<\/p>\n<p><strong>Hamilton\u00a0<\/strong>\u00a0|\u00a0 samedi 15 juin 2019<\/p>\n<p><strong>Huron-Perth<\/strong>\u00a0 |\u00a0 samedi 22 juin 2019<\/p>\n<p><strong>Kingston\u00a0<\/strong>\u00a0|\u00a0 samedi 25 mai 2019<\/p>\n<p><strong>Kitchener-Waterloo<\/strong>\u00a0 |\u00a0 samedi 8 juin 2019<\/p>\n<p><strong>London\u00a0<\/strong>\u00a0|\u00a0 samedi 21 septembre 2019<\/p>\n<p><strong>Mississauga\u00a0<\/strong>\u00a0|\u00a0 samedi 25 mai 2019<\/p>\n<p><strong>Mount Elgin<\/strong>\u00a0 |\u00a0 dimanche 22 septembre 2019<\/p>\n<p><strong>Niagara Region<\/strong>\u00a0 |\u00a0 samedi 8 juin 2019<\/p>\n<p><strong>North Bay\u00a0<\/strong>\u00a0|\u00a0 dimanche 16 juin 2019<\/p>\n<p><strong>North Grey Bruce<\/strong>\u00a0 |\u00a0 samedi 1 juin 2019<\/p>\n<p><strong>Orangeville<\/strong>\u00a0 |\u00a0 samedi 1 juin 2019<\/p>\n<p><strong>Ottawa\u00a0<\/strong>\u00a0|\u00a0 samedi 8 juin 2019<\/p>\n<p><strong>Parry Sound<\/strong>\u00a0 |\u00a0 samedi 14 septembre 2019<\/p>\n<p><strong>Peterborough\u00a0<\/strong>\u00a0|\u00a0 samedi 11 mai 2019<\/p>\n<p><strong>Sault Ste. Marie<\/strong>\u00a0 |\u00a0 samedi 1 juin 2019<\/p>\n<p><strong>Scarborough\u00a0<\/strong>\u00a0|\u00a0 samedi 22 juin 2019<\/p>\n<p><strong>Simcoe County<\/strong>\u00a0\u00a0<strong>(anciennement Alliston et Barrie)<\/strong>\u00a0|\u00a0 samedi 8 juin 2019<\/p>\n<p><strong>Smiths Falls\u00a0<\/strong>\u00a0|\u00a0 samedi 14 septembre 2019<\/p>\n<p><strong>Sudbury\u00a0<\/strong>\u00a0|\u00a0 samedi 8 juin 2019<\/p>\n<p><strong>Thunder Bay\u00a0<\/strong>\u00a0|\u00a0 samedi 21 septembre 2019<\/p>\n<p><strong>Timmins\u00a0<\/strong>\u00a0| jeudi 18\u00a0juillet 2019<\/p>\n<p><strong>Toronto\/Downtown<\/strong>\u00a0 |\u00a0 samedi 14 septembre 2019<\/p>\n<p><strong>Toronto\/North York\u00a0<\/strong>\u00a0|\u00a0 samedi 25 mai 2019<\/p>\n<p><strong>York Region\u00a0<\/strong>\u00a0|\u00a0 dimanche 2 juin 2019<\/p>\n<p><strong>Marche Virtuelle<\/strong>\u00a0 |\u00a0 samedi 1 juin 2019<\/p>\n","protected":false},"excerpt":{"rendered":"<p>La Marche pour vaincre la SLA a lieu dans les communaut\u00e9s de la province \u2014 serez-vous pr\u00e9sent? Notez la date et pr\u00e9parez-vous \u00e0 vous inscrire plus tard ce mois-ci! Alliston\u00a0| voir Simcoe County Barrie\u00a0| voir Simcoe County Belleville-Quinte\u00a0\u00a0|\u00a0 samedi 14 septembre 2019 Brampton\u00a0\u00a0|\u00a0 samedi 15 juin 2019 Brantford\u00a0\u00a0|\u00a0 samedi 21 septembre 2019 Cornwall\u00a0\u00a0|\u00a0 samedi 1 [&hellip;]<\/p>\n","protected":false},"author":22,"featured_media":0,"parent":0,"menu_order":0,"comment_status":"closed","ping_status":"closed","template":"","meta":{"footnotes":""},"class_list":["post-1168","page","type-page","status-publish","hentry"],"yoast_head":"<!-- This site is optimized with the Yoast SEO plugin v27.2 - https:\/\/yoast.com\/product\/yoast-seo-wordpress\/ -->\n<title>R\u00e9servez votre journ\u00e9e, Ontario! &#8211; Marche pour Vaincre la SLA<\/title>\n<meta name=\"robots\" content=\"index, follow, max-snippet:-1, max-image-preview:large, max-video-preview:-1\" \/>\n<link rel=\"canonical\" href=\"https:\/\/walktoendals.ca\/fr\/reservez-votre-journee-ontario\/\" \/>\n<meta property=\"og:locale\" content=\"fr_FR\" \/>\n<meta property=\"og:type\" content=\"article\" \/>\n<meta property=\"og:title\" content=\"R\u00e9servez votre journ\u00e9e, Ontario! &#8211; Marche pour Vaincre la SLA\" \/>\n<meta property=\"og:description\" content=\"La Marche pour vaincre la SLA a lieu dans les communaut\u00e9s de la province \u2014 serez-vous pr\u00e9sent? Notez la date et pr\u00e9parez-vous \u00e0 vous inscrire plus tard ce mois-ci! Alliston\u00a0| voir Simcoe County Barrie\u00a0| voir Simcoe County Belleville-Quinte\u00a0\u00a0|\u00a0 samedi 14 septembre 2019 Brampton\u00a0\u00a0|\u00a0 samedi 15 juin 2019 Brantford\u00a0\u00a0|\u00a0 samedi 21 septembre 2019 Cornwall\u00a0\u00a0|\u00a0 samedi 1 [&hellip;]\" \/>\n<meta property=\"og:url\" content=\"https:\/\/walktoendals.ca\/fr\/reservez-votre-journee-ontario\/\" \/>\n<meta property=\"og:site_name\" content=\"Marche pour Vaincre la SLA\" \/>\n<meta property=\"article:modified_time\" content=\"2019-02-04T17:02:59+00:00\" \/>\n<meta property=\"og:image\" content=\"https:\/\/walktoendals.ca\/wp-content\/uploads\/2019\/01\/Walk_to_End_ALS_team_bike-1024x467.jpg\" \/>\n<meta name=\"twitter:card\" content=\"summary_large_image\" \/>\n<meta name=\"twitter:label1\" content=\"Dur\u00e9e de lecture estim\u00e9e\" \/>\n\t<meta name=\"twitter:data1\" content=\"1 minute\" \/>\n<script type=\"application\/ld+json\" class=\"yoast-schema-graph\">{\"@context\":\"https:\/\/schema.org\",\"@graph\":[{\"@type\":\"WebPage\",\"@id\":\"https:\/\/walktoendals.ca\/fr\/reservez-votre-journee-ontario\/\",\"url\":\"https:\/\/walktoendals.ca\/fr\/reservez-votre-journee-ontario\/\",\"name\":\"R\u00e9servez votre journ\u00e9e, Ontario! &#8211; Marche pour Vaincre la SLA\",\"isPartOf\":{\"@id\":\"https:\/\/walktoendals.ca\/fr\/#website\"},\"primaryImageOfPage\":{\"@id\":\"https:\/\/walktoendals.ca\/fr\/reservez-votre-journee-ontario\/#primaryimage\"},\"image\":{\"@id\":\"https:\/\/walktoendals.ca\/fr\/reservez-votre-journee-ontario\/#primaryimage\"},\"thumbnailUrl\":\"https:\/\/walktoendals.ca\/wp-content\/uploads\/2019\/01\/Walk_to_End_ALS_team_bike-1024x467.jpg\",\"datePublished\":\"2019-02-01T00:42:26+00:00\",\"dateModified\":\"2019-02-04T17:02:59+00:00\",\"breadcrumb\":{\"@id\":\"https:\/\/walktoendals.ca\/fr\/reservez-votre-journee-ontario\/#breadcrumb\"},\"inLanguage\":\"fr-FR\",\"potentialAction\":[{\"@type\":\"ReadAction\",\"target\":[\"https:\/\/walktoendals.ca\/fr\/reservez-votre-journee-ontario\/\"]}]},{\"@type\":\"ImageObject\",\"inLanguage\":\"fr-FR\",\"@id\":\"https:\/\/walktoendals.ca\/fr\/reservez-votre-journee-ontario\/#primaryimage\",\"url\":\"https:\/\/walktoendals.ca\/wp-content\/uploads\/2019\/01\/Walk_to_End_ALS_team_bike-1024x467.jpg\",\"contentUrl\":\"https:\/\/walktoendals.ca\/wp-content\/uploads\/2019\/01\/Walk_to_End_ALS_team_bike-1024x467.jpg\"},{\"@type\":\"BreadcrumbList\",\"@id\":\"https:\/\/walktoendals.ca\/fr\/reservez-votre-journee-ontario\/#breadcrumb\",\"itemListElement\":[{\"@type\":\"ListItem\",\"position\":1,\"name\":\"Home\",\"item\":\"https:\/\/walktoendals.ca\/fr\/\"},{\"@type\":\"ListItem\",\"position\":2,\"name\":\"R\u00e9servez votre journ\u00e9e, Ontario!\"}]},{\"@type\":\"WebSite\",\"@id\":\"https:\/\/walktoendals.ca\/fr\/#website\",\"url\":\"https:\/\/walktoendals.ca\/fr\/\",\"name\":\"Marche pour Vaincre la SLA\",\"description\":\"Walk to End ALS is a fun, family friendly event that occurs across the country in more than 90 WALK\u2008locations\u2008across\u2008Canada. Join thousands of Canadians in the fight against ALS.\",\"publisher\":{\"@id\":\"https:\/\/walktoendals.ca\/fr\/#organization\"},\"potentialAction\":[{\"@type\":\"SearchAction\",\"target\":{\"@type\":\"EntryPoint\",\"urlTemplate\":\"https:\/\/walktoendals.ca\/fr\/?s={search_term_string}\"},\"query-input\":{\"@type\":\"PropertyValueSpecification\",\"valueRequired\":true,\"valueName\":\"search_term_string\"}}],\"inLanguage\":\"fr-FR\"},{\"@type\":\"Organization\",\"@id\":\"https:\/\/walktoendals.ca\/fr\/#organization\",\"name\":\"ALS Society of Canada\",\"url\":\"https:\/\/walktoendals.ca\/fr\/\",\"logo\":{\"@type\":\"ImageObject\",\"inLanguage\":\"fr-FR\",\"@id\":\"https:\/\/walktoendals.ca\/fr\/#\/schema\/logo\/image\/\",\"url\":\"https:\/\/walktoendals.ca\/wp-content\/uploads\/2021\/01\/ALS-Logo-English-Canada.png\",\"contentUrl\":\"https:\/\/walktoendals.ca\/wp-content\/uploads\/2021\/01\/ALS-Logo-English-Canada.png\",\"width\":1583,\"height\":1315,\"caption\":\"ALS Society of Canada\"},\"image\":{\"@id\":\"https:\/\/walktoendals.ca\/fr\/#\/schema\/logo\/image\/\"}}]}<\/script>\n<!-- \/ Yoast SEO plugin. -->","yoast_head_json":{"title":"R\u00e9servez votre journ\u00e9e, Ontario! &#8211; Marche pour Vaincre la SLA","robots":{"index":"index","follow":"follow","max-snippet":"max-snippet:-1","max-image-preview":"max-image-preview:large","max-video-preview":"max-video-preview:-1"},"canonical":"https:\/\/walktoendals.ca\/fr\/reservez-votre-journee-ontario\/","og_locale":"fr_FR","og_type":"article","og_title":"R\u00e9servez votre journ\u00e9e, Ontario! &#8211; Marche pour Vaincre la SLA","og_description":"La Marche pour vaincre la SLA a lieu dans les communaut\u00e9s de la province \u2014 serez-vous pr\u00e9sent? Notez la date et pr\u00e9parez-vous \u00e0 vous inscrire plus tard ce mois-ci! Alliston\u00a0| voir Simcoe County Barrie\u00a0| voir Simcoe County Belleville-Quinte\u00a0\u00a0|\u00a0 samedi 14 septembre 2019 Brampton\u00a0\u00a0|\u00a0 samedi 15 juin 2019 Brantford\u00a0\u00a0|\u00a0 samedi 21 septembre 2019 Cornwall\u00a0\u00a0|\u00a0 samedi 1 [&hellip;]","og_url":"https:\/\/walktoendals.ca\/fr\/reservez-votre-journee-ontario\/","og_site_name":"Marche pour Vaincre la SLA","article_modified_time":"2019-02-04T17:02:59+00:00","og_image":[{"url":"https:\/\/walktoendals.ca\/wp-content\/uploads\/2019\/01\/Walk_to_End_ALS_team_bike-1024x467.jpg","type":"","width":"","height":""}],"twitter_card":"summary_large_image","twitter_misc":{"Dur\u00e9e de lecture estim\u00e9e":"1 minute"},"schema":{"@context":"https:\/\/schema.org","@graph":[{"@type":"WebPage","@id":"https:\/\/walktoendals.ca\/fr\/reservez-votre-journee-ontario\/","url":"https:\/\/walktoendals.ca\/fr\/reservez-votre-journee-ontario\/","name":"R\u00e9servez votre journ\u00e9e, Ontario! &#8211; Marche pour Vaincre la SLA","isPartOf":{"@id":"https:\/\/walktoendals.ca\/fr\/#website"},"primaryImageOfPage":{"@id":"https:\/\/walktoendals.ca\/fr\/reservez-votre-journee-ontario\/#primaryimage"},"image":{"@id":"https:\/\/walktoendals.ca\/fr\/reservez-votre-journee-ontario\/#primaryimage"},"thumbnailUrl":"https:\/\/walktoendals.ca\/wp-content\/uploads\/2019\/01\/Walk_to_End_ALS_team_bike-1024x467.jpg","datePublished":"2019-02-01T00:42:26+00:00","dateModified":"2019-02-04T17:02:59+00:00","breadcrumb":{"@id":"https:\/\/walktoendals.ca\/fr\/reservez-votre-journee-ontario\/#breadcrumb"},"inLanguage":"fr-FR","potentialAction":[{"@type":"ReadAction","target":["https:\/\/walktoendals.ca\/fr\/reservez-votre-journee-ontario\/"]}]},{"@type":"ImageObject","inLanguage":"fr-FR","@id":"https:\/\/walktoendals.ca\/fr\/reservez-votre-journee-ontario\/#primaryimage","url":"https:\/\/walktoendals.ca\/wp-content\/uploads\/2019\/01\/Walk_to_End_ALS_team_bike-1024x467.jpg","contentUrl":"https:\/\/walktoendals.ca\/wp-content\/uploads\/2019\/01\/Walk_to_End_ALS_team_bike-1024x467.jpg"},{"@type":"BreadcrumbList","@id":"https:\/\/walktoendals.ca\/fr\/reservez-votre-journee-ontario\/#breadcrumb","itemListElement":[{"@type":"ListItem","position":1,"name":"Home","item":"https:\/\/walktoendals.ca\/fr\/"},{"@type":"ListItem","position":2,"name":"R\u00e9servez votre journ\u00e9e, Ontario!"}]},{"@type":"WebSite","@id":"https:\/\/walktoendals.ca\/fr\/#website","url":"https:\/\/walktoendals.ca\/fr\/","name":"Marche pour Vaincre la SLA","description":"Walk to End ALS is a fun, family friendly event that occurs across the country in more than 90 WALK\u2008locations\u2008across\u2008Canada. Join thousands of Canadians in the fight against ALS.","publisher":{"@id":"https:\/\/walktoendals.ca\/fr\/#organization"},"potentialAction":[{"@type":"SearchAction","target":{"@type":"EntryPoint","urlTemplate":"https:\/\/walktoendals.ca\/fr\/?s={search_term_string}"},"query-input":{"@type":"PropertyValueSpecification","valueRequired":true,"valueName":"search_term_string"}}],"inLanguage":"fr-FR"},{"@type":"Organization","@id":"https:\/\/walktoendals.ca\/fr\/#organization","name":"ALS Society of Canada","url":"https:\/\/walktoendals.ca\/fr\/","logo":{"@type":"ImageObject","inLanguage":"fr-FR","@id":"https:\/\/walktoendals.ca\/fr\/#\/schema\/logo\/image\/","url":"https:\/\/walktoendals.ca\/wp-content\/uploads\/2021\/01\/ALS-Logo-English-Canada.png","contentUrl":"https:\/\/walktoendals.ca\/wp-content\/uploads\/2021\/01\/ALS-Logo-English-Canada.png","width":1583,"height":1315,"caption":"ALS Society of Canada"},"image":{"@id":"https:\/\/walktoendals.ca\/fr\/#\/schema\/logo\/image\/"}}]}},"_links":{"self":[{"href":"https:\/\/walktoendals.ca\/fr\/wp-json\/wp\/v2\/pages\/1168","targetHints":{"allow":["GET"]}}],"collection":[{"href":"https:\/\/walktoendals.ca\/fr\/wp-json\/wp\/v2\/pages"}],"about":[{"href":"https:\/\/walktoendals.ca\/fr\/wp-json\/wp\/v2\/types\/page"}],"author":[{"embeddable":true,"href":"https:\/\/walktoendals.ca\/fr\/wp-json\/wp\/v2\/users\/22"}],"replies":[{"embeddable":true,"href":"https:\/\/walktoendals.ca\/fr\/wp-json\/wp\/v2\/comments?post=1168"}],"version-history":[{"count":10,"href":"https:\/\/walktoendals.ca\/fr\/wp-json\/wp\/v2\/pages\/1168\/revisions"}],"predecessor-version":[{"id":1222,"href":"https:\/\/walktoendals.ca\/fr\/wp-json\/wp\/v2\/pages\/1168\/revisions\/1222"}],"wp:attachment":[{"href":"https:\/\/walktoendals.ca\/fr\/wp-json\/wp\/v2\/media?parent=1168"}],"curies":[{"name":"wp","href":"https:\/\/api.w.org\/{rel}","templated":true}]}}