{"id":1171,"date":"2019-02-01T00:44:09","date_gmt":"2019-02-01T00:44:09","guid":{"rendered":"https:\/\/walktoendals.ca\/fr\/?page_id=1171"},"modified":"2019-02-25T15:05:25","modified_gmt":"2019-02-25T15:05:25","slug":"reservez-votre-journee-saskatchewan","status":"publish","type":"page","link":"https:\/\/walktoendals.ca\/fr\/reservez-votre-journee-saskatchewan\/","title":{"rendered":"R\u00e9servez votre journ\u00e9e, Saskatchewan!"},"content":{"rendered":"<p>Serez-vous pr\u00e9sent \u00e0 la Marche pour vaincre la SLA cette ann\u00e9e?<\/p>\n<p>Notez la date et pr\u00e9parez-vous \u00e0 vous inscrire plus tard ce mois-ci!<\/p>\n<p><strong>Carlyle<\/strong>\u00a0|\u00a0 samedi 27\u00a0juillet 2019<\/p>\n<p><strong>Regina<\/strong>\u00a0\u00a0|\u00a0 samedi 25 mai 2019<\/p>\n<p><strong>Saskatoon<\/strong>\u00a0\u00a0|\u00a0 dimanche 23\u00a0juin 2019<\/p>\n<p><img fetchpriority=\"high\" decoding=\"async\" class=\"alignnone size-large wp-image-1124\" src=\"https:\/\/walktoendals.ca\/wp-content\/uploads\/2019\/01\/Walk_to_End_ALS_team_bike-1024x467.jpg\" alt=\"\" width=\"1024\" height=\"467\" srcset=\"https:\/\/walktoendals.ca\/wp-content\/uploads\/2019\/01\/Walk_to_End_ALS_team_bike-1024x467.jpg 1024w, https:\/\/walktoendals.ca\/wp-content\/uploads\/2019\/01\/Walk_to_End_ALS_team_bike-300x137.jpg 300w, https:\/\/walktoendals.ca\/wp-content\/uploads\/2019\/01\/Walk_to_End_ALS_team_bike.jpg 1481w\" sizes=\"(max-width: 1024px) 100vw, 1024px\" \/><\/p>\n","protected":false},"excerpt":{"rendered":"<p>Serez-vous pr\u00e9sent \u00e0 la Marche pour vaincre la SLA cette ann\u00e9e? Notez la date et pr\u00e9parez-vous \u00e0 vous inscrire plus tard ce mois-ci! Carlyle\u00a0|\u00a0 samedi 27\u00a0juillet 2019 Regina\u00a0\u00a0|\u00a0 samedi 25 mai 2019 Saskatoon\u00a0\u00a0|\u00a0 dimanche 23\u00a0juin 2019<\/p>\n","protected":false},"author":22,"featured_media":0,"parent":0,"menu_order":0,"comment_status":"closed","ping_status":"closed","template":"","meta":{"footnotes":""},"class_list":["post-1171","page","type-page","status-publish","hentry"],"yoast_head":"<!-- This site is optimized with the Yoast SEO plugin v27.2 - https:\/\/yoast.com\/product\/yoast-seo-wordpress\/ -->\n<title>R\u00e9servez votre journ\u00e9e, Saskatchewan! &#8211; Marche pour Vaincre la SLA<\/title>\n<meta name=\"robots\" content=\"index, follow, max-snippet:-1, max-image-preview:large, max-video-preview:-1\" \/>\n<link rel=\"canonical\" href=\"https:\/\/walktoendals.ca\/fr\/reservez-votre-journee-saskatchewan\/\" \/>\n<meta property=\"og:locale\" content=\"fr_FR\" \/>\n<meta property=\"og:type\" content=\"article\" \/>\n<meta property=\"og:title\" content=\"R\u00e9servez votre journ\u00e9e, Saskatchewan! &#8211; Marche pour Vaincre la SLA\" \/>\n<meta property=\"og:description\" content=\"Serez-vous pr\u00e9sent \u00e0 la Marche pour vaincre la SLA cette ann\u00e9e? Notez la date et pr\u00e9parez-vous \u00e0 vous inscrire plus tard ce mois-ci! Carlyle\u00a0|\u00a0 samedi 27\u00a0juillet 2019 Regina\u00a0\u00a0|\u00a0 samedi 25 mai 2019 Saskatoon\u00a0\u00a0|\u00a0 dimanche 23\u00a0juin 2019\" \/>\n<meta property=\"og:url\" content=\"https:\/\/walktoendals.ca\/fr\/reservez-votre-journee-saskatchewan\/\" \/>\n<meta property=\"og:site_name\" content=\"Marche pour Vaincre la SLA\" \/>\n<meta property=\"article:modified_time\" content=\"2019-02-25T15:05:25+00:00\" \/>\n<meta property=\"og:image\" content=\"https:\/\/walktoendals.ca\/wp-content\/uploads\/2019\/01\/Walk_to_End_ALS_team_bike-1024x467.jpg\" \/>\n<meta name=\"twitter:card\" content=\"summary_large_image\" \/>\n<script type=\"application\/ld+json\" class=\"yoast-schema-graph\">{\"@context\":\"https:\/\/schema.org\",\"@graph\":[{\"@type\":\"WebPage\",\"@id\":\"https:\/\/walktoendals.ca\/fr\/reservez-votre-journee-saskatchewan\/\",\"url\":\"https:\/\/walktoendals.ca\/fr\/reservez-votre-journee-saskatchewan\/\",\"name\":\"R\u00e9servez votre journ\u00e9e, Saskatchewan! &#8211; Marche pour Vaincre la SLA\",\"isPartOf\":{\"@id\":\"https:\/\/walktoendals.ca\/fr\/#website\"},\"primaryImageOfPage\":{\"@id\":\"https:\/\/walktoendals.ca\/fr\/reservez-votre-journee-saskatchewan\/#primaryimage\"},\"image\":{\"@id\":\"https:\/\/walktoendals.ca\/fr\/reservez-votre-journee-saskatchewan\/#primaryimage\"},\"thumbnailUrl\":\"https:\/\/walktoendals.ca\/wp-content\/uploads\/2019\/01\/Walk_to_End_ALS_team_bike-1024x467.jpg\",\"datePublished\":\"2019-02-01T00:44:09+00:00\",\"dateModified\":\"2019-02-25T15:05:25+00:00\",\"breadcrumb\":{\"@id\":\"https:\/\/walktoendals.ca\/fr\/reservez-votre-journee-saskatchewan\/#breadcrumb\"},\"inLanguage\":\"fr-FR\",\"potentialAction\":[{\"@type\":\"ReadAction\",\"target\":[\"https:\/\/walktoendals.ca\/fr\/reservez-votre-journee-saskatchewan\/\"]}]},{\"@type\":\"ImageObject\",\"inLanguage\":\"fr-FR\",\"@id\":\"https:\/\/walktoendals.ca\/fr\/reservez-votre-journee-saskatchewan\/#primaryimage\",\"url\":\"https:\/\/walktoendals.ca\/wp-content\/uploads\/2019\/01\/Walk_to_End_ALS_team_bike-1024x467.jpg\",\"contentUrl\":\"https:\/\/walktoendals.ca\/wp-content\/uploads\/2019\/01\/Walk_to_End_ALS_team_bike-1024x467.jpg\"},{\"@type\":\"BreadcrumbList\",\"@id\":\"https:\/\/walktoendals.ca\/fr\/reservez-votre-journee-saskatchewan\/#breadcrumb\",\"itemListElement\":[{\"@type\":\"ListItem\",\"position\":1,\"name\":\"Home\",\"item\":\"https:\/\/walktoendals.ca\/fr\/\"},{\"@type\":\"ListItem\",\"position\":2,\"name\":\"R\u00e9servez votre journ\u00e9e, Saskatchewan!\"}]},{\"@type\":\"WebSite\",\"@id\":\"https:\/\/walktoendals.ca\/fr\/#website\",\"url\":\"https:\/\/walktoendals.ca\/fr\/\",\"name\":\"Marche pour Vaincre la SLA\",\"description\":\"Walk to End ALS is a fun, family friendly event that occurs across the country in more than 90 WALK\u2008locations\u2008across\u2008Canada. Join thousands of Canadians in the fight against ALS.\",\"publisher\":{\"@id\":\"https:\/\/walktoendals.ca\/fr\/#organization\"},\"potentialAction\":[{\"@type\":\"SearchAction\",\"target\":{\"@type\":\"EntryPoint\",\"urlTemplate\":\"https:\/\/walktoendals.ca\/fr\/?s={search_term_string}\"},\"query-input\":{\"@type\":\"PropertyValueSpecification\",\"valueRequired\":true,\"valueName\":\"search_term_string\"}}],\"inLanguage\":\"fr-FR\"},{\"@type\":\"Organization\",\"@id\":\"https:\/\/walktoendals.ca\/fr\/#organization\",\"name\":\"ALS Society of Canada\",\"url\":\"https:\/\/walktoendals.ca\/fr\/\",\"logo\":{\"@type\":\"ImageObject\",\"inLanguage\":\"fr-FR\",\"@id\":\"https:\/\/walktoendals.ca\/fr\/#\/schema\/logo\/image\/\",\"url\":\"https:\/\/walktoendals.ca\/wp-content\/uploads\/2021\/01\/ALS-Logo-English-Canada.png\",\"contentUrl\":\"https:\/\/walktoendals.ca\/wp-content\/uploads\/2021\/01\/ALS-Logo-English-Canada.png\",\"width\":1583,\"height\":1315,\"caption\":\"ALS Society of Canada\"},\"image\":{\"@id\":\"https:\/\/walktoendals.ca\/fr\/#\/schema\/logo\/image\/\"}}]}<\/script>\n<!-- \/ Yoast SEO plugin. -->","yoast_head_json":{"title":"R\u00e9servez votre journ\u00e9e, Saskatchewan! &#8211; Marche pour Vaincre la SLA","robots":{"index":"index","follow":"follow","max-snippet":"max-snippet:-1","max-image-preview":"max-image-preview:large","max-video-preview":"max-video-preview:-1"},"canonical":"https:\/\/walktoendals.ca\/fr\/reservez-votre-journee-saskatchewan\/","og_locale":"fr_FR","og_type":"article","og_title":"R\u00e9servez votre journ\u00e9e, Saskatchewan! &#8211; Marche pour Vaincre la SLA","og_description":"Serez-vous pr\u00e9sent \u00e0 la Marche pour vaincre la SLA cette ann\u00e9e? Notez la date et pr\u00e9parez-vous \u00e0 vous inscrire plus tard ce mois-ci! Carlyle\u00a0|\u00a0 samedi 27\u00a0juillet 2019 Regina\u00a0\u00a0|\u00a0 samedi 25 mai 2019 Saskatoon\u00a0\u00a0|\u00a0 dimanche 23\u00a0juin 2019","og_url":"https:\/\/walktoendals.ca\/fr\/reservez-votre-journee-saskatchewan\/","og_site_name":"Marche pour Vaincre la SLA","article_modified_time":"2019-02-25T15:05:25+00:00","og_image":[{"url":"https:\/\/walktoendals.ca\/wp-content\/uploads\/2019\/01\/Walk_to_End_ALS_team_bike-1024x467.jpg","type":"","width":"","height":""}],"twitter_card":"summary_large_image","schema":{"@context":"https:\/\/schema.org","@graph":[{"@type":"WebPage","@id":"https:\/\/walktoendals.ca\/fr\/reservez-votre-journee-saskatchewan\/","url":"https:\/\/walktoendals.ca\/fr\/reservez-votre-journee-saskatchewan\/","name":"R\u00e9servez votre journ\u00e9e, Saskatchewan! &#8211; Marche pour Vaincre la SLA","isPartOf":{"@id":"https:\/\/walktoendals.ca\/fr\/#website"},"primaryImageOfPage":{"@id":"https:\/\/walktoendals.ca\/fr\/reservez-votre-journee-saskatchewan\/#primaryimage"},"image":{"@id":"https:\/\/walktoendals.ca\/fr\/reservez-votre-journee-saskatchewan\/#primaryimage"},"thumbnailUrl":"https:\/\/walktoendals.ca\/wp-content\/uploads\/2019\/01\/Walk_to_End_ALS_team_bike-1024x467.jpg","datePublished":"2019-02-01T00:44:09+00:00","dateModified":"2019-02-25T15:05:25+00:00","breadcrumb":{"@id":"https:\/\/walktoendals.ca\/fr\/reservez-votre-journee-saskatchewan\/#breadcrumb"},"inLanguage":"fr-FR","potentialAction":[{"@type":"ReadAction","target":["https:\/\/walktoendals.ca\/fr\/reservez-votre-journee-saskatchewan\/"]}]},{"@type":"ImageObject","inLanguage":"fr-FR","@id":"https:\/\/walktoendals.ca\/fr\/reservez-votre-journee-saskatchewan\/#primaryimage","url":"https:\/\/walktoendals.ca\/wp-content\/uploads\/2019\/01\/Walk_to_End_ALS_team_bike-1024x467.jpg","contentUrl":"https:\/\/walktoendals.ca\/wp-content\/uploads\/2019\/01\/Walk_to_End_ALS_team_bike-1024x467.jpg"},{"@type":"BreadcrumbList","@id":"https:\/\/walktoendals.ca\/fr\/reservez-votre-journee-saskatchewan\/#breadcrumb","itemListElement":[{"@type":"ListItem","position":1,"name":"Home","item":"https:\/\/walktoendals.ca\/fr\/"},{"@type":"ListItem","position":2,"name":"R\u00e9servez votre journ\u00e9e, Saskatchewan!"}]},{"@type":"WebSite","@id":"https:\/\/walktoendals.ca\/fr\/#website","url":"https:\/\/walktoendals.ca\/fr\/","name":"Marche pour Vaincre la SLA","description":"Walk to End ALS is a fun, family friendly event that occurs across the country in more than 90 WALK\u2008locations\u2008across\u2008Canada. Join thousands of Canadians in the fight against ALS.","publisher":{"@id":"https:\/\/walktoendals.ca\/fr\/#organization"},"potentialAction":[{"@type":"SearchAction","target":{"@type":"EntryPoint","urlTemplate":"https:\/\/walktoendals.ca\/fr\/?s={search_term_string}"},"query-input":{"@type":"PropertyValueSpecification","valueRequired":true,"valueName":"search_term_string"}}],"inLanguage":"fr-FR"},{"@type":"Organization","@id":"https:\/\/walktoendals.ca\/fr\/#organization","name":"ALS Society of Canada","url":"https:\/\/walktoendals.ca\/fr\/","logo":{"@type":"ImageObject","inLanguage":"fr-FR","@id":"https:\/\/walktoendals.ca\/fr\/#\/schema\/logo\/image\/","url":"https:\/\/walktoendals.ca\/wp-content\/uploads\/2021\/01\/ALS-Logo-English-Canada.png","contentUrl":"https:\/\/walktoendals.ca\/wp-content\/uploads\/2021\/01\/ALS-Logo-English-Canada.png","width":1583,"height":1315,"caption":"ALS Society of Canada"},"image":{"@id":"https:\/\/walktoendals.ca\/fr\/#\/schema\/logo\/image\/"}}]}},"_links":{"self":[{"href":"https:\/\/walktoendals.ca\/fr\/wp-json\/wp\/v2\/pages\/1171","targetHints":{"allow":["GET"]}}],"collection":[{"href":"https:\/\/walktoendals.ca\/fr\/wp-json\/wp\/v2\/pages"}],"about":[{"href":"https:\/\/walktoendals.ca\/fr\/wp-json\/wp\/v2\/types\/page"}],"author":[{"embeddable":true,"href":"https:\/\/walktoendals.ca\/fr\/wp-json\/wp\/v2\/users\/22"}],"replies":[{"embeddable":true,"href":"https:\/\/walktoendals.ca\/fr\/wp-json\/wp\/v2\/comments?post=1171"}],"version-history":[{"count":6,"href":"https:\/\/walktoendals.ca\/fr\/wp-json\/wp\/v2\/pages\/1171\/revisions"}],"predecessor-version":[{"id":1302,"href":"https:\/\/walktoendals.ca\/fr\/wp-json\/wp\/v2\/pages\/1171\/revisions\/1302"}],"wp:attachment":[{"href":"https:\/\/walktoendals.ca\/fr\/wp-json\/wp\/v2\/media?parent=1171"}],"curies":[{"name":"wp","href":"https:\/\/api.w.org\/{rel}","templated":true}]}}