{"id":156,"date":"2016-01-26T21:07:08","date_gmt":"2016-01-26T21:07:08","guid":{"rendered":"https:\/\/walktoendals.ca\/fr\/?page_id=156"},"modified":"2016-02-05T19:07:55","modified_gmt":"2016-02-05T19:07:55","slug":"politique-de-confidentialite","status":"publish","type":"page","link":"https:\/\/walktoendals.ca\/fr\/politique-de-confidentialite\/","title":{"rendered":"Politique de confidentialite\u0301"},"content":{"rendered":"<p><strong>Nous prot\u00e9geons votre vie priv\u00e9e<\/strong><br \/>\nLa Soci\u00e9t\u00e9 canadienne de la SLA reconna\u00eet votre droit \u00e0 la vie priv\u00e9e et s&rsquo;engage \u00e0 la prot\u00e9ger. La Soci\u00e9t\u00e9 canadienne de la SLA conna\u00eet ses responsabilit\u00e9s en vertu de la Loi sur la protection des renseignements personnels et les documents \u00e9lectroniques (LPRPDE) f\u00e9d\u00e9rale.<\/p>\n<p><strong>Renseignements recueillis<\/strong><br \/>\nLorsque vous visitez notre site Web, notre serveur Web enregistre automatiquement le nom du domaine et les renseignements g\u00e9n\u00e9raux ayant trait au syst\u00e8me d&rsquo;exploitation et au navigateur Web que vous utilisez, tel que fourni par votre navigateur Web. Ces renseignements sont utilis\u00e9s \u00e0 des fins statistiques afin de nous aider \u00e0 g\u00e9rer notre site, mais ils ne vous identifient d&rsquo;aucune fa\u00e7on.<br \/>\nNous ne recueillons des renseignements personnels vous concernant que si vous les partagez dans un sondage, dans le livre des visiteurs, en vous inscrivant ailleurs dans le site ou en faisant un don. Nous pourrions utiliser ces renseignements pour communiquer avec vous \u00e0 des fins de soutien et pour r\u00e9pondre aux questions que vous envoyez au site. Tous les renseignements demeurent confidentiels.<br \/>\nSi vous nous donnez votre adresse postale en ligne, vous pourriez recevoir des envois postaux p\u00e9riodiques de notre part vous informant de nos nouveaux programmes et services, ou de nos \u00e9v\u00e9nements \u00e0 venir, si vous nous autorisez \u00e0 communiquer avec vous.<br \/>\nSi vous ne d\u00e9sirez pas recevoir de tels envois postaux, veuillez nous en informer par t\u00e9l\u00e9phone, aux num\u00e9ros ci-dessous, ou par courrier, \u00e0 l&rsquo;adresse ci-dessous. Veuillez nous fournir vos nom et adresse exacts. Nous retirerons ensuite votre nom de notre liste confidentielle.<\/p>\n<p><strong>Renseignements relatifs aux dons<\/strong><br \/>\nLa Soci\u00e9t\u00e9 de la scl\u00e9rose lat\u00e9rale amyotrophique utilise la technologie de cryptage Secure Socket Layer (SSL) afin d&rsquo;assurer l&rsquo;int\u00e9grit\u00e9 et la confidentialit\u00e9 des renseignements personnels et des renseignements relatifs aux cartes de cr\u00e9dit que vous nos transmettez lorsque vous faites un don en ligne ou vous inscrivez \u00e0 un \u00e9v\u00e9nement.<br \/>\nNous tenons un registre de toutes les contributions \u00e0 la Soci\u00e9t\u00e9 canadienne de la SLA. Tous les renseignements demeurent strictement confidentiels. Ils sont conserv\u00e9s dans un endroit s\u00e9curis\u00e9 dont l&rsquo;acc\u00e8s est exclusivement r\u00e9serv\u00e9 au personnel autoris\u00e9.<br \/>\nSi vous souhaitez obtenir plus de renseignements au sujet de la politique de confidentialit\u00e9 de la Soci\u00e9t\u00e9 canadienne de la SLA, veuillez communiquer avec la directrice des communications\u00a0 \u00e0 Toronto au num\u00e9ro de t\u00e9l\u00e9phone ou \u00e0 l&rsquo;adresse ci-dessous.<\/p>\n<p><strong>Avis de non-responsabilit\u00e9<\/strong><br \/>\nLa Soci\u00e9t\u00e9 canadienne de la SLA est le seul organisme national b\u00e9n\u00e9vole au Canada qui soutient la recherche sur la SLA et offre des services aux personnes atteintes de la SLA et \u00e0 leurs familles. Elle est une importante source de renseignements sur la scl\u00e9rose lat\u00e9rale amyotrophique fond\u00e9s sur l&rsquo;avis de professionnels, la litt\u00e9rature et l&rsquo;opinion d&rsquo;experts. Toutefois, ceux-ci ne repr\u00e9sentent aucunement des recommandations ou prescriptions m\u00e9dicales. Les opinions exprim\u00e9es ne repr\u00e9sentent pas n\u00e9cessairement celles de la Soci\u00e9t\u00e9 canadienne de la SLA. Veuillez consulter votre m\u00e9decin personnel pour obtenir des renseignements et des conseils pr\u00e9cis.<br \/>\nLa Soci\u00e9t\u00e9 canadienne de la SLA est un organisme b\u00e9n\u00e9vole ind\u00e9pendant dans le domaine de la sant\u00e9. Elle n&rsquo;approuve ni ne recommande aucun produit ou traitement particulier, mais offre des renseignements afin que les individus puissent prendre leurs propres d\u00e9cisions.<\/p>\n<p>Toute r\u00e9f\u00e9rence \u00e0 un produit, un proc\u00e9d\u00e9, un service ou une entreprise, qu&rsquo;il soit commercial ou non, ne constitue pas une approbation ou une recommandation de la Soci\u00e9t\u00e9 canadienne de la SLA. La Soci\u00e9t\u00e9 canadienne de la SLA n&rsquo;approuve ni ne recommande aucun produit, service ou fabricant. La Soci\u00e9t\u00e9 canadienne de la SLA n&rsquo;assume aucune responsabilit\u00e9 quant \u00e0 l&rsquo;utilisation ou au contenu des produits ou des services mentionn\u00e9s.<\/p>\n<p>La Soci\u00e9t\u00e9 canadienne de la SLA n&rsquo;est pas responsable du contenu de tout renseignement offert dans un site Internet externe mentionn\u00e9 ou plac\u00e9 en renvoi par hyperlien dans le site Internet de la Soci\u00e9t\u00e9 canadienne de la SLA. L&rsquo;inclusion d&rsquo;un lien quelconque ne signifie pas que la Soci\u00e9t\u00e9 canadienne de la SLA appuie ce site Web.\u00a0 L&rsquo;utilisation de l&rsquo;un de ces sites Web tiers se fait aux risques de l&rsquo;utilisateur.<\/p>\n<p><strong>Coordonn\u00e9es<\/strong><br \/>\nLe pr\u00e9sent site Web appartient \u00e0 la Soci\u00e9t\u00e9 canadienne de la SLA : www.als.ca<br \/>\nNotre adresse postale :<br \/>\nSoci\u00e9t\u00e9 canadienne de la SLA<br \/>\n3000, avenue Steeles Est, bureau 200<br \/>\nMarkham (Ontario)\u00a0\u00a0 L3R 4T9<\/p>\n<p>Vous pouvez nous joindre par t\u00e9l\u00e9phone au 905 248-2052.<br \/>\nVous pouvez joindre la Soci\u00e9t\u00e9 canadienne de la SLA sans frais au 1-800-267-4ALS (4257).<br \/>\nEn utilisant le site Web, vous consentez aux pr\u00e9sentes modalit\u00e9s d&rsquo;utilisation. Si vous n\u2019acceptez pas toutes ces modalit\u00e9s, n&rsquo;utilisez pas ce site.<\/p>\n","protected":false},"excerpt":{"rendered":"<p>Nous prot\u00e9geons votre vie priv\u00e9e La Soci\u00e9t\u00e9 canadienne de la SLA reconna\u00eet votre droit \u00e0 la vie priv\u00e9e et s&rsquo;engage \u00e0 la prot\u00e9ger. La Soci\u00e9t\u00e9 canadienne de la SLA conna\u00eet ses responsabilit\u00e9s en vertu de la Loi sur la protection des renseignements personnels et les documents \u00e9lectroniques (LPRPDE) f\u00e9d\u00e9rale. Renseignements recueillis Lorsque vous visitez notre [&hellip;]<\/p>\n","protected":false},"author":9,"featured_media":0,"parent":0,"menu_order":0,"comment_status":"closed","ping_status":"closed","template":"","meta":{"footnotes":""},"class_list":["post-156","page","type-page","status-publish","hentry"],"yoast_head":"<!-- This site is optimized with the Yoast SEO plugin v27.2 - https:\/\/yoast.com\/product\/yoast-seo-wordpress\/ -->\n<title>Politique de confidentialite\u0301 &#8211; Marche pour Vaincre la SLA<\/title>\n<meta name=\"robots\" content=\"index, follow, max-snippet:-1, max-image-preview:large, max-video-preview:-1\" \/>\n<link rel=\"canonical\" href=\"https:\/\/walktoendals.ca\/fr\/politique-de-confidentialite\/\" \/>\n<meta property=\"og:locale\" content=\"fr_FR\" \/>\n<meta property=\"og:type\" content=\"article\" \/>\n<meta property=\"og:title\" content=\"Politique de confidentialite\u0301 &#8211; Marche pour Vaincre la SLA\" \/>\n<meta property=\"og:description\" content=\"Nous prot\u00e9geons votre vie priv\u00e9e La Soci\u00e9t\u00e9 canadienne de la SLA reconna\u00eet votre droit \u00e0 la vie priv\u00e9e et s&rsquo;engage \u00e0 la prot\u00e9ger. La Soci\u00e9t\u00e9 canadienne de la SLA conna\u00eet ses responsabilit\u00e9s en vertu de la Loi sur la protection des renseignements personnels et les documents \u00e9lectroniques (LPRPDE) f\u00e9d\u00e9rale. Renseignements recueillis Lorsque vous visitez notre [&hellip;]\" \/>\n<meta property=\"og:url\" content=\"https:\/\/walktoendals.ca\/fr\/politique-de-confidentialite\/\" \/>\n<meta property=\"og:site_name\" content=\"Marche pour Vaincre la SLA\" \/>\n<meta property=\"article:modified_time\" content=\"2016-02-05T19:07:55+00:00\" \/>\n<meta name=\"twitter:card\" content=\"summary_large_image\" \/>\n<meta name=\"twitter:label1\" content=\"Dur\u00e9e de lecture estim\u00e9e\" \/>\n\t<meta name=\"twitter:data1\" content=\"4 minutes\" \/>\n<script type=\"application\/ld+json\" class=\"yoast-schema-graph\">{\"@context\":\"https:\/\/schema.org\",\"@graph\":[{\"@type\":\"WebPage\",\"@id\":\"https:\/\/walktoendals.ca\/fr\/politique-de-confidentialite\/\",\"url\":\"https:\/\/walktoendals.ca\/fr\/politique-de-confidentialite\/\",\"name\":\"Politique de confidentialite\u0301 &#8211; Marche pour Vaincre la SLA\",\"isPartOf\":{\"@id\":\"https:\/\/walktoendals.ca\/fr\/#website\"},\"datePublished\":\"2016-01-26T21:07:08+00:00\",\"dateModified\":\"2016-02-05T19:07:55+00:00\",\"breadcrumb\":{\"@id\":\"https:\/\/walktoendals.ca\/fr\/politique-de-confidentialite\/#breadcrumb\"},\"inLanguage\":\"fr-FR\",\"potentialAction\":[{\"@type\":\"ReadAction\",\"target\":[\"https:\/\/walktoendals.ca\/fr\/politique-de-confidentialite\/\"]}]},{\"@type\":\"BreadcrumbList\",\"@id\":\"https:\/\/walktoendals.ca\/fr\/politique-de-confidentialite\/#breadcrumb\",\"itemListElement\":[{\"@type\":\"ListItem\",\"position\":1,\"name\":\"Home\",\"item\":\"https:\/\/walktoendals.ca\/fr\/\"},{\"@type\":\"ListItem\",\"position\":2,\"name\":\"Politique de confidentialite\u0301\"}]},{\"@type\":\"WebSite\",\"@id\":\"https:\/\/walktoendals.ca\/fr\/#website\",\"url\":\"https:\/\/walktoendals.ca\/fr\/\",\"name\":\"Marche pour Vaincre la SLA\",\"description\":\"Walk to End ALS is a fun, family friendly event that occurs across the country in more than 90 WALK\u2008locations\u2008across\u2008Canada. Join thousands of Canadians in the fight against ALS.\",\"publisher\":{\"@id\":\"https:\/\/walktoendals.ca\/fr\/#organization\"},\"potentialAction\":[{\"@type\":\"SearchAction\",\"target\":{\"@type\":\"EntryPoint\",\"urlTemplate\":\"https:\/\/walktoendals.ca\/fr\/?s={search_term_string}\"},\"query-input\":{\"@type\":\"PropertyValueSpecification\",\"valueRequired\":true,\"valueName\":\"search_term_string\"}}],\"inLanguage\":\"fr-FR\"},{\"@type\":\"Organization\",\"@id\":\"https:\/\/walktoendals.ca\/fr\/#organization\",\"name\":\"ALS Society of Canada\",\"url\":\"https:\/\/walktoendals.ca\/fr\/\",\"logo\":{\"@type\":\"ImageObject\",\"inLanguage\":\"fr-FR\",\"@id\":\"https:\/\/walktoendals.ca\/fr\/#\/schema\/logo\/image\/\",\"url\":\"https:\/\/walktoendals.ca\/wp-content\/uploads\/2021\/01\/ALS-Logo-English-Canada.png\",\"contentUrl\":\"https:\/\/walktoendals.ca\/wp-content\/uploads\/2021\/01\/ALS-Logo-English-Canada.png\",\"width\":1583,\"height\":1315,\"caption\":\"ALS Society of Canada\"},\"image\":{\"@id\":\"https:\/\/walktoendals.ca\/fr\/#\/schema\/logo\/image\/\"}}]}<\/script>\n<!-- \/ Yoast SEO plugin. -->","yoast_head_json":{"title":"Politique de confidentialite\u0301 &#8211; Marche pour Vaincre la SLA","robots":{"index":"index","follow":"follow","max-snippet":"max-snippet:-1","max-image-preview":"max-image-preview:large","max-video-preview":"max-video-preview:-1"},"canonical":"https:\/\/walktoendals.ca\/fr\/politique-de-confidentialite\/","og_locale":"fr_FR","og_type":"article","og_title":"Politique de confidentialite\u0301 &#8211; Marche pour Vaincre la SLA","og_description":"Nous prot\u00e9geons votre vie priv\u00e9e La Soci\u00e9t\u00e9 canadienne de la SLA reconna\u00eet votre droit \u00e0 la vie priv\u00e9e et s&rsquo;engage \u00e0 la prot\u00e9ger. La Soci\u00e9t\u00e9 canadienne de la SLA conna\u00eet ses responsabilit\u00e9s en vertu de la Loi sur la protection des renseignements personnels et les documents \u00e9lectroniques (LPRPDE) f\u00e9d\u00e9rale. Renseignements recueillis Lorsque vous visitez notre [&hellip;]","og_url":"https:\/\/walktoendals.ca\/fr\/politique-de-confidentialite\/","og_site_name":"Marche pour Vaincre la SLA","article_modified_time":"2016-02-05T19:07:55+00:00","twitter_card":"summary_large_image","twitter_misc":{"Dur\u00e9e de lecture estim\u00e9e":"4 minutes"},"schema":{"@context":"https:\/\/schema.org","@graph":[{"@type":"WebPage","@id":"https:\/\/walktoendals.ca\/fr\/politique-de-confidentialite\/","url":"https:\/\/walktoendals.ca\/fr\/politique-de-confidentialite\/","name":"Politique de confidentialite\u0301 &#8211; Marche pour Vaincre la SLA","isPartOf":{"@id":"https:\/\/walktoendals.ca\/fr\/#website"},"datePublished":"2016-01-26T21:07:08+00:00","dateModified":"2016-02-05T19:07:55+00:00","breadcrumb":{"@id":"https:\/\/walktoendals.ca\/fr\/politique-de-confidentialite\/#breadcrumb"},"inLanguage":"fr-FR","potentialAction":[{"@type":"ReadAction","target":["https:\/\/walktoendals.ca\/fr\/politique-de-confidentialite\/"]}]},{"@type":"BreadcrumbList","@id":"https:\/\/walktoendals.ca\/fr\/politique-de-confidentialite\/#breadcrumb","itemListElement":[{"@type":"ListItem","position":1,"name":"Home","item":"https:\/\/walktoendals.ca\/fr\/"},{"@type":"ListItem","position":2,"name":"Politique de confidentialite\u0301"}]},{"@type":"WebSite","@id":"https:\/\/walktoendals.ca\/fr\/#website","url":"https:\/\/walktoendals.ca\/fr\/","name":"Marche pour Vaincre la SLA","description":"Walk to End ALS is a fun, family friendly event that occurs across the country in more than 90 WALK\u2008locations\u2008across\u2008Canada. Join thousands of Canadians in the fight against ALS.","publisher":{"@id":"https:\/\/walktoendals.ca\/fr\/#organization"},"potentialAction":[{"@type":"SearchAction","target":{"@type":"EntryPoint","urlTemplate":"https:\/\/walktoendals.ca\/fr\/?s={search_term_string}"},"query-input":{"@type":"PropertyValueSpecification","valueRequired":true,"valueName":"search_term_string"}}],"inLanguage":"fr-FR"},{"@type":"Organization","@id":"https:\/\/walktoendals.ca\/fr\/#organization","name":"ALS Society of Canada","url":"https:\/\/walktoendals.ca\/fr\/","logo":{"@type":"ImageObject","inLanguage":"fr-FR","@id":"https:\/\/walktoendals.ca\/fr\/#\/schema\/logo\/image\/","url":"https:\/\/walktoendals.ca\/wp-content\/uploads\/2021\/01\/ALS-Logo-English-Canada.png","contentUrl":"https:\/\/walktoendals.ca\/wp-content\/uploads\/2021\/01\/ALS-Logo-English-Canada.png","width":1583,"height":1315,"caption":"ALS Society of Canada"},"image":{"@id":"https:\/\/walktoendals.ca\/fr\/#\/schema\/logo\/image\/"}}]}},"_links":{"self":[{"href":"https:\/\/walktoendals.ca\/fr\/wp-json\/wp\/v2\/pages\/156","targetHints":{"allow":["GET"]}}],"collection":[{"href":"https:\/\/walktoendals.ca\/fr\/wp-json\/wp\/v2\/pages"}],"about":[{"href":"https:\/\/walktoendals.ca\/fr\/wp-json\/wp\/v2\/types\/page"}],"author":[{"embeddable":true,"href":"https:\/\/walktoendals.ca\/fr\/wp-json\/wp\/v2\/users\/9"}],"replies":[{"embeddable":true,"href":"https:\/\/walktoendals.ca\/fr\/wp-json\/wp\/v2\/comments?post=156"}],"version-history":[{"count":3,"href":"https:\/\/walktoendals.ca\/fr\/wp-json\/wp\/v2\/pages\/156\/revisions"}],"predecessor-version":[{"id":355,"href":"https:\/\/walktoendals.ca\/fr\/wp-json\/wp\/v2\/pages\/156\/revisions\/355"}],"wp:attachment":[{"href":"https:\/\/walktoendals.ca\/fr\/wp-json\/wp\/v2\/media?parent=156"}],"curies":[{"name":"wp","href":"https:\/\/api.w.org\/{rel}","templated":true}]}}