{"id":158,"date":"2016-01-26T21:07:26","date_gmt":"2016-01-26T21:07:26","guid":{"rendered":"https:\/\/walktoendals.ca\/fr\/?page_id=158"},"modified":"2016-02-01T15:54:53","modified_gmt":"2016-02-01T15:54:53","slug":"plan-du-site","status":"publish","type":"page","link":"https:\/\/walktoendals.ca\/fr\/plan-du-site\/","title":{"rendered":"Plan du site"},"content":{"rendered":"<div class=\"wsp-container\"><h2 class=\"wsp-pages-title\">Pages<\/h2>\n<ul class=\"wsp-pages-list\">\n<li class=\"page_item page-item-131\"><a href=\"https:\/\/walktoendals.ca\/fr\/a-propos-de-la-marche\/\">A\u0300 propos<\/a><\/li>\n<li class=\"page_item page-item-2018\"><a href=\"https:\/\/walktoendals.ca\/fr\/marche-virtuelle\/\">Bienvenue<\/a><\/li>\n<li class=\"page_item page-item-1062\"><a href=\"https:\/\/walktoendals.ca\/fr\/sponsorship-translation\/\">Commandite<\/a><\/li>\n<li class=\"page_item page-item-202\"><a href=\"https:\/\/walktoendals.ca\/fr\/ile-du-prince-edouard2022\/\">\u00cele-du-Prince-\u00c9douard<\/a><\/li>\n<li class=\"page_item page-item-162\"><a href=\"https:\/\/walktoendals.ca\/fr\/\">La Marche pour vaincre la SLA<\/a><\/li>\n<li class=\"page_item page-item-191\"><a href=\"https:\/\/walktoendals.ca\/fr\/manitoba2022\/\">Manitoba2022<\/a><\/li>\n<li class=\"page_item page-item-1761\"><a href=\"https:\/\/walktoendals.ca\/fr\/mur-dhonneur-virtuel\/\">Mur d&rsquo;honneur virtuel<\/a><\/li>\n<li class=\"page_item page-item-149\"><a href=\"https:\/\/walktoendals.ca\/fr\/nous-joindre\/\">Nous joindre<\/a><\/li>\n<li class=\"page_item page-item-199 page_item_has_children\"><a href=\"https:\/\/walktoendals.ca\/fr\/ontario2022\/\">Ontario<\/a>\n<ul class='children'>\n\t<li class=\"page_item page-item-681\"><a href=\"https:\/\/walktoendals.ca\/fr\/ontario2022\/obtenez-des-recompenses\/\">Gagnez des r\u00e9compenses pour la collecte de fonds<\/a><\/li>\n\t<li class=\"page_item page-item-1875\"><a href=\"https:\/\/walktoendals.ca\/fr\/ontario2022\/renonciation\/\">Renonciation et d\u00e9charge<\/a><\/li>\n<\/ul>\n<\/li>\n<li class=\"page_item page-item-2595\"><a href=\"https:\/\/walktoendals.ca\/fr\/outils-et-ressources\/\">Outils et ressources<\/a><\/li>\n<li class=\"page_item page-item-125 page_item_has_children\"><a href=\"https:\/\/walktoendals.ca\/fr\/participez-ou-donnez\/\">Participez ou donnez<\/a>\n<ul class='children'>\n\t<li class=\"page_item page-item-2633 page_item_has_children\"><a href=\"https:\/\/walktoendals.ca\/fr\/participez-ou-donnez\/ontario\/\">Ontario<\/a>\n\t<ul class='children'>\n\t\t<li class=\"page_item page-item-1792\"><a href=\"https:\/\/walktoendals.ca\/fr\/participez-ou-donnez\/ontario\/outils-et-ressources2022\/\">Outils et ressources<\/a><\/li>\n\t<\/ul>\n<\/li>\n\t<li class=\"page_item page-item-4583\"><a href=\"https:\/\/walktoendals.ca\/fr\/participez-ou-donnez\/quebec-3\/\">Quebec<\/a><\/li>\n<\/ul>\n<\/li>\n<li class=\"page_item page-item-158\"><a href=\"https:\/\/walktoendals.ca\/fr\/plan-du-site\/\">Plan du site<\/a><\/li>\n<li class=\"page_item page-item-156\"><a href=\"https:\/\/walktoendals.ca\/fr\/politique-de-confidentialite\/\">Politique de confidentialite\u0301<\/a><\/li>\n<li class=\"page_item page-item-2977\"><a href=\"https:\/\/walktoendals.ca\/fr\/recompenses\/\">R\u00e9compenses<\/a><\/li>\n<li class=\"page_item page-item-1157\"><a href=\"https:\/\/walktoendals.ca\/fr\/reservez-votre-journee-alberta\/\">R\u00e9servez votre journ\u00e9e, Alberta!<\/a><\/li>\n<li class=\"page_item page-item-1161\"><a href=\"https:\/\/walktoendals.ca\/fr\/reservez-votre-journee-ile-du-prince-edouard\/\">R\u00e9servez votre journ\u00e9e, \u00cele-du-Prince-\u00c9douard!<\/a><\/li>\n<li class=\"page_item page-item-1164\"><a href=\"https:\/\/walktoendals.ca\/fr\/reservez-votre-journee-manitoba\/\">R\u00e9servez votre journ\u00e9e, Manitoba!<\/a><\/li>\n<li class=\"page_item page-item-1168\"><a href=\"https:\/\/walktoendals.ca\/fr\/reservez-votre-journee-ontario\/\">R\u00e9servez votre journ\u00e9e, Ontario!<\/a><\/li>\n<li class=\"page_item page-item-1171\"><a href=\"https:\/\/walktoendals.ca\/fr\/reservez-votre-journee-saskatchewan\/\">R\u00e9servez votre journ\u00e9e, Saskatchewan!<\/a><\/li>\n<li class=\"page_item page-item-1166\"><a href=\"https:\/\/walktoendals.ca\/fr\/reservez-votre-journee-terre-neuve\/\">R\u00e9servez votre journ\u00e9e, Terre-Neuve-et-Labrador<\/a><\/li>\n<li class=\"page_item page-item-195\"><a href=\"https:\/\/walktoendals.ca\/fr\/terre-neuve-et-labrador\/\">Terre-Neuve-et-Labrador<\/a><\/li>\n<li class=\"page_item page-item-475\"><a href=\"https:\/\/walktoendals.ca\/fr\/trucs-et-conseils\/\">Trucs et Conseils<\/a><\/li>\n<\/ul>\n<h2 class=\"wsp-testimonials-title\">Testimonials<\/h2>\n<ul class=\"wsp-testimonials-list\">\n<li><a href=\"https:\/\/walktoendals.ca\/fr\/testimonial\/4018\/\"><\/a><\/li>\n<li><a href=\"https:\/\/walktoendals.ca\/fr\/testimonial\/4016\/\"><\/a><\/li>\n<li><a href=\"https:\/\/walktoendals.ca\/fr\/testimonial\/4014\/\"><\/a><\/li>\n<li><a href=\"https:\/\/walktoendals.ca\/fr\/testimonial\/4012\/\"><\/a><\/li>\n<li><a href=\"https:\/\/walktoendals.ca\/fr\/testimonial\/4009\/\"><\/a><\/li>\n<li><a href=\"https:\/\/walktoendals.ca\/fr\/testimonial\/3810\/\"><\/a><\/li>\n<li><a href=\"https:\/\/walktoendals.ca\/fr\/testimonial\/3808\/\"><\/a><\/li>\n<li><a href=\"https:\/\/walktoendals.ca\/fr\/testimonial\/3806\/\"><\/a><\/li>\n<li><a href=\"https:\/\/walktoendals.ca\/fr\/testimonial\/3804\/\"><\/a><\/li>\n<li><a href=\"https:\/\/walktoendals.ca\/fr\/testimonial\/3802\/\"><\/a><\/li>\n<\/ul>\n<\/div>\n","protected":false},"excerpt":{"rendered":"","protected":false},"author":9,"featured_media":0,"parent":0,"menu_order":0,"comment_status":"closed","ping_status":"closed","template":"","meta":{"footnotes":""},"class_list":["post-158","page","type-page","status-publish","hentry"],"yoast_head":"<!-- This site is optimized with the Yoast SEO plugin v27.2 - https:\/\/yoast.com\/product\/yoast-seo-wordpress\/ -->\n<title>Plan du site &#8211; Marche pour Vaincre la SLA<\/title>\n<meta name=\"robots\" content=\"index, follow, max-snippet:-1, max-image-preview:large, max-video-preview:-1\" \/>\n<link rel=\"canonical\" href=\"https:\/\/walktoendals.ca\/fr\/plan-du-site\/\" \/>\n<meta property=\"og:locale\" content=\"fr_FR\" \/>\n<meta property=\"og:type\" content=\"article\" \/>\n<meta property=\"og:title\" content=\"Plan du site &#8211; Marche pour Vaincre la SLA\" \/>\n<meta property=\"og:url\" content=\"https:\/\/walktoendals.ca\/fr\/plan-du-site\/\" \/>\n<meta property=\"og:site_name\" content=\"Marche pour Vaincre la SLA\" \/>\n<meta property=\"article:modified_time\" content=\"2016-02-01T15:54:53+00:00\" \/>\n<meta name=\"twitter:card\" content=\"summary_large_image\" \/>\n<script type=\"application\/ld+json\" class=\"yoast-schema-graph\">{\"@context\":\"https:\/\/schema.org\",\"@graph\":[{\"@type\":\"WebPage\",\"@id\":\"https:\/\/walktoendals.ca\/fr\/plan-du-site\/\",\"url\":\"https:\/\/walktoendals.ca\/fr\/plan-du-site\/\",\"name\":\"Plan du site &#8211; Marche pour Vaincre la SLA\",\"isPartOf\":{\"@id\":\"https:\/\/walktoendals.ca\/fr\/#website\"},\"datePublished\":\"2016-01-26T21:07:26+00:00\",\"dateModified\":\"2016-02-01T15:54:53+00:00\",\"breadcrumb\":{\"@id\":\"https:\/\/walktoendals.ca\/fr\/plan-du-site\/#breadcrumb\"},\"inLanguage\":\"fr-FR\",\"potentialAction\":[{\"@type\":\"ReadAction\",\"target\":[\"https:\/\/walktoendals.ca\/fr\/plan-du-site\/\"]}]},{\"@type\":\"BreadcrumbList\",\"@id\":\"https:\/\/walktoendals.ca\/fr\/plan-du-site\/#breadcrumb\",\"itemListElement\":[{\"@type\":\"ListItem\",\"position\":1,\"name\":\"Home\",\"item\":\"https:\/\/walktoendals.ca\/fr\/\"},{\"@type\":\"ListItem\",\"position\":2,\"name\":\"Plan du site\"}]},{\"@type\":\"WebSite\",\"@id\":\"https:\/\/walktoendals.ca\/fr\/#website\",\"url\":\"https:\/\/walktoendals.ca\/fr\/\",\"name\":\"Marche pour Vaincre la SLA\",\"description\":\"Walk to End ALS is a fun, family friendly event that occurs across the country in more than 90 WALK\u2008locations\u2008across\u2008Canada. Join thousands of Canadians in the fight against ALS.\",\"publisher\":{\"@id\":\"https:\/\/walktoendals.ca\/fr\/#organization\"},\"potentialAction\":[{\"@type\":\"SearchAction\",\"target\":{\"@type\":\"EntryPoint\",\"urlTemplate\":\"https:\/\/walktoendals.ca\/fr\/?s={search_term_string}\"},\"query-input\":{\"@type\":\"PropertyValueSpecification\",\"valueRequired\":true,\"valueName\":\"search_term_string\"}}],\"inLanguage\":\"fr-FR\"},{\"@type\":\"Organization\",\"@id\":\"https:\/\/walktoendals.ca\/fr\/#organization\",\"name\":\"ALS Society of Canada\",\"url\":\"https:\/\/walktoendals.ca\/fr\/\",\"logo\":{\"@type\":\"ImageObject\",\"inLanguage\":\"fr-FR\",\"@id\":\"https:\/\/walktoendals.ca\/fr\/#\/schema\/logo\/image\/\",\"url\":\"https:\/\/walktoendals.ca\/wp-content\/uploads\/2021\/01\/ALS-Logo-English-Canada.png\",\"contentUrl\":\"https:\/\/walktoendals.ca\/wp-content\/uploads\/2021\/01\/ALS-Logo-English-Canada.png\",\"width\":1583,\"height\":1315,\"caption\":\"ALS Society of Canada\"},\"image\":{\"@id\":\"https:\/\/walktoendals.ca\/fr\/#\/schema\/logo\/image\/\"}}]}<\/script>\n<!-- \/ Yoast SEO plugin. -->","yoast_head_json":{"title":"Plan du site &#8211; Marche pour Vaincre la SLA","robots":{"index":"index","follow":"follow","max-snippet":"max-snippet:-1","max-image-preview":"max-image-preview:large","max-video-preview":"max-video-preview:-1"},"canonical":"https:\/\/walktoendals.ca\/fr\/plan-du-site\/","og_locale":"fr_FR","og_type":"article","og_title":"Plan du site &#8211; Marche pour Vaincre la SLA","og_url":"https:\/\/walktoendals.ca\/fr\/plan-du-site\/","og_site_name":"Marche pour Vaincre la SLA","article_modified_time":"2016-02-01T15:54:53+00:00","twitter_card":"summary_large_image","schema":{"@context":"https:\/\/schema.org","@graph":[{"@type":"WebPage","@id":"https:\/\/walktoendals.ca\/fr\/plan-du-site\/","url":"https:\/\/walktoendals.ca\/fr\/plan-du-site\/","name":"Plan du site &#8211; Marche pour Vaincre la SLA","isPartOf":{"@id":"https:\/\/walktoendals.ca\/fr\/#website"},"datePublished":"2016-01-26T21:07:26+00:00","dateModified":"2016-02-01T15:54:53+00:00","breadcrumb":{"@id":"https:\/\/walktoendals.ca\/fr\/plan-du-site\/#breadcrumb"},"inLanguage":"fr-FR","potentialAction":[{"@type":"ReadAction","target":["https:\/\/walktoendals.ca\/fr\/plan-du-site\/"]}]},{"@type":"BreadcrumbList","@id":"https:\/\/walktoendals.ca\/fr\/plan-du-site\/#breadcrumb","itemListElement":[{"@type":"ListItem","position":1,"name":"Home","item":"https:\/\/walktoendals.ca\/fr\/"},{"@type":"ListItem","position":2,"name":"Plan du site"}]},{"@type":"WebSite","@id":"https:\/\/walktoendals.ca\/fr\/#website","url":"https:\/\/walktoendals.ca\/fr\/","name":"Marche pour Vaincre la SLA","description":"Walk to End ALS is a fun, family friendly event that occurs across the country in more than 90 WALK\u2008locations\u2008across\u2008Canada. Join thousands of Canadians in the fight against ALS.","publisher":{"@id":"https:\/\/walktoendals.ca\/fr\/#organization"},"potentialAction":[{"@type":"SearchAction","target":{"@type":"EntryPoint","urlTemplate":"https:\/\/walktoendals.ca\/fr\/?s={search_term_string}"},"query-input":{"@type":"PropertyValueSpecification","valueRequired":true,"valueName":"search_term_string"}}],"inLanguage":"fr-FR"},{"@type":"Organization","@id":"https:\/\/walktoendals.ca\/fr\/#organization","name":"ALS Society of Canada","url":"https:\/\/walktoendals.ca\/fr\/","logo":{"@type":"ImageObject","inLanguage":"fr-FR","@id":"https:\/\/walktoendals.ca\/fr\/#\/schema\/logo\/image\/","url":"https:\/\/walktoendals.ca\/wp-content\/uploads\/2021\/01\/ALS-Logo-English-Canada.png","contentUrl":"https:\/\/walktoendals.ca\/wp-content\/uploads\/2021\/01\/ALS-Logo-English-Canada.png","width":1583,"height":1315,"caption":"ALS Society of Canada"},"image":{"@id":"https:\/\/walktoendals.ca\/fr\/#\/schema\/logo\/image\/"}}]}},"_links":{"self":[{"href":"https:\/\/walktoendals.ca\/fr\/wp-json\/wp\/v2\/pages\/158","targetHints":{"allow":["GET"]}}],"collection":[{"href":"https:\/\/walktoendals.ca\/fr\/wp-json\/wp\/v2\/pages"}],"about":[{"href":"https:\/\/walktoendals.ca\/fr\/wp-json\/wp\/v2\/types\/page"}],"author":[{"embeddable":true,"href":"https:\/\/walktoendals.ca\/fr\/wp-json\/wp\/v2\/users\/9"}],"replies":[{"embeddable":true,"href":"https:\/\/walktoendals.ca\/fr\/wp-json\/wp\/v2\/comments?post=158"}],"version-history":[{"count":2,"href":"https:\/\/walktoendals.ca\/fr\/wp-json\/wp\/v2\/pages\/158\/revisions"}],"predecessor-version":[{"id":284,"href":"https:\/\/walktoendals.ca\/fr\/wp-json\/wp\/v2\/pages\/158\/revisions\/284"}],"wp:attachment":[{"href":"https:\/\/walktoendals.ca\/fr\/wp-json\/wp\/v2\/media?parent=158"}],"curies":[{"name":"wp","href":"https:\/\/api.w.org\/{rel}","templated":true}]}}