{"id":1761,"date":"2021-03-23T15:16:37","date_gmt":"2021-03-23T15:16:37","guid":{"rendered":"https:\/\/walktoendals.ca\/?page_id=1761"},"modified":"2022-04-14T20:04:01","modified_gmt":"2022-04-14T20:04:01","slug":"mur-dhonneur-virtuel","status":"publish","type":"page","link":"https:\/\/walktoendals.ca\/fr\/mur-dhonneur-virtuel\/","title":{"rendered":"Mur d&rsquo;honneur virtuel"},"content":{"rendered":"<p>La Marche pour vaincre la SLA nous unit tous dans la concr\u00e9tisation d&rsquo;une vision commune : changer la r\u00e9alit\u00e9 actuelle des personnes vivant avec la SLA. Que vous d\u00e9siriez appuyer une personne qui vit avec cette maladie aujourd&rsquo;hui ou pr\u00e9server la m\u00e9moire d&rsquo;un proche, le Mur d&rsquo;honneur virtuel est un endroit qui nous permet tous de rendre hommage aux membres de la communaut\u00e9 de la SLA.<\/p>\n<p><strong><u>Il y a trois fa\u00e7ons diff\u00e9rentes d&rsquo;afficher un message sur le mur d&rsquo;honneur virtuel:<\/u><\/strong><\/p>\n<ul>\n<li><strong>Publier directement sur le mur<\/strong> : Descendez et cliquez sur le bouton bleu \u00ab CREATE POST \u00bb Ajoutez votre image (optionnel) et votre message, puis votre nom et votre localisation (optionnel) si vous souhaitez que ces informations apparaissent sur le mur.<\/li>\n<li><strong>Courriel :\u00a0<\/strong>Envoyez votre message \u00e0 <a href=\"mailto:wall@walktoendals.ca\"><strong>wall@walktoendals.ca<\/strong><\/a> et annexez une photo. Veuillez noter qu&rsquo;une seule photo peut accompagner votre message. N&rsquo;oubliez pas d&rsquo;ajouter votre nom et votre emplacement si vous d\u00e9sirez que ces renseignements figurent sur le mur.<\/li>\n<li><strong>Twitter :\u00a0<\/strong>Utilisez le mot-clic <strong>#SLApourquoijemarche<\/strong> et publiez votre message, assorti d&rsquo;une photo. Veuillez ajouter votre nom et votre emplacement \u00e0 votre message, si vous d\u00e9sirez que ces renseignements soient affich\u00e9s.<\/li>\n<li><strong>Instagram\u00a0:<\/strong> Utilisez le mot-clic <strong>#SLApourquoijemarche<\/strong> et affichez votre photo. Veuillez ajouter votre nom et votre emplacement \u00e0 la l\u00e9gende de votre photo si vous d\u00e9sirez que ces renseignements soient affich\u00e9s.<\/li>\n<\/ul>\n<p><em>Veuillez noter que nous mod\u00e9rons manuellement le mur d&rsquo;honneur virtuel &#8212; nous ferons notre possible pour rester \u00e0 jour, mais il pourrait y avoir un d\u00e9lai avant la publication de votre message. Pour faire en sorte que le mur d&rsquo;honneur demeure un endroit sp\u00e9cial pour tous, les messages utilisant un langage grossier ne seront pas publi\u00e9s.<\/em><\/p>\n<p><strong>Vous avez de la difficult\u00e9 \u00e0 visualiser le mur d&rsquo;honneur? Cliquez <a href=\"https:\/\/my.walls.io\/virtualALShonourwall\" target=\"_blank\" rel=\"noopener\">ici<\/a> pour y acc\u00e9der d&rsquo;une autre fa\u00e7on!<\/strong><\/p>\n<p><script async src=\"https:\/\/walls.io\/js\/wallsio-widget-1.2.js\" data-wallurl=\"https:\/\/walls.io\/virtualALShonourwall?nobackground=1&amp;show_header=0\" data-title=\"Walk to End ALS Honour Wall\" data-width=\"100%\" data-autoheight=\"1\" data-height=\"800\" data-lazyload=\"1\"><\/script><\/p>\n","protected":false},"excerpt":{"rendered":"<p>La Marche pour vaincre la SLA nous unit tous dans la concr\u00e9tisation d&rsquo;une vision commune : changer la r\u00e9alit\u00e9 actuelle des personnes vivant avec la SLA. Que vous d\u00e9siriez appuyer une personne qui vit avec cette maladie aujourd&rsquo;hui ou pr\u00e9server la m\u00e9moire d&rsquo;un proche, le Mur d&rsquo;honneur virtuel est un endroit qui nous permet tous [&hellip;]<\/p>\n","protected":false},"author":22,"featured_media":0,"parent":0,"menu_order":0,"comment_status":"closed","ping_status":"closed","template":"page-templates\/general.php","meta":{"footnotes":""},"class_list":["post-1761","page","type-page","status-publish","hentry"],"yoast_head":"<!-- This site is optimized with the Yoast SEO plugin v27.2 - https:\/\/yoast.com\/product\/yoast-seo-wordpress\/ -->\n<title>Mur d&#039;honneur virtuel &#8211; Marche pour Vaincre la SLA<\/title>\n<meta name=\"robots\" content=\"index, follow, max-snippet:-1, max-image-preview:large, max-video-preview:-1\" \/>\n<link rel=\"canonical\" href=\"https:\/\/walktoendals.ca\/fr\/mur-dhonneur-virtuel\/\" \/>\n<meta property=\"og:locale\" content=\"fr_FR\" \/>\n<meta property=\"og:type\" content=\"article\" \/>\n<meta property=\"og:title\" content=\"Mur d&#039;honneur virtuel &#8211; Marche pour Vaincre la SLA\" \/>\n<meta property=\"og:description\" content=\"La Marche pour vaincre la SLA nous unit tous dans la concr\u00e9tisation d&rsquo;une vision commune : changer la r\u00e9alit\u00e9 actuelle des personnes vivant avec la SLA. Que vous d\u00e9siriez appuyer une personne qui vit avec cette maladie aujourd&rsquo;hui ou pr\u00e9server la m\u00e9moire d&rsquo;un proche, le Mur d&rsquo;honneur virtuel est un endroit qui nous permet tous [&hellip;]\" \/>\n<meta property=\"og:url\" content=\"https:\/\/walktoendals.ca\/fr\/mur-dhonneur-virtuel\/\" \/>\n<meta property=\"og:site_name\" content=\"Marche pour Vaincre la SLA\" \/>\n<meta property=\"article:modified_time\" content=\"2022-04-14T20:04:01+00:00\" \/>\n<meta name=\"twitter:card\" content=\"summary_large_image\" \/>\n<meta name=\"twitter:label1\" content=\"Dur\u00e9e de lecture estim\u00e9e\" \/>\n\t<meta name=\"twitter:data1\" content=\"2 minutes\" \/>\n<script type=\"application\/ld+json\" class=\"yoast-schema-graph\">{\"@context\":\"https:\/\/schema.org\",\"@graph\":[{\"@type\":\"WebPage\",\"@id\":\"https:\/\/walktoendals.ca\/fr\/mur-dhonneur-virtuel\/\",\"url\":\"https:\/\/walktoendals.ca\/fr\/mur-dhonneur-virtuel\/\",\"name\":\"Mur d'honneur virtuel &#8211; Marche pour Vaincre la SLA\",\"isPartOf\":{\"@id\":\"https:\/\/walktoendals.ca\/fr\/#website\"},\"datePublished\":\"2021-03-23T15:16:37+00:00\",\"dateModified\":\"2022-04-14T20:04:01+00:00\",\"breadcrumb\":{\"@id\":\"https:\/\/walktoendals.ca\/fr\/mur-dhonneur-virtuel\/#breadcrumb\"},\"inLanguage\":\"fr-FR\",\"potentialAction\":[{\"@type\":\"ReadAction\",\"target\":[\"https:\/\/walktoendals.ca\/fr\/mur-dhonneur-virtuel\/\"]}]},{\"@type\":\"BreadcrumbList\",\"@id\":\"https:\/\/walktoendals.ca\/fr\/mur-dhonneur-virtuel\/#breadcrumb\",\"itemListElement\":[{\"@type\":\"ListItem\",\"position\":1,\"name\":\"Home\",\"item\":\"https:\/\/walktoendals.ca\/fr\/\"},{\"@type\":\"ListItem\",\"position\":2,\"name\":\"Mur d&#8217;honneur virtuel\"}]},{\"@type\":\"WebSite\",\"@id\":\"https:\/\/walktoendals.ca\/fr\/#website\",\"url\":\"https:\/\/walktoendals.ca\/fr\/\",\"name\":\"Marche pour Vaincre la SLA\",\"description\":\"Walk to End ALS is a fun, family friendly event that occurs across the country in more than 90 WALK\u2008locations\u2008across\u2008Canada. Join thousands of Canadians in the fight against ALS.\",\"publisher\":{\"@id\":\"https:\/\/walktoendals.ca\/fr\/#organization\"},\"potentialAction\":[{\"@type\":\"SearchAction\",\"target\":{\"@type\":\"EntryPoint\",\"urlTemplate\":\"https:\/\/walktoendals.ca\/fr\/?s={search_term_string}\"},\"query-input\":{\"@type\":\"PropertyValueSpecification\",\"valueRequired\":true,\"valueName\":\"search_term_string\"}}],\"inLanguage\":\"fr-FR\"},{\"@type\":\"Organization\",\"@id\":\"https:\/\/walktoendals.ca\/fr\/#organization\",\"name\":\"ALS Society of Canada\",\"url\":\"https:\/\/walktoendals.ca\/fr\/\",\"logo\":{\"@type\":\"ImageObject\",\"inLanguage\":\"fr-FR\",\"@id\":\"https:\/\/walktoendals.ca\/fr\/#\/schema\/logo\/image\/\",\"url\":\"https:\/\/walktoendals.ca\/wp-content\/uploads\/2021\/01\/ALS-Logo-English-Canada.png\",\"contentUrl\":\"https:\/\/walktoendals.ca\/wp-content\/uploads\/2021\/01\/ALS-Logo-English-Canada.png\",\"width\":1583,\"height\":1315,\"caption\":\"ALS Society of Canada\"},\"image\":{\"@id\":\"https:\/\/walktoendals.ca\/fr\/#\/schema\/logo\/image\/\"}}]}<\/script>\n<!-- \/ Yoast SEO plugin. -->","yoast_head_json":{"title":"Mur d'honneur virtuel &#8211; Marche pour Vaincre la SLA","robots":{"index":"index","follow":"follow","max-snippet":"max-snippet:-1","max-image-preview":"max-image-preview:large","max-video-preview":"max-video-preview:-1"},"canonical":"https:\/\/walktoendals.ca\/fr\/mur-dhonneur-virtuel\/","og_locale":"fr_FR","og_type":"article","og_title":"Mur d'honneur virtuel &#8211; Marche pour Vaincre la SLA","og_description":"La Marche pour vaincre la SLA nous unit tous dans la concr\u00e9tisation d&rsquo;une vision commune : changer la r\u00e9alit\u00e9 actuelle des personnes vivant avec la SLA. Que vous d\u00e9siriez appuyer une personne qui vit avec cette maladie aujourd&rsquo;hui ou pr\u00e9server la m\u00e9moire d&rsquo;un proche, le Mur d&rsquo;honneur virtuel est un endroit qui nous permet tous [&hellip;]","og_url":"https:\/\/walktoendals.ca\/fr\/mur-dhonneur-virtuel\/","og_site_name":"Marche pour Vaincre la SLA","article_modified_time":"2022-04-14T20:04:01+00:00","twitter_card":"summary_large_image","twitter_misc":{"Dur\u00e9e de lecture estim\u00e9e":"2 minutes"},"schema":{"@context":"https:\/\/schema.org","@graph":[{"@type":"WebPage","@id":"https:\/\/walktoendals.ca\/fr\/mur-dhonneur-virtuel\/","url":"https:\/\/walktoendals.ca\/fr\/mur-dhonneur-virtuel\/","name":"Mur d'honneur virtuel &#8211; Marche pour Vaincre la SLA","isPartOf":{"@id":"https:\/\/walktoendals.ca\/fr\/#website"},"datePublished":"2021-03-23T15:16:37+00:00","dateModified":"2022-04-14T20:04:01+00:00","breadcrumb":{"@id":"https:\/\/walktoendals.ca\/fr\/mur-dhonneur-virtuel\/#breadcrumb"},"inLanguage":"fr-FR","potentialAction":[{"@type":"ReadAction","target":["https:\/\/walktoendals.ca\/fr\/mur-dhonneur-virtuel\/"]}]},{"@type":"BreadcrumbList","@id":"https:\/\/walktoendals.ca\/fr\/mur-dhonneur-virtuel\/#breadcrumb","itemListElement":[{"@type":"ListItem","position":1,"name":"Home","item":"https:\/\/walktoendals.ca\/fr\/"},{"@type":"ListItem","position":2,"name":"Mur d&#8217;honneur virtuel"}]},{"@type":"WebSite","@id":"https:\/\/walktoendals.ca\/fr\/#website","url":"https:\/\/walktoendals.ca\/fr\/","name":"Marche pour Vaincre la SLA","description":"Walk to End ALS is a fun, family friendly event that occurs across the country in more than 90 WALK\u2008locations\u2008across\u2008Canada. Join thousands of Canadians in the fight against ALS.","publisher":{"@id":"https:\/\/walktoendals.ca\/fr\/#organization"},"potentialAction":[{"@type":"SearchAction","target":{"@type":"EntryPoint","urlTemplate":"https:\/\/walktoendals.ca\/fr\/?s={search_term_string}"},"query-input":{"@type":"PropertyValueSpecification","valueRequired":true,"valueName":"search_term_string"}}],"inLanguage":"fr-FR"},{"@type":"Organization","@id":"https:\/\/walktoendals.ca\/fr\/#organization","name":"ALS Society of Canada","url":"https:\/\/walktoendals.ca\/fr\/","logo":{"@type":"ImageObject","inLanguage":"fr-FR","@id":"https:\/\/walktoendals.ca\/fr\/#\/schema\/logo\/image\/","url":"https:\/\/walktoendals.ca\/wp-content\/uploads\/2021\/01\/ALS-Logo-English-Canada.png","contentUrl":"https:\/\/walktoendals.ca\/wp-content\/uploads\/2021\/01\/ALS-Logo-English-Canada.png","width":1583,"height":1315,"caption":"ALS Society of Canada"},"image":{"@id":"https:\/\/walktoendals.ca\/fr\/#\/schema\/logo\/image\/"}}]}},"_links":{"self":[{"href":"https:\/\/walktoendals.ca\/fr\/wp-json\/wp\/v2\/pages\/1761","targetHints":{"allow":["GET"]}}],"collection":[{"href":"https:\/\/walktoendals.ca\/fr\/wp-json\/wp\/v2\/pages"}],"about":[{"href":"https:\/\/walktoendals.ca\/fr\/wp-json\/wp\/v2\/types\/page"}],"author":[{"embeddable":true,"href":"https:\/\/walktoendals.ca\/fr\/wp-json\/wp\/v2\/users\/22"}],"replies":[{"embeddable":true,"href":"https:\/\/walktoendals.ca\/fr\/wp-json\/wp\/v2\/comments?post=1761"}],"version-history":[{"count":11,"href":"https:\/\/walktoendals.ca\/fr\/wp-json\/wp\/v2\/pages\/1761\/revisions"}],"predecessor-version":[{"id":2324,"href":"https:\/\/walktoendals.ca\/fr\/wp-json\/wp\/v2\/pages\/1761\/revisions\/2324"}],"wp:attachment":[{"href":"https:\/\/walktoendals.ca\/fr\/wp-json\/wp\/v2\/media?parent=1761"}],"curies":[{"name":"wp","href":"https:\/\/api.w.org\/{rel}","templated":true}]}}