{"id":1875,"date":"2021-05-17T19:21:06","date_gmt":"2021-05-17T19:21:06","guid":{"rendered":"https:\/\/walktoendals.ca\/?page_id=1875"},"modified":"2021-05-17T19:24:30","modified_gmt":"2021-05-17T19:24:30","slug":"renonciation","status":"publish","type":"page","link":"https:\/\/walktoendals.ca\/fr\/ontario2022\/renonciation\/","title":{"rendered":"Renonciation et d\u00e9charge"},"content":{"rendered":"<p>Je sais que la participation \u00e0 un \u00e9v\u00e9nement virtuel o\u00f9 je [EX. : COURRAI, CUISINERAI, ETC.] par moi-m\u00eame, \u00e0 l&rsquo;endroit de mon choix, et qui ne b\u00e9n\u00e9ficiera pas des mesures de s\u00e9curit\u00e9 ou de soutien de la Amyotrophic Lateral Sclerosis Society of Canada-Soci\u00e9t\u00e9 canadienne de la scl\u00e9rose lat\u00e9rale amyotrophique (\u00ab <strong>Soci\u00e9t\u00e9 canadienne de la SLA<\/strong> \u00bb), est potentiellement dangereuse et pourrait causer des blessures, voire mon d\u00e9c\u00e8s. Je reconnais que je participe \u00e0 l&rsquo;activit\u00e9 virtuelle d\u00e9crite ci-dessus de mon propre gr\u00e9 et \u00e0 mes propres risques.<\/p>\n<p>J&rsquo;accepte qu&rsquo;en [CLIQUANT JE SUIS D&rsquo;ACCORD OU CLIQUANT SUR LE LIEN MENANT \u00c0 L&rsquo;\u00c9V\u00c9NEMENT]\u00a0: 1) ma participation \u00e0 [EVENT]\u00a0 (\u00ab\u00a0<strong>l&rsquo;\u00e9v\u00e9nement<\/strong>\u00a0\u00bb) est volontaire; 2) je suis en bonne condition physique et je ne souffre pas de probl\u00e8mes de sant\u00e9 qui pourraient m&#8217;emp\u00eacher de participer \u00e0 l&rsquo;\u00e9v\u00e9nement; 3) en tout temps pendant l&rsquo;\u00e9v\u00e9nement, ma s\u00e9curit\u00e9 et la s\u00e9curit\u00e9 de toute personne mineure sous ma garde restera mon enti\u00e8re responsabilit\u00e9; 4) je cesserai de participer \u00e0 l&rsquo;\u00e9v\u00e9nement si un repr\u00e9sentant de la\u00a0Soci\u00e9t\u00e9 canadienne de la SLA me demande de le faire; et 5) je suis conscient des risques inh\u00e9rents \u00e0 la participation \u00e0 l&rsquo;\u00e9v\u00e9nement et j&rsquo;assume volontairement de tels risques.<\/p>\n<p>Je reconnais que l&rsquo;\u00e9v\u00e9nement comporte des \u00e9l\u00e9ments de risque et que ni la Soci\u00e9t\u00e9 canadienne de la SLA, ni ses affili\u00e9s, associ\u00e9s, directeurs, repr\u00e9sentants, employ\u00e9s ou agents, ni tout commanditaire de l&rsquo;\u00e9v\u00e9nement (les \u00ab\u00a0<strong>parties exon\u00e9r\u00e9es<\/strong> \u00bb) n&rsquo;ont fait quelque d\u00e9claration ou garantie que ce soit concernant la s\u00e9curit\u00e9 de l&rsquo;\u00e9v\u00e9nement. EN CONTREPARTIE de mon acceptation \u00e0 titre de participant \u00e0 l&rsquo;\u00e9v\u00e9nement, je, en mon nom et en celui de mes h\u00e9ritiers, ex\u00e9cuteurs, administrateurs et ayants droit, D\u00c9GAGE, EXON\u00c8RE ET LIB\u00c8RE PAR LA PR\u00c9SENTE les parties exon\u00e9r\u00e9es DE L&rsquo;ENSEMBLE des r\u00e9clamations, responsabilit\u00e9s, demandes, pertes, paiements, actions, causes d&rsquo;action, dommages, co\u00fbts et d\u00e9penses, d\u00e9coulant de la loi, d&rsquo;un contrat, d&rsquo;un tort, d&rsquo;un statut ou en \u00e9quit\u00e9, y compris, mais sans s&rsquo;y limiter, un d\u00e9c\u00e8s, une blessure, une perte ou un dommage \u00e0 ma personne ou \u00e0 ma propri\u00e9t\u00e9 QUELLE QU&rsquo;EN SOIT LA RAISON d\u00e9coulant ou caus\u00e9 par ma participation \u00e0 l&rsquo;\u00e9v\u00e9nement ET NONOBSTANT que cela puisse avoir \u00e9t\u00e9 caus\u00e9 en partie par la n\u00e9gligence de toute partie pr\u00e9c\u00e9dente (\u00ab\u00a0r\u00e9clamation\u00a0\u00bb). JE M&rsquo;ENGAGE DE PLUS \u00c0 D\u00c9GAGER DE TOUTE RESPONSABILIT\u00c9 et ACCEPTE D&rsquo;INDEMNISER toutes les parties pr\u00e9c\u00e9dentes contre toutes les r\u00e9clamations, y compris l&rsquo;ensemble des co\u00fbts, d\u00e9penses et honoraires juridiques, survenant en raison de ma participation \u00e0 l&rsquo;\u00e9v\u00e9nement ou li\u00e9es de quelque fa\u00e7on que ce soit \u00e0 celle-ci. J&rsquo;accepte de ne pas faire de r\u00e9clamations et de ne pas prendre de recours contre toute autre personne ou corporation ayant le droit de demander une contribution ou une indemnisation aux parties exon\u00e9r\u00e9es. EN [CLIQUANT JE SUIS D&rsquo;ACCORD OU CLIQUANT SUR LE LIEN MENANT \u00c0 L&rsquo;\u00c9V\u00c9NEMENT], JE RECONNAIS AVOIR LU, COMPRIS ET ACCEPT\u00c9 L&rsquo;ENTENTE, LA D\u00c9CHARGE, LA RENONCIATION ET L&rsquo;INDEMNISATION susmentionn\u00e9es et JE CONFIRME que je suis physiquement en mesure de participer \u00e0 l&rsquo;\u00e9v\u00e9nement.<\/p>\n<p>Je conf\u00e8re aussi \u00e0 la Soci\u00e9t\u00e9 canadienne de la SLA, en totalit\u00e9 ou en partie, le droit d&rsquo;utiliser les vid\u00e9os ou les photos de moi ou de mes enfants produites \u00e0 des fins promotionnelles. Par la pr\u00e9sente, je c\u00e8de \u00e0 la Soci\u00e9t\u00e9 canadienne de la SLA l&rsquo;ensemble des droits d&rsquo;auteurs et autres int\u00e9r\u00eats dans tout film ou photo de moi ou de mes enfants capt\u00e9s pendant l&rsquo;\u00e9v\u00e9nement et j&rsquo;accorde une autorisation sans redevances, y compris le droit de reproduire ou d&rsquo;inclure dans tous les formats, pour mon image ou mon apparence ou l&rsquo;image ou l&rsquo;apparence de mon enfant pour toute fin l\u00e9gitime. Si je n&rsquo;ai pas atteint l&rsquo;\u00e2ge de la majorit\u00e9 dans ma province de r\u00e9sidence, j&rsquo;ai obtenu le consentement de mes parents avant d&rsquo;accepter les pr\u00e9sentes modalit\u00e9s. Je consens par la pr\u00e9sente \u00e0 recevoir des mises \u00e0 jour par courriel au sujet des \u00e9v\u00e9nements et programmes de la Soci\u00e9t\u00e9 canadienne de la SLA.<\/p>\n<p>La Soci\u00e9t\u00e9 canadienne de la SLA a \u00e0 c\u0153ur de prot\u00e9ger le droit \u00e0 la vie priv\u00e9e de ses donateurs et des participants \u00e0 ses \u00e9v\u00e9nements. Pour plus de renseignements sur notre politique de confidentialit\u00e9, veuillez consulter notre site Web \u00e0 l&rsquo;adresse\u00a0<a href=\"https:\/\/www.als.ca\/fr\" target=\"_blank\" rel=\"noopener\">als.ca<\/a>.<\/p>\n","protected":false},"excerpt":{"rendered":"<p>Je sais que la participation \u00e0 un \u00e9v\u00e9nement virtuel o\u00f9 je [EX. : COURRAI, CUISINERAI, ETC.] par moi-m\u00eame, \u00e0 l&rsquo;endroit de mon choix, et qui ne b\u00e9n\u00e9ficiera pas des mesures de s\u00e9curit\u00e9 ou de soutien de la Amyotrophic Lateral Sclerosis Society of Canada-Soci\u00e9t\u00e9 canadienne de la scl\u00e9rose lat\u00e9rale amyotrophique (\u00ab Soci\u00e9t\u00e9 canadienne de la SLA [&hellip;]<\/p>\n","protected":false},"author":22,"featured_media":0,"parent":199,"menu_order":0,"comment_status":"closed","ping_status":"closed","template":"","meta":{"footnotes":""},"class_list":["post-1875","page","type-page","status-publish","hentry"],"yoast_head":"<!-- This site is optimized with the Yoast SEO plugin v27.4 - https:\/\/yoast.com\/product\/yoast-seo-wordpress\/ -->\n<title>Renonciation et d\u00e9charge &#8211; Marche pour Vaincre la SLA<\/title>\n<meta name=\"robots\" content=\"index, follow, max-snippet:-1, max-image-preview:large, max-video-preview:-1\" \/>\n<link rel=\"canonical\" href=\"https:\/\/walktoendals.ca\/fr\/participez-ou-donnez\/ontario2022\/renonciation\/\" \/>\n<meta property=\"og:locale\" content=\"fr_FR\" \/>\n<meta property=\"og:type\" content=\"article\" \/>\n<meta property=\"og:title\" content=\"Renonciation et d\u00e9charge &#8211; Marche pour Vaincre la SLA\" \/>\n<meta property=\"og:description\" content=\"Je sais que la participation \u00e0 un \u00e9v\u00e9nement virtuel o\u00f9 je [EX. : COURRAI, CUISINERAI, ETC.] par moi-m\u00eame, \u00e0 l&rsquo;endroit de mon choix, et qui ne b\u00e9n\u00e9ficiera pas des mesures de s\u00e9curit\u00e9 ou de soutien de la Amyotrophic Lateral Sclerosis Society of Canada-Soci\u00e9t\u00e9 canadienne de la scl\u00e9rose lat\u00e9rale amyotrophique (\u00ab Soci\u00e9t\u00e9 canadienne de la SLA [&hellip;]\" \/>\n<meta property=\"og:url\" content=\"https:\/\/walktoendals.ca\/fr\/participez-ou-donnez\/ontario2022\/renonciation\/\" \/>\n<meta property=\"og:site_name\" content=\"Marche pour Vaincre la SLA\" \/>\n<meta property=\"article:modified_time\" content=\"2021-05-17T19:24:30+00:00\" \/>\n<meta name=\"twitter:card\" content=\"summary_large_image\" \/>\n<meta name=\"twitter:label1\" content=\"Dur\u00e9e de lecture estim\u00e9e\" \/>\n\t<meta name=\"twitter:data1\" content=\"3 minutes\" \/>\n<script type=\"application\/ld+json\" class=\"yoast-schema-graph\">{\"@context\":\"https:\\\/\\\/schema.org\",\"@graph\":[{\"@type\":\"WebPage\",\"@id\":\"https:\\\/\\\/walktoendals.ca\\\/fr\\\/participez-ou-donnez\\\/ontario2022\\\/renonciation\\\/\",\"url\":\"https:\\\/\\\/walktoendals.ca\\\/fr\\\/participez-ou-donnez\\\/ontario2022\\\/renonciation\\\/\",\"name\":\"Renonciation et d\u00e9charge &#8211; Marche pour Vaincre la SLA\",\"isPartOf\":{\"@id\":\"https:\\\/\\\/walktoendals.ca\\\/fr\\\/#website\"},\"datePublished\":\"2021-05-17T19:21:06+00:00\",\"dateModified\":\"2021-05-17T19:24:30+00:00\",\"breadcrumb\":{\"@id\":\"https:\\\/\\\/walktoendals.ca\\\/fr\\\/participez-ou-donnez\\\/ontario2022\\\/renonciation\\\/#breadcrumb\"},\"inLanguage\":\"fr-FR\",\"potentialAction\":[{\"@type\":\"ReadAction\",\"target\":[\"https:\\\/\\\/walktoendals.ca\\\/fr\\\/participez-ou-donnez\\\/ontario2022\\\/renonciation\\\/\"]}]},{\"@type\":\"BreadcrumbList\",\"@id\":\"https:\\\/\\\/walktoendals.ca\\\/fr\\\/participez-ou-donnez\\\/ontario2022\\\/renonciation\\\/#breadcrumb\",\"itemListElement\":[{\"@type\":\"ListItem\",\"position\":1,\"name\":\"Home\",\"item\":\"https:\\\/\\\/walktoendals.ca\\\/fr\\\/\"},{\"@type\":\"ListItem\",\"position\":2,\"name\":\"Participez ou donnez\",\"item\":\"https:\\\/\\\/walktoendals.ca\\\/fr\\\/participez-ou-donnez\\\/\"},{\"@type\":\"ListItem\",\"position\":3,\"name\":\"Ontario\",\"item\":\"https:\\\/\\\/walktoendals.ca\\\/fr\\\/participez-ou-donnez\\\/ontario2022\\\/\"},{\"@type\":\"ListItem\",\"position\":4,\"name\":\"Renonciation et d\u00e9charge\"}]},{\"@type\":\"WebSite\",\"@id\":\"https:\\\/\\\/walktoendals.ca\\\/fr\\\/#website\",\"url\":\"https:\\\/\\\/walktoendals.ca\\\/fr\\\/\",\"name\":\"Marche pour Vaincre la SLA\",\"description\":\"Walk to End ALS is a fun, family friendly event that occurs across the country in more than 90 WALK\u2008locations\u2008across\u2008Canada. Join thousands of Canadians in the fight against ALS.\",\"publisher\":{\"@id\":\"https:\\\/\\\/walktoendals.ca\\\/fr\\\/#organization\"},\"potentialAction\":[{\"@type\":\"SearchAction\",\"target\":{\"@type\":\"EntryPoint\",\"urlTemplate\":\"https:\\\/\\\/walktoendals.ca\\\/fr\\\/?s={search_term_string}\"},\"query-input\":{\"@type\":\"PropertyValueSpecification\",\"valueRequired\":true,\"valueName\":\"search_term_string\"}}],\"inLanguage\":\"fr-FR\"},{\"@type\":\"Organization\",\"@id\":\"https:\\\/\\\/walktoendals.ca\\\/fr\\\/#organization\",\"name\":\"ALS Society of Canada\",\"url\":\"https:\\\/\\\/walktoendals.ca\\\/fr\\\/\",\"logo\":{\"@type\":\"ImageObject\",\"inLanguage\":\"fr-FR\",\"@id\":\"https:\\\/\\\/walktoendals.ca\\\/fr\\\/#\\\/schema\\\/logo\\\/image\\\/\",\"url\":\"https:\\\/\\\/walktoendals.ca\\\/wp-content\\\/uploads\\\/2021\\\/01\\\/ALS-Logo-English-Canada.png\",\"contentUrl\":\"https:\\\/\\\/walktoendals.ca\\\/wp-content\\\/uploads\\\/2021\\\/01\\\/ALS-Logo-English-Canada.png\",\"width\":1583,\"height\":1315,\"caption\":\"ALS Society of Canada\"},\"image\":{\"@id\":\"https:\\\/\\\/walktoendals.ca\\\/fr\\\/#\\\/schema\\\/logo\\\/image\\\/\"}}]}<\/script>\n<!-- \/ Yoast SEO plugin. -->","yoast_head_json":{"title":"Renonciation et d\u00e9charge &#8211; Marche pour Vaincre la SLA","robots":{"index":"index","follow":"follow","max-snippet":"max-snippet:-1","max-image-preview":"max-image-preview:large","max-video-preview":"max-video-preview:-1"},"canonical":"https:\/\/walktoendals.ca\/fr\/participez-ou-donnez\/ontario2022\/renonciation\/","og_locale":"fr_FR","og_type":"article","og_title":"Renonciation et d\u00e9charge &#8211; Marche pour Vaincre la SLA","og_description":"Je sais que la participation \u00e0 un \u00e9v\u00e9nement virtuel o\u00f9 je [EX. : COURRAI, CUISINERAI, ETC.] par moi-m\u00eame, \u00e0 l&rsquo;endroit de mon choix, et qui ne b\u00e9n\u00e9ficiera pas des mesures de s\u00e9curit\u00e9 ou de soutien de la Amyotrophic Lateral Sclerosis Society of Canada-Soci\u00e9t\u00e9 canadienne de la scl\u00e9rose lat\u00e9rale amyotrophique (\u00ab Soci\u00e9t\u00e9 canadienne de la SLA [&hellip;]","og_url":"https:\/\/walktoendals.ca\/fr\/participez-ou-donnez\/ontario2022\/renonciation\/","og_site_name":"Marche pour Vaincre la SLA","article_modified_time":"2021-05-17T19:24:30+00:00","twitter_card":"summary_large_image","twitter_misc":{"Dur\u00e9e de lecture estim\u00e9e":"3 minutes"},"schema":{"@context":"https:\/\/schema.org","@graph":[{"@type":"WebPage","@id":"https:\/\/walktoendals.ca\/fr\/participez-ou-donnez\/ontario2022\/renonciation\/","url":"https:\/\/walktoendals.ca\/fr\/participez-ou-donnez\/ontario2022\/renonciation\/","name":"Renonciation et d\u00e9charge &#8211; Marche pour Vaincre la SLA","isPartOf":{"@id":"https:\/\/walktoendals.ca\/fr\/#website"},"datePublished":"2021-05-17T19:21:06+00:00","dateModified":"2021-05-17T19:24:30+00:00","breadcrumb":{"@id":"https:\/\/walktoendals.ca\/fr\/participez-ou-donnez\/ontario2022\/renonciation\/#breadcrumb"},"inLanguage":"fr-FR","potentialAction":[{"@type":"ReadAction","target":["https:\/\/walktoendals.ca\/fr\/participez-ou-donnez\/ontario2022\/renonciation\/"]}]},{"@type":"BreadcrumbList","@id":"https:\/\/walktoendals.ca\/fr\/participez-ou-donnez\/ontario2022\/renonciation\/#breadcrumb","itemListElement":[{"@type":"ListItem","position":1,"name":"Home","item":"https:\/\/walktoendals.ca\/fr\/"},{"@type":"ListItem","position":2,"name":"Participez ou donnez","item":"https:\/\/walktoendals.ca\/fr\/participez-ou-donnez\/"},{"@type":"ListItem","position":3,"name":"Ontario","item":"https:\/\/walktoendals.ca\/fr\/participez-ou-donnez\/ontario2022\/"},{"@type":"ListItem","position":4,"name":"Renonciation et d\u00e9charge"}]},{"@type":"WebSite","@id":"https:\/\/walktoendals.ca\/fr\/#website","url":"https:\/\/walktoendals.ca\/fr\/","name":"Marche pour Vaincre la SLA","description":"Walk to End ALS is a fun, family friendly event that occurs across the country in more than 90 WALK\u2008locations\u2008across\u2008Canada. Join thousands of Canadians in the fight against ALS.","publisher":{"@id":"https:\/\/walktoendals.ca\/fr\/#organization"},"potentialAction":[{"@type":"SearchAction","target":{"@type":"EntryPoint","urlTemplate":"https:\/\/walktoendals.ca\/fr\/?s={search_term_string}"},"query-input":{"@type":"PropertyValueSpecification","valueRequired":true,"valueName":"search_term_string"}}],"inLanguage":"fr-FR"},{"@type":"Organization","@id":"https:\/\/walktoendals.ca\/fr\/#organization","name":"ALS Society of Canada","url":"https:\/\/walktoendals.ca\/fr\/","logo":{"@type":"ImageObject","inLanguage":"fr-FR","@id":"https:\/\/walktoendals.ca\/fr\/#\/schema\/logo\/image\/","url":"https:\/\/walktoendals.ca\/wp-content\/uploads\/2021\/01\/ALS-Logo-English-Canada.png","contentUrl":"https:\/\/walktoendals.ca\/wp-content\/uploads\/2021\/01\/ALS-Logo-English-Canada.png","width":1583,"height":1315,"caption":"ALS Society of Canada"},"image":{"@id":"https:\/\/walktoendals.ca\/fr\/#\/schema\/logo\/image\/"}}]}},"_links":{"self":[{"href":"https:\/\/walktoendals.ca\/fr\/wp-json\/wp\/v2\/pages\/1875","targetHints":{"allow":["GET"]}}],"collection":[{"href":"https:\/\/walktoendals.ca\/fr\/wp-json\/wp\/v2\/pages"}],"about":[{"href":"https:\/\/walktoendals.ca\/fr\/wp-json\/wp\/v2\/types\/page"}],"author":[{"embeddable":true,"href":"https:\/\/walktoendals.ca\/fr\/wp-json\/wp\/v2\/users\/22"}],"replies":[{"embeddable":true,"href":"https:\/\/walktoendals.ca\/fr\/wp-json\/wp\/v2\/comments?post=1875"}],"version-history":[{"count":5,"href":"https:\/\/walktoendals.ca\/fr\/wp-json\/wp\/v2\/pages\/1875\/revisions"}],"predecessor-version":[{"id":1881,"href":"https:\/\/walktoendals.ca\/fr\/wp-json\/wp\/v2\/pages\/1875\/revisions\/1881"}],"up":[{"embeddable":true,"href":"https:\/\/walktoendals.ca\/fr\/wp-json\/wp\/v2\/pages\/199"}],"wp:attachment":[{"href":"https:\/\/walktoendals.ca\/fr\/wp-json\/wp\/v2\/media?parent=1875"}],"curies":[{"name":"wp","href":"https:\/\/api.w.org\/{rel}","templated":true}]}}