{"id":199,"date":"2016-01-27T21:44:27","date_gmt":"2016-01-27T21:44:27","guid":{"rendered":"https:\/\/walktoendals.ca\/fr\/?page_id=199"},"modified":"2023-01-23T19:09:40","modified_gmt":"2023-01-23T19:09:40","slug":"ontario2022","status":"publish","type":"page","link":"https:\/\/walktoendals.ca\/fr\/ontario2022\/","title":{"rendered":"Ontario"},"content":{"rendered":"<p>&nbsp;<\/p>\n<h3><strong>MERCI D&rsquo;AVOIR PARTICIP\u00c9 \u00c0 LA MARCHE POUR VAINCRE LA SLA 2022!<\/strong><\/h3>\n<p>Merci \u00e0 tous ceux qui ont march\u00e9 et collect\u00e9 des fonds pour la Marche pour vaincre la SLA 2022 de la Soci\u00e9t\u00e9 canadienne de la SLA! Vous avez contribu\u00e9 \u00e0 collecter plus de 1,6 million de dollars cette ann\u00e9e, et ce n&rsquo;est pas fini! Quelle r\u00e9alisation remarquable qui montre le pouvoir de notre communaut\u00e9 et son impact collectif \u00e0 travers la province.<\/p>\n<p>Merci de rendre hommage \u00e0 ceux que nous avons aim\u00e9s et perdus, de vous inspirer les uns les autres et de vous mobiliser pour ceux qui vivent aujourd&rsquo;hui avec la SLA. Les fonds que vous avez amass\u00e9s sont essentiels pour investir dans la recherche et pour soutenir les personnes et leurs familles touch\u00e9es par la maladie en Ontario.<\/p>\n<p>N&rsquo;oubliez pas qu&rsquo;il n&rsquo;est pas trop tard pour faire un don &#8211; <strong><a href=\"https:\/\/secure.e2rm.com\/registrant\/Donate.aspx?EventID=366341&amp;LangPref=fr-CA&amp;Referrer=direct%2fnone\" target=\"_blank\" rel=\"noopener\">nous acceptons encore les dons<\/a><\/strong> jusqu&rsquo;au 31 d\u00e9cembre 2022.<\/p>\n<p>Si vous avez des questions, n&rsquo;h\u00e9sitez pas \u00e0 contacter <strong><a href=\"mailto:info@walktoendals.ca\" target=\"_blank\" rel=\"noopener\">info@walktoendals.ca<\/a><\/strong>.<\/p>\n<p>Nous esp\u00e9rons vous voir l&rsquo;ann\u00e9e prochaine!<\/p>\n","protected":false},"excerpt":{"rendered":"<p>&nbsp; MERCI D&rsquo;AVOIR PARTICIP\u00c9 \u00c0 LA MARCHE POUR VAINCRE LA SLA 2022! Merci \u00e0 tous ceux qui ont march\u00e9 et collect\u00e9 des fonds pour la Marche pour vaincre la SLA 2022 de la Soci\u00e9t\u00e9 canadienne de la SLA! Vous avez contribu\u00e9 \u00e0 collecter plus de 1,6 million de dollars cette ann\u00e9e, et ce n&rsquo;est pas [&hellip;]<\/p>\n","protected":false},"author":9,"featured_media":2113,"parent":0,"menu_order":0,"comment_status":"closed","ping_status":"closed","template":"page-templates\/province.php","meta":{"footnotes":""},"class_list":["post-199","page","type-page","status-publish","has-post-thumbnail","hentry"],"yoast_head":"<!-- This site is optimized with the Yoast SEO plugin v27.2 - https:\/\/yoast.com\/product\/yoast-seo-wordpress\/ -->\n<title>Ontario &#8211; Marche pour Vaincre la SLA<\/title>\n<meta name=\"robots\" content=\"index, follow, max-snippet:-1, max-image-preview:large, max-video-preview:-1\" \/>\n<link rel=\"canonical\" href=\"https:\/\/walktoendals.ca\/fr\/participez-ou-donnez\/ontario2022\/\" \/>\n<meta property=\"og:locale\" content=\"fr_FR\" \/>\n<meta property=\"og:type\" content=\"article\" \/>\n<meta property=\"og:title\" content=\"Ontario &#8211; Marche pour Vaincre la SLA\" \/>\n<meta property=\"og:description\" content=\"&nbsp; MERCI D&rsquo;AVOIR PARTICIP\u00c9 \u00c0 LA MARCHE POUR VAINCRE LA SLA 2022! Merci \u00e0 tous ceux qui ont march\u00e9 et collect\u00e9 des fonds pour la Marche pour vaincre la SLA 2022 de la Soci\u00e9t\u00e9 canadienne de la SLA! Vous avez contribu\u00e9 \u00e0 collecter plus de 1,6 million de dollars cette ann\u00e9e, et ce n&rsquo;est pas [&hellip;]\" \/>\n<meta property=\"og:url\" content=\"https:\/\/walktoendals.ca\/fr\/participez-ou-donnez\/ontario2022\/\" \/>\n<meta property=\"og:site_name\" content=\"Marche pour Vaincre la SLA\" \/>\n<meta property=\"article:modified_time\" content=\"2023-01-23T19:09:40+00:00\" \/>\n<meta property=\"og:image\" content=\"https:\/\/walktoendals.ca\/wp-content\/uploads\/2022\/02\/Ontario-Website-Hero-Image_FR.png\" \/>\n\t<meta property=\"og:image:width\" content=\"4000\" \/>\n\t<meta property=\"og:image:height\" content=\"813\" \/>\n\t<meta property=\"og:image:type\" content=\"image\/png\" \/>\n<meta name=\"twitter:card\" content=\"summary_large_image\" \/>\n<meta name=\"twitter:label1\" content=\"Dur\u00e9e de lecture estim\u00e9e\" \/>\n\t<meta name=\"twitter:data1\" content=\"1 minute\" \/>\n<script type=\"application\/ld+json\" class=\"yoast-schema-graph\">{\"@context\":\"https:\/\/schema.org\",\"@graph\":[{\"@type\":\"WebPage\",\"@id\":\"https:\/\/walktoendals.ca\/fr\/participez-ou-donnez\/ontario2022\/\",\"url\":\"https:\/\/walktoendals.ca\/fr\/participez-ou-donnez\/ontario2022\/\",\"name\":\"Ontario &#8211; Marche pour Vaincre la SLA\",\"isPartOf\":{\"@id\":\"https:\/\/walktoendals.ca\/fr\/#website\"},\"primaryImageOfPage\":{\"@id\":\"https:\/\/walktoendals.ca\/fr\/participez-ou-donnez\/ontario2022\/#primaryimage\"},\"image\":{\"@id\":\"https:\/\/walktoendals.ca\/fr\/participez-ou-donnez\/ontario2022\/#primaryimage\"},\"thumbnailUrl\":\"https:\/\/walktoendals.ca\/wp-content\/uploads\/2022\/02\/Ontario-Website-Hero-Image_FR.png\",\"datePublished\":\"2016-01-27T21:44:27+00:00\",\"dateModified\":\"2023-01-23T19:09:40+00:00\",\"breadcrumb\":{\"@id\":\"https:\/\/walktoendals.ca\/fr\/participez-ou-donnez\/ontario2022\/#breadcrumb\"},\"inLanguage\":\"fr-FR\",\"potentialAction\":[{\"@type\":\"ReadAction\",\"target\":[\"https:\/\/walktoendals.ca\/fr\/participez-ou-donnez\/ontario2022\/\"]}]},{\"@type\":\"ImageObject\",\"inLanguage\":\"fr-FR\",\"@id\":\"https:\/\/walktoendals.ca\/fr\/participez-ou-donnez\/ontario2022\/#primaryimage\",\"url\":\"https:\/\/walktoendals.ca\/wp-content\/uploads\/2022\/02\/Ontario-Website-Hero-Image_FR.png\",\"contentUrl\":\"https:\/\/walktoendals.ca\/wp-content\/uploads\/2022\/02\/Ontario-Website-Hero-Image_FR.png\",\"width\":4000,\"height\":813},{\"@type\":\"BreadcrumbList\",\"@id\":\"https:\/\/walktoendals.ca\/fr\/participez-ou-donnez\/ontario2022\/#breadcrumb\",\"itemListElement\":[{\"@type\":\"ListItem\",\"position\":1,\"name\":\"Home\",\"item\":\"https:\/\/walktoendals.ca\/fr\/\"},{\"@type\":\"ListItem\",\"position\":2,\"name\":\"Participez ou donnez\",\"item\":\"https:\/\/walktoendals.ca\/fr\/participez-ou-donnez\/\"},{\"@type\":\"ListItem\",\"position\":3,\"name\":\"Ontario\"}]},{\"@type\":\"WebSite\",\"@id\":\"https:\/\/walktoendals.ca\/fr\/#website\",\"url\":\"https:\/\/walktoendals.ca\/fr\/\",\"name\":\"Marche pour Vaincre la SLA\",\"description\":\"Walk to End ALS is a fun, family friendly event that occurs across the country in more than 90 WALK\u2008locations\u2008across\u2008Canada. Join thousands of Canadians in the fight against ALS.\",\"publisher\":{\"@id\":\"https:\/\/walktoendals.ca\/fr\/#organization\"},\"potentialAction\":[{\"@type\":\"SearchAction\",\"target\":{\"@type\":\"EntryPoint\",\"urlTemplate\":\"https:\/\/walktoendals.ca\/fr\/?s={search_term_string}\"},\"query-input\":{\"@type\":\"PropertyValueSpecification\",\"valueRequired\":true,\"valueName\":\"search_term_string\"}}],\"inLanguage\":\"fr-FR\"},{\"@type\":\"Organization\",\"@id\":\"https:\/\/walktoendals.ca\/fr\/#organization\",\"name\":\"ALS Society of Canada\",\"url\":\"https:\/\/walktoendals.ca\/fr\/\",\"logo\":{\"@type\":\"ImageObject\",\"inLanguage\":\"fr-FR\",\"@id\":\"https:\/\/walktoendals.ca\/fr\/#\/schema\/logo\/image\/\",\"url\":\"https:\/\/walktoendals.ca\/wp-content\/uploads\/2021\/01\/ALS-Logo-English-Canada.png\",\"contentUrl\":\"https:\/\/walktoendals.ca\/wp-content\/uploads\/2021\/01\/ALS-Logo-English-Canada.png\",\"width\":1583,\"height\":1315,\"caption\":\"ALS Society of Canada\"},\"image\":{\"@id\":\"https:\/\/walktoendals.ca\/fr\/#\/schema\/logo\/image\/\"}}]}<\/script>\n<!-- \/ Yoast SEO plugin. -->","yoast_head_json":{"title":"Ontario &#8211; Marche pour Vaincre la SLA","robots":{"index":"index","follow":"follow","max-snippet":"max-snippet:-1","max-image-preview":"max-image-preview:large","max-video-preview":"max-video-preview:-1"},"canonical":"https:\/\/walktoendals.ca\/fr\/participez-ou-donnez\/ontario2022\/","og_locale":"fr_FR","og_type":"article","og_title":"Ontario &#8211; Marche pour Vaincre la SLA","og_description":"&nbsp; MERCI D&rsquo;AVOIR PARTICIP\u00c9 \u00c0 LA MARCHE POUR VAINCRE LA SLA 2022! Merci \u00e0 tous ceux qui ont march\u00e9 et collect\u00e9 des fonds pour la Marche pour vaincre la SLA 2022 de la Soci\u00e9t\u00e9 canadienne de la SLA! Vous avez contribu\u00e9 \u00e0 collecter plus de 1,6 million de dollars cette ann\u00e9e, et ce n&rsquo;est pas [&hellip;]","og_url":"https:\/\/walktoendals.ca\/fr\/participez-ou-donnez\/ontario2022\/","og_site_name":"Marche pour Vaincre la SLA","article_modified_time":"2023-01-23T19:09:40+00:00","og_image":[{"width":4000,"height":813,"url":"https:\/\/walktoendals.ca\/wp-content\/uploads\/2022\/02\/Ontario-Website-Hero-Image_FR.png","type":"image\/png"}],"twitter_card":"summary_large_image","twitter_misc":{"Dur\u00e9e de lecture estim\u00e9e":"1 minute"},"schema":{"@context":"https:\/\/schema.org","@graph":[{"@type":"WebPage","@id":"https:\/\/walktoendals.ca\/fr\/participez-ou-donnez\/ontario2022\/","url":"https:\/\/walktoendals.ca\/fr\/participez-ou-donnez\/ontario2022\/","name":"Ontario &#8211; Marche pour Vaincre la SLA","isPartOf":{"@id":"https:\/\/walktoendals.ca\/fr\/#website"},"primaryImageOfPage":{"@id":"https:\/\/walktoendals.ca\/fr\/participez-ou-donnez\/ontario2022\/#primaryimage"},"image":{"@id":"https:\/\/walktoendals.ca\/fr\/participez-ou-donnez\/ontario2022\/#primaryimage"},"thumbnailUrl":"https:\/\/walktoendals.ca\/wp-content\/uploads\/2022\/02\/Ontario-Website-Hero-Image_FR.png","datePublished":"2016-01-27T21:44:27+00:00","dateModified":"2023-01-23T19:09:40+00:00","breadcrumb":{"@id":"https:\/\/walktoendals.ca\/fr\/participez-ou-donnez\/ontario2022\/#breadcrumb"},"inLanguage":"fr-FR","potentialAction":[{"@type":"ReadAction","target":["https:\/\/walktoendals.ca\/fr\/participez-ou-donnez\/ontario2022\/"]}]},{"@type":"ImageObject","inLanguage":"fr-FR","@id":"https:\/\/walktoendals.ca\/fr\/participez-ou-donnez\/ontario2022\/#primaryimage","url":"https:\/\/walktoendals.ca\/wp-content\/uploads\/2022\/02\/Ontario-Website-Hero-Image_FR.png","contentUrl":"https:\/\/walktoendals.ca\/wp-content\/uploads\/2022\/02\/Ontario-Website-Hero-Image_FR.png","width":4000,"height":813},{"@type":"BreadcrumbList","@id":"https:\/\/walktoendals.ca\/fr\/participez-ou-donnez\/ontario2022\/#breadcrumb","itemListElement":[{"@type":"ListItem","position":1,"name":"Home","item":"https:\/\/walktoendals.ca\/fr\/"},{"@type":"ListItem","position":2,"name":"Participez ou donnez","item":"https:\/\/walktoendals.ca\/fr\/participez-ou-donnez\/"},{"@type":"ListItem","position":3,"name":"Ontario"}]},{"@type":"WebSite","@id":"https:\/\/walktoendals.ca\/fr\/#website","url":"https:\/\/walktoendals.ca\/fr\/","name":"Marche pour Vaincre la SLA","description":"Walk to End ALS is a fun, family friendly event that occurs across the country in more than 90 WALK\u2008locations\u2008across\u2008Canada. Join thousands of Canadians in the fight against ALS.","publisher":{"@id":"https:\/\/walktoendals.ca\/fr\/#organization"},"potentialAction":[{"@type":"SearchAction","target":{"@type":"EntryPoint","urlTemplate":"https:\/\/walktoendals.ca\/fr\/?s={search_term_string}"},"query-input":{"@type":"PropertyValueSpecification","valueRequired":true,"valueName":"search_term_string"}}],"inLanguage":"fr-FR"},{"@type":"Organization","@id":"https:\/\/walktoendals.ca\/fr\/#organization","name":"ALS Society of Canada","url":"https:\/\/walktoendals.ca\/fr\/","logo":{"@type":"ImageObject","inLanguage":"fr-FR","@id":"https:\/\/walktoendals.ca\/fr\/#\/schema\/logo\/image\/","url":"https:\/\/walktoendals.ca\/wp-content\/uploads\/2021\/01\/ALS-Logo-English-Canada.png","contentUrl":"https:\/\/walktoendals.ca\/wp-content\/uploads\/2021\/01\/ALS-Logo-English-Canada.png","width":1583,"height":1315,"caption":"ALS Society of Canada"},"image":{"@id":"https:\/\/walktoendals.ca\/fr\/#\/schema\/logo\/image\/"}}]}},"_links":{"self":[{"href":"https:\/\/walktoendals.ca\/fr\/wp-json\/wp\/v2\/pages\/199","targetHints":{"allow":["GET"]}}],"collection":[{"href":"https:\/\/walktoendals.ca\/fr\/wp-json\/wp\/v2\/pages"}],"about":[{"href":"https:\/\/walktoendals.ca\/fr\/wp-json\/wp\/v2\/types\/page"}],"author":[{"embeddable":true,"href":"https:\/\/walktoendals.ca\/fr\/wp-json\/wp\/v2\/users\/9"}],"replies":[{"embeddable":true,"href":"https:\/\/walktoendals.ca\/fr\/wp-json\/wp\/v2\/comments?post=199"}],"version-history":[{"count":28,"href":"https:\/\/walktoendals.ca\/fr\/wp-json\/wp\/v2\/pages\/199\/revisions"}],"predecessor-version":[{"id":1804,"href":"https:\/\/walktoendals.ca\/fr\/wp-json\/wp\/v2\/pages\/199\/revisions\/1804"}],"wp:featuredmedia":[{"embeddable":true,"href":"https:\/\/walktoendals.ca\/fr\/wp-json\/wp\/v2\/media\/2113"}],"wp:attachment":[{"href":"https:\/\/walktoendals.ca\/fr\/wp-json\/wp\/v2\/media?parent=199"}],"curies":[{"name":"wp","href":"https:\/\/api.w.org\/{rel}","templated":true}]}}