{"id":202,"date":"2016-01-27T21:46:38","date_gmt":"2016-01-27T21:46:38","guid":{"rendered":"https:\/\/walktoendals.ca\/fr\/?page_id=202"},"modified":"2023-01-27T20:22:32","modified_gmt":"2023-01-27T20:22:32","slug":"ile-du-prince-edouard2022","status":"publish","type":"page","link":"https:\/\/walktoendals.ca\/fr\/ile-du-prince-edouard2022\/","title":{"rendered":"\u00cele-du-Prince-\u00c9douard"},"content":{"rendered":"<p>&nbsp;<\/p>\n<h2><strong>LA MARCHE POUR VAINCRE LA SLA REVIENT EN 2022!<\/strong><\/h2>\n<p>Rep\u00e9rez un \u00e9v\u00e9nement en personne pr\u00e8s de chez vous!<\/p>\n<p>Apr\u00e8s deux ans d\u2019\u00e9loignement, nous sommes ravis de pouvoir enfin nous rassembler pour c\u00e9l\u00e9brer et honorer toutes les personnes ch\u00e8res qui nous ont quitt\u00e9es en raison de cette maladie et manifester notre appui aux plus de 3 000 Canadiens, et \u00e0 leur famille, qui vivent avec la SLA!<\/p>\n<p>Vous trouverez plus de d\u00e9tails sur les lieux et les dates des \u00e9v\u00e9nements en personne sur la page Web de chaque emplacement ci-dessous.<\/p>\n<p>La Marche pour vaincre la SLA, c\u2019est plus qu\u2019une activit\u00e9 de collecte de fonds; c\u2019est un \u00e9v\u00e9nement qui renforce les liens communautaires et qui rapproche les gens. C\u2019est aussi un \u00e9v\u00e9nement qui permet de c\u00e9l\u00e9brer, de comm\u00e9morer, de nous appuyer mutuellement et de d\u00e9montrer \u00e0 quel point notre communaut\u00e9 est forte.<\/p>\n","protected":false},"excerpt":{"rendered":"<p>&nbsp; LA MARCHE POUR VAINCRE LA SLA REVIENT EN 2022! Rep\u00e9rez un \u00e9v\u00e9nement en personne pr\u00e8s de chez vous! Apr\u00e8s deux ans d\u2019\u00e9loignement, nous sommes ravis de pouvoir enfin nous rassembler pour c\u00e9l\u00e9brer et honorer toutes les personnes ch\u00e8res qui nous ont quitt\u00e9es en raison de cette maladie et manifester notre appui aux plus de [&hellip;]<\/p>\n","protected":false},"author":9,"featured_media":0,"parent":0,"menu_order":0,"comment_status":"closed","ping_status":"closed","template":"page-templates\/province.php","meta":{"footnotes":""},"class_list":["post-202","page","type-page","status-publish","hentry"],"yoast_head":"<!-- This site is optimized with the Yoast SEO plugin v27.2 - https:\/\/yoast.com\/product\/yoast-seo-wordpress\/ -->\n<title>\u00cele-du-Prince-\u00c9douard &#8211; Marche pour Vaincre la SLA<\/title>\n<meta name=\"robots\" content=\"index, follow, max-snippet:-1, max-image-preview:large, max-video-preview:-1\" \/>\n<link rel=\"canonical\" href=\"https:\/\/walktoendals.ca\/fr\/ile-du-prince-edouard2022\/\" \/>\n<meta property=\"og:locale\" content=\"fr_FR\" \/>\n<meta property=\"og:type\" content=\"article\" \/>\n<meta property=\"og:title\" content=\"\u00cele-du-Prince-\u00c9douard &#8211; Marche pour Vaincre la SLA\" \/>\n<meta property=\"og:description\" content=\"&nbsp; LA MARCHE POUR VAINCRE LA SLA REVIENT EN 2022! Rep\u00e9rez un \u00e9v\u00e9nement en personne pr\u00e8s de chez vous! Apr\u00e8s deux ans d\u2019\u00e9loignement, nous sommes ravis de pouvoir enfin nous rassembler pour c\u00e9l\u00e9brer et honorer toutes les personnes ch\u00e8res qui nous ont quitt\u00e9es en raison de cette maladie et manifester notre appui aux plus de [&hellip;]\" \/>\n<meta property=\"og:url\" content=\"https:\/\/walktoendals.ca\/fr\/ile-du-prince-edouard2022\/\" \/>\n<meta property=\"og:site_name\" content=\"Marche pour Vaincre la SLA\" \/>\n<meta property=\"article:modified_time\" content=\"2023-01-27T20:22:32+00:00\" \/>\n<meta name=\"twitter:card\" content=\"summary_large_image\" \/>\n<meta name=\"twitter:label1\" content=\"Dur\u00e9e de lecture estim\u00e9e\" \/>\n\t<meta name=\"twitter:data1\" content=\"1 minute\" \/>\n<script type=\"application\/ld+json\" class=\"yoast-schema-graph\">{\"@context\":\"https:\/\/schema.org\",\"@graph\":[{\"@type\":\"WebPage\",\"@id\":\"https:\/\/walktoendals.ca\/fr\/ile-du-prince-edouard2022\/\",\"url\":\"https:\/\/walktoendals.ca\/fr\/ile-du-prince-edouard2022\/\",\"name\":\"\u00cele-du-Prince-\u00c9douard &#8211; Marche pour Vaincre la SLA\",\"isPartOf\":{\"@id\":\"https:\/\/walktoendals.ca\/fr\/#website\"},\"datePublished\":\"2016-01-27T21:46:38+00:00\",\"dateModified\":\"2023-01-27T20:22:32+00:00\",\"breadcrumb\":{\"@id\":\"https:\/\/walktoendals.ca\/fr\/ile-du-prince-edouard2022\/#breadcrumb\"},\"inLanguage\":\"fr-FR\",\"potentialAction\":[{\"@type\":\"ReadAction\",\"target\":[\"https:\/\/walktoendals.ca\/fr\/ile-du-prince-edouard2022\/\"]}]},{\"@type\":\"BreadcrumbList\",\"@id\":\"https:\/\/walktoendals.ca\/fr\/ile-du-prince-edouard2022\/#breadcrumb\",\"itemListElement\":[{\"@type\":\"ListItem\",\"position\":1,\"name\":\"Home\",\"item\":\"https:\/\/walktoendals.ca\/fr\/\"},{\"@type\":\"ListItem\",\"position\":2,\"name\":\"\u00cele-du-Prince-\u00c9douard\"}]},{\"@type\":\"WebSite\",\"@id\":\"https:\/\/walktoendals.ca\/fr\/#website\",\"url\":\"https:\/\/walktoendals.ca\/fr\/\",\"name\":\"Marche pour Vaincre la SLA\",\"description\":\"Walk to End ALS is a fun, family friendly event that occurs across the country in more than 90 WALK\u2008locations\u2008across\u2008Canada. Join thousands of Canadians in the fight against ALS.\",\"publisher\":{\"@id\":\"https:\/\/walktoendals.ca\/fr\/#organization\"},\"potentialAction\":[{\"@type\":\"SearchAction\",\"target\":{\"@type\":\"EntryPoint\",\"urlTemplate\":\"https:\/\/walktoendals.ca\/fr\/?s={search_term_string}\"},\"query-input\":{\"@type\":\"PropertyValueSpecification\",\"valueRequired\":true,\"valueName\":\"search_term_string\"}}],\"inLanguage\":\"fr-FR\"},{\"@type\":\"Organization\",\"@id\":\"https:\/\/walktoendals.ca\/fr\/#organization\",\"name\":\"ALS Society of Canada\",\"url\":\"https:\/\/walktoendals.ca\/fr\/\",\"logo\":{\"@type\":\"ImageObject\",\"inLanguage\":\"fr-FR\",\"@id\":\"https:\/\/walktoendals.ca\/fr\/#\/schema\/logo\/image\/\",\"url\":\"https:\/\/walktoendals.ca\/wp-content\/uploads\/2021\/01\/ALS-Logo-English-Canada.png\",\"contentUrl\":\"https:\/\/walktoendals.ca\/wp-content\/uploads\/2021\/01\/ALS-Logo-English-Canada.png\",\"width\":1583,\"height\":1315,\"caption\":\"ALS Society of Canada\"},\"image\":{\"@id\":\"https:\/\/walktoendals.ca\/fr\/#\/schema\/logo\/image\/\"}}]}<\/script>\n<!-- \/ Yoast SEO plugin. -->","yoast_head_json":{"title":"\u00cele-du-Prince-\u00c9douard &#8211; Marche pour Vaincre la SLA","robots":{"index":"index","follow":"follow","max-snippet":"max-snippet:-1","max-image-preview":"max-image-preview:large","max-video-preview":"max-video-preview:-1"},"canonical":"https:\/\/walktoendals.ca\/fr\/ile-du-prince-edouard2022\/","og_locale":"fr_FR","og_type":"article","og_title":"\u00cele-du-Prince-\u00c9douard &#8211; Marche pour Vaincre la SLA","og_description":"&nbsp; LA MARCHE POUR VAINCRE LA SLA REVIENT EN 2022! Rep\u00e9rez un \u00e9v\u00e9nement en personne pr\u00e8s de chez vous! Apr\u00e8s deux ans d\u2019\u00e9loignement, nous sommes ravis de pouvoir enfin nous rassembler pour c\u00e9l\u00e9brer et honorer toutes les personnes ch\u00e8res qui nous ont quitt\u00e9es en raison de cette maladie et manifester notre appui aux plus de [&hellip;]","og_url":"https:\/\/walktoendals.ca\/fr\/ile-du-prince-edouard2022\/","og_site_name":"Marche pour Vaincre la SLA","article_modified_time":"2023-01-27T20:22:32+00:00","twitter_card":"summary_large_image","twitter_misc":{"Dur\u00e9e de lecture estim\u00e9e":"1 minute"},"schema":{"@context":"https:\/\/schema.org","@graph":[{"@type":"WebPage","@id":"https:\/\/walktoendals.ca\/fr\/ile-du-prince-edouard2022\/","url":"https:\/\/walktoendals.ca\/fr\/ile-du-prince-edouard2022\/","name":"\u00cele-du-Prince-\u00c9douard &#8211; Marche pour Vaincre la SLA","isPartOf":{"@id":"https:\/\/walktoendals.ca\/fr\/#website"},"datePublished":"2016-01-27T21:46:38+00:00","dateModified":"2023-01-27T20:22:32+00:00","breadcrumb":{"@id":"https:\/\/walktoendals.ca\/fr\/ile-du-prince-edouard2022\/#breadcrumb"},"inLanguage":"fr-FR","potentialAction":[{"@type":"ReadAction","target":["https:\/\/walktoendals.ca\/fr\/ile-du-prince-edouard2022\/"]}]},{"@type":"BreadcrumbList","@id":"https:\/\/walktoendals.ca\/fr\/ile-du-prince-edouard2022\/#breadcrumb","itemListElement":[{"@type":"ListItem","position":1,"name":"Home","item":"https:\/\/walktoendals.ca\/fr\/"},{"@type":"ListItem","position":2,"name":"\u00cele-du-Prince-\u00c9douard"}]},{"@type":"WebSite","@id":"https:\/\/walktoendals.ca\/fr\/#website","url":"https:\/\/walktoendals.ca\/fr\/","name":"Marche pour Vaincre la SLA","description":"Walk to End ALS is a fun, family friendly event that occurs across the country in more than 90 WALK\u2008locations\u2008across\u2008Canada. Join thousands of Canadians in the fight against ALS.","publisher":{"@id":"https:\/\/walktoendals.ca\/fr\/#organization"},"potentialAction":[{"@type":"SearchAction","target":{"@type":"EntryPoint","urlTemplate":"https:\/\/walktoendals.ca\/fr\/?s={search_term_string}"},"query-input":{"@type":"PropertyValueSpecification","valueRequired":true,"valueName":"search_term_string"}}],"inLanguage":"fr-FR"},{"@type":"Organization","@id":"https:\/\/walktoendals.ca\/fr\/#organization","name":"ALS Society of Canada","url":"https:\/\/walktoendals.ca\/fr\/","logo":{"@type":"ImageObject","inLanguage":"fr-FR","@id":"https:\/\/walktoendals.ca\/fr\/#\/schema\/logo\/image\/","url":"https:\/\/walktoendals.ca\/wp-content\/uploads\/2021\/01\/ALS-Logo-English-Canada.png","contentUrl":"https:\/\/walktoendals.ca\/wp-content\/uploads\/2021\/01\/ALS-Logo-English-Canada.png","width":1583,"height":1315,"caption":"ALS Society of Canada"},"image":{"@id":"https:\/\/walktoendals.ca\/fr\/#\/schema\/logo\/image\/"}}]}},"_links":{"self":[{"href":"https:\/\/walktoendals.ca\/fr\/wp-json\/wp\/v2\/pages\/202","targetHints":{"allow":["GET"]}}],"collection":[{"href":"https:\/\/walktoendals.ca\/fr\/wp-json\/wp\/v2\/pages"}],"about":[{"href":"https:\/\/walktoendals.ca\/fr\/wp-json\/wp\/v2\/types\/page"}],"author":[{"embeddable":true,"href":"https:\/\/walktoendals.ca\/fr\/wp-json\/wp\/v2\/users\/9"}],"replies":[{"embeddable":true,"href":"https:\/\/walktoendals.ca\/fr\/wp-json\/wp\/v2\/comments?post=202"}],"version-history":[{"count":15,"href":"https:\/\/walktoendals.ca\/fr\/wp-json\/wp\/v2\/pages\/202\/revisions"}],"predecessor-version":[{"id":2295,"href":"https:\/\/walktoendals.ca\/fr\/wp-json\/wp\/v2\/pages\/202\/revisions\/2295"}],"wp:attachment":[{"href":"https:\/\/walktoendals.ca\/fr\/wp-json\/wp\/v2\/media?parent=202"}],"curies":[{"name":"wp","href":"https:\/\/api.w.org\/{rel}","templated":true}]}}