{"id":2977,"date":"2023-03-17T18:21:37","date_gmt":"2023-03-17T18:21:37","guid":{"rendered":"https:\/\/walktoendals.ca\/?page_id=2977"},"modified":"2026-03-10T21:04:57","modified_gmt":"2026-03-10T21:04:57","slug":"recompenses","status":"publish","type":"page","link":"https:\/\/walktoendals.ca\/fr\/recompenses\/","title":{"rendered":"R\u00e9compenses"},"content":{"rendered":"\t\t<div data-elementor-type=\"wp-page\" data-elementor-id=\"2977\" class=\"elementor elementor-2977 elementor-2729\">\n\t\t\t\t\t\t<section class=\"elementor-section elementor-top-section elementor-element elementor-element-f26d43b elementor-section-boxed elementor-section-height-default elementor-section-height-default\" data-id=\"f26d43b\" data-element_type=\"section\" data-e-type=\"section\">\n\t\t\t\t\t\t<div class=\"elementor-container elementor-column-gap-default\">\n\t\t\t\t\t<div class=\"elementor-column elementor-col-100 elementor-top-column elementor-element elementor-element-2563fbc\" data-id=\"2563fbc\" data-element_type=\"column\" data-e-type=\"column\">\n\t\t\t<div class=\"elementor-widget-wrap elementor-element-populated\">\n\t\t\t\t\t\t<div class=\"elementor-element elementor-element-cb2562e elementor-widget elementor-widget-html\" data-id=\"cb2562e\" data-element_type=\"widget\" data-e-type=\"widget\" data-widget_type=\"html.default\">\n\t\t\t\t<div class=\"elementor-widget-container\">\n\t\t\t\t\t<div class=\"walk-rewards\">\r\n  <div class=\"wrap\">\r\n\r\n    <!-- HERO -->\r\n    <section class=\"rewards-hero\">\r\n      <div class=\"rewards-hero-inner\">\r\n        <div class=\"rewards-copy\">\r\n\r\n          <p class=\"rewards-lead\" style=\"color: #222222\">\r\n            Amassez des fonds et obtenez des r\u00e9compenses exclusives de la Marche pour vaincre la SLA.\r\n          <\/p>\r\n        <\/div>\r\n      <\/div>\r\n    <\/section>\r\n\r\n    <!-- TIERS -->\r\n    <section class=\"tiers-grid\" aria-label=\"Niveaux de r\u00e9compenses\">\r\n\r\n      <article class=\"tier-card\">\r\n        <div class=\"tier-image\">\r\n          <img decoding=\"async\"\r\n            src=\"https:\/\/walktoendals.ca\/wp-content\/uploads\/2026\/03\/Tier-1-1.png\"\r\n            alt=\"R\u00e9compense du niveau 1, chaussettes en coton pour les participants qui amassent 300 $ ou plus\">\r\n        <\/div>\r\n\r\n        <div class=\"tier-body\">\r\n          <h3>Amassez 300 $+<\/h3>\r\n          <p>Chaussettes en coton<\/p>\r\n        <\/div>\r\n      <\/article>\r\n\r\n      <article class=\"tier-card\">\r\n        <div class=\"tier-image\">\r\n          <img decoding=\"async\"\r\n            src=\"https:\/\/walktoendals.ca\/wp-content\/uploads\/2026\/03\/Tier-2-1.png\"\r\n            alt=\"R\u00e9compense du niveau 2, serviette d\u2019encouragement pour les participants qui amassent 600 $ ou plus\">\r\n        <\/div>\r\n\r\n        <div class=\"tier-body\">\r\n          <h3>Amassez 600 $+<\/h3>\r\n          <p>Serviette d\u2019encouragement<\/p>\r\n        <\/div>\r\n      <\/article>\r\n\r\n      <article class=\"tier-card\">\r\n        <div class=\"tier-image\">\r\n          <img decoding=\"async\"\r\n            src=\"https:\/\/walktoendals.ca\/wp-content\/uploads\/2026\/03\/Tier-3-1.png\"\r\n            alt=\"R\u00e9compense du niveau 3, casquette brod\u00e9e pour les participants qui amassent 1 200 $ ou plus\">\r\n        <\/div>\r\n\r\n        <div class=\"tier-body\">\r\n          <h3>Amassez 1 200 $+<\/h3>\r\n          <p>Casquette brod\u00e9e<\/p>\r\n        <\/div>\r\n      <\/article>\r\n\r\n      <article class=\"tier-card tier-card--featured\">\r\n        <div class=\"tier-image\">\r\n          <img decoding=\"async\"\r\n            src=\"https:\/\/walktoendals.ca\/wp-content\/uploads\/2026\/03\/Tier-4-1.png\"\r\n            alt=\"R\u00e9compense du niveau 4, les trois cadeaux pour les participants qui amassent 3 500 $ ou plus\">\r\n        <\/div>\r\n\r\n        <div class=\"tier-body\">\r\n          <h3>Amassez 3 500 $+<\/h3>\r\n          <p>Les trois<\/p>\r\n        <\/div>\r\n      <\/article>\r\n\r\n    <\/section>\r\n\r\n    <!-- ELIGIBILITY -->\r\n    <section class=\"rewards-info\">\r\n      <header class=\"info-head\">\r\n        \r\n        <h2>D\u00e9tails des r\u00e9compenses<\/h2>\r\n      <\/header>\r\n\r\n      <div class=\"info-body\">\r\n        <ul>\r\n          <li style=\"color: #222222\">Les r\u00e9compenses sont offertes aux participants individuels seulement (malheureusement, les totaux d\u2019\u00e9quipe ne sont pas admissibles).<\/li>\r\n          <li style=\"color: #222222\">L\u2019admissibilit\u00e9 est bas\u00e9e sur les totaux de collecte de fonds en ligne.<\/li>\r\n          <li style=\"color: #222222\">Les r\u00e9compenses peuvent seulement \u00eatre exp\u00e9di\u00e9es \u00e0 des adresses situ\u00e9es en Ontario.<\/li>\r\n          <li style=\"color: #222222\">La date limite pour atteindre l\u2019un de ces niveaux est le vendredi 31 juillet 2026. Les personnes admissibles seront contact\u00e9es apr\u00e8s cette date et pourront soit r\u00e9clamer leur cadeau, soit en faire don \u00e0 la Soci\u00e9t\u00e9 canadienne de la SLA.<\/li>\r\n        <\/ul>\r\n      <\/div>\r\n    <\/section>\r\n\r\n  <\/div>\r\n<\/div>\r\n\r\n<style>\r\n    :root{\r\n  --page-max: 1120px;\r\n  --radius: 18px;\r\n\r\n  --ink: #16181d;\r\n  --muted: #5b616e;\r\n  --line: #e6e8ee;\r\n  --panel: #ffffff;\r\n  --panel-2: #f7f8fb;\r\n\r\n  --accent: #671E75;\r\n  --shadow-soft: 0 6px 18px rgba(16,24,40,.08);\r\n  --shadow-med: 0 12px 28px rgba(16,24,40,.10);\r\n}\r\n\r\n\/* ---------- Base ---------- *\/\r\n.walk-rewards,\r\n.walk-rewards *{\r\n  box-sizing: border-box;\r\n}\r\n\r\n.walk-rewards{\r\n  color: var(--ink);\r\n  background: #fff;\r\n  padding: 18px 0 32px;\r\n}\r\n\r\n.walk-rewards .wrap{\r\n  max-width: var(--page-max);\r\n  margin: 0 auto;\r\n  padding: 0 16px;\r\n  display: grid;\r\n  gap: 18px;\r\n}\r\n\r\n.walk-rewards img{\r\n  max-width: 100%;\r\n  display: block;\r\n  height: auto;\r\n}\r\n\r\n.walk-rewards h1,\r\n.walk-rewards h2,\r\n.walk-rewards h3,\r\n.walk-rewards p,\r\n.walk-rewards ul,\r\n.walk-rewards li{\r\n  margin: 0 !important;\r\n  padding: 0;\r\n}\r\n\r\n\/* ---------- Typography ---------- *\/\r\n.walk-rewards h1{\r\n  font-size: 34px;\r\n  line-height: 1.12;\r\n  letter-spacing: .01em;\r\n  color: var(--accent);\r\n}\r\n\r\n.walk-rewards h2{\r\n  font-size: 24px;\r\n  line-height: 1.2;\r\n  color: var(--accent);\r\n}\r\n\r\n.walk-rewards h3{\r\n  font-size: 24px;\r\n  line-height: 1.15;\r\n  color: var(--accent);\r\n}\r\n\r\n.walk-rewards p{\r\n  font-size: 18px;\r\n  line-height: 1.62;\r\n  color: var(--muted);\r\n}\r\n\r\n\/* ---------- Hero ---------- *\/\r\n.walk-rewards .rewards-hero{\r\n  border-radius: var(--radius);\r\n  background: linear-gradient(135deg, rgba(103,30,117,.10), rgba(103,30,117,.02));\r\n  border: 1px solid rgba(103,30,117,.18);\r\n  padding: 14px;\r\n}\r\n\r\n.walk-rewards .rewards-hero-inner{\r\n  display: block;\r\n}\r\n\r\n.walk-rewards .rewards-copy{\r\n  padding: 6px 6px 6px 4px;\r\n}\r\n\r\n.walk-rewards .rewards-lead{\r\n  margin-top: 10px !important;\r\n  font-size: 22px;\r\n  line-height: 1.45;\r\n  color: var(--muted);\r\n  border-left: 4px solid rgba(103,30,117,.22);\r\n  padding-left: 14px;\r\n}\r\n\r\n\/* ---------- Tiers ---------- *\/\r\n.walk-rewards .tiers-grid{\r\n  display: grid;\r\n  grid-template-columns: repeat(2, minmax(0, 1fr));\r\n  gap: 18px;\r\n}\r\n\r\n.walk-rewards .tier-card{\r\n  background: var(--panel);\r\n  border: 1px solid var(--line);\r\n  border-radius: var(--radius);\r\n  box-shadow: var(--shadow-soft);\r\n  overflow: hidden;\r\n  display: flex;\r\n  flex-direction: column;\r\n  height: 100%;\r\n}\r\n\r\n.walk-rewards .tier-card--featured{\r\n  border-color: rgba(103,30,117,.24);\r\n  box-shadow: var(--shadow-med);\r\n}\r\n\r\n.walk-rewards .tier-image{\r\n  padding: 18px 18px 10px;\r\n  background: linear-gradient(180deg, #ffffff 0%, var(--panel-2) 100%);\r\n}\r\n\r\n.walk-rewards .tier-image img{\r\n  width: 100%;\r\n  height: auto;\r\n  max-height: 380px;\r\n  object-fit: contain;\r\n  object-position: center;\r\n  margin: 0 auto;\r\n}\r\n\r\n.walk-rewards .tier-body{\r\n  padding: 0 18px 18px;\r\n  display: grid;\r\n  gap: 4px;\r\n}\r\n\r\n.walk-rewards .tier-body h3{\r\n  font-size: 22px;\r\n  line-height: 1.15;\r\n  color: var(--accent);\r\n}\r\n\r\n.walk-rewards .tier-body p{\r\n  font-size: 18px;\r\n  line-height: 1.4;\r\n  color: #222222;\r\n  font-weight: 600;\r\n}\r\n\r\n.walk-rewards .tier-body h3{\r\n  margin: 0;\r\n}\r\n\r\n.walk-rewards .tier-body p{\r\n  font-size: 20px;\r\n  line-height: 1.4;\r\n  color: var(--ink);\r\n  font-weight: 600;\r\n}\r\n\r\n\/* ---------- Info section ---------- *\/\r\n.walk-rewards .rewards-info{\r\n  background: var(--panel);\r\n  border: 1px solid var(--line);\r\n  border-radius: var(--radius);\r\n  box-shadow: var(--shadow-soft);\r\n  overflow: hidden;\r\n}\r\n\r\n.walk-rewards .info-head{\r\n  display: flex;\r\n  align-items: center;\r\n  gap: 10px;\r\n  padding: 16px 18px;\r\n  border-bottom: 1px solid var(--line);\r\n  background: linear-gradient(180deg, #ffffff 0%, var(--panel-2) 100%);\r\n}\r\n\r\n.walk-rewards .head-dot{\r\n  width: 10px;\r\n  height: 10px;\r\n  border-radius: 999px;\r\n  background: rgba(103,30,117,.28);\r\n  border: 1px solid rgba(103,30,117,.38);\r\n  box-shadow: 0 10px 22px rgba(103,30,117,.16);\r\n  flex: 0 0 auto;\r\n}\r\n\r\n.walk-rewards .info-body{\r\n  padding: 18px;\r\n}\r\n\r\n.walk-rewards .info-body ul,\r\n.walk-rewards .info-body li{\r\n  list-style: none !important;\r\n  margin: 0 !important;\r\n  padding: 0 !important;\r\n}\r\n\r\n.walk-rewards .info-body ul{\r\n  display: grid;\r\n  gap: 12px;\r\n}\r\n\r\n.walk-rewards .info-body li{\r\n  position: relative;\r\n  padding: 6px 0 6px 18px !important;\r\n  color: var(--muted);\r\n  font-size: 18px;\r\n  line-height: 1.55;\r\n}\r\n\r\n.walk-rewards .info-body li::before{\r\n  content: \"\";\r\n  position: absolute;\r\n  left: 0;\r\n  top: 14px;\r\n  width: 6px;\r\n  height: 6px;\r\n  border-radius: 999px;\r\n  background: rgba(103,30,117,.70);\r\n}\r\n\r\n\/* ---------- Responsive ---------- *\/\r\n@media (max-width: 980px){\r\n  .walk-rewards .rewards-lead{\r\n    border-left: 0;\r\n    padding-left: 0;\r\n    border-top: 4px solid rgba(103,30,117,.22);\r\n    padding-top: 12px;\r\n    font-size: 20px;\r\n  }\r\n\r\n  .walk-rewards .tiers-grid{\r\n    grid-template-columns: 1fr;\r\n  }\r\n\r\n  .walk-rewards .tier-image img{\r\n    max-height: 340px;\r\n  }\r\n}\r\n\r\n@media (max-width: 520px){\r\n  .walk-rewards .wrap{\r\n    padding: 0 12px;\r\n  }\r\n\r\n  .walk-rewards h1{\r\n    font-size: 26px;\r\n  }\r\n\r\n  .walk-rewards h2{\r\n    font-size: 21px;\r\n  }\r\n\r\n  .walk-rewards h3{\r\n    font-size: 22px;\r\n  }\r\n\r\n  .walk-rewards p{\r\n    font-size: 17px;\r\n  }\r\n\r\n  .walk-rewards .rewards-lead{\r\n    font-size: 18px;\r\n  }\r\n\r\n  .walk-rewards .tier-body p,\r\n  .walk-rewards .info-body li{\r\n    font-size: 17px;\r\n  }\r\n\r\n  .walk-rewards .rewards-hero{\r\n    padding: 12px;\r\n  }\r\n\r\n  .walk-rewards .info-head{\r\n    padding: 14px;\r\n  }\r\n\r\n  .walk-rewards .tier-image,\r\n  .walk-rewards .tier-body,\r\n  .walk-rewards .info-body{\r\n    padding-left: 14px;\r\n    padding-right: 14px;\r\n  }\r\n\r\n  .walk-rewards .tier-image{\r\n    padding-top: 14px;\r\n    padding-bottom: 8px;\r\n  }\r\n\r\n  .walk-rewards .tier-body{\r\n    padding-bottom: 14px;\r\n  }\r\n\r\n  .walk-rewards .tier-image img{\r\n    max-height: 300px;\r\n  }\r\n}\r\n\r\n.rewards_gallery{\r\n    display: none;\r\n}\r\n<\/style>\t\t\t\t<\/div>\n\t\t\t\t<\/div>\n\t\t\t\t\t<\/div>\n\t\t<\/div>\n\t\t\t\t\t<\/div>\n\t\t<\/section>\n\t\t\t\t<\/div>\n\t\t","protected":false},"excerpt":{"rendered":"<p>Amassez des fonds et obtenez des r\u00e9compenses exclusives de la Marche pour vaincre la SLA. Amassez 300 $+ Chaussettes en coton Amassez 600 $+ Serviette d\u2019encouragement Amassez 1 200 $+ Casquette brod\u00e9e Amassez 3 500 $+ Les trois D\u00e9tails des r\u00e9compenses Les r\u00e9compenses sont offertes aux participants individuels seulement (malheureusement, les totaux d\u2019\u00e9quipe ne sont [&hellip;]<\/p>\n","protected":false},"author":29,"featured_media":0,"parent":0,"menu_order":0,"comment_status":"closed","ping_status":"closed","template":"page-templates\/rewards.php","meta":{"footnotes":""},"class_list":["post-2977","page","type-page","status-publish","hentry"],"yoast_head":"<!-- This site is optimized with the Yoast SEO plugin v27.2 - https:\/\/yoast.com\/product\/yoast-seo-wordpress\/ -->\n<title>R\u00e9compenses &#8211; Marche pour Vaincre la SLA<\/title>\n<meta name=\"robots\" content=\"index, follow, max-snippet:-1, max-image-preview:large, max-video-preview:-1\" \/>\n<link rel=\"canonical\" href=\"https:\/\/walktoendals.ca\/fr\/recompenses\/\" \/>\n<meta property=\"og:locale\" content=\"fr_FR\" \/>\n<meta property=\"og:type\" content=\"article\" \/>\n<meta property=\"og:title\" content=\"R\u00e9compenses &#8211; Marche pour Vaincre la SLA\" \/>\n<meta property=\"og:description\" content=\"Amassez des fonds et obtenez des r\u00e9compenses exclusives de la Marche pour vaincre la SLA. Amassez 300 $+ Chaussettes en coton Amassez 600 $+ Serviette d\u2019encouragement Amassez 1 200 $+ Casquette brod\u00e9e Amassez 3 500 $+ Les trois D\u00e9tails des r\u00e9compenses Les r\u00e9compenses sont offertes aux participants individuels seulement (malheureusement, les totaux d\u2019\u00e9quipe ne sont [&hellip;]\" \/>\n<meta property=\"og:url\" content=\"https:\/\/walktoendals.ca\/fr\/recompenses\/\" \/>\n<meta property=\"og:site_name\" content=\"Marche pour Vaincre la SLA\" \/>\n<meta property=\"article:modified_time\" content=\"2026-03-10T21:04:57+00:00\" \/>\n<meta name=\"twitter:card\" content=\"summary_large_image\" \/>\n<meta name=\"twitter:label1\" content=\"Dur\u00e9e de lecture estim\u00e9e\" \/>\n\t<meta name=\"twitter:data1\" content=\"2 minutes\" \/>\n<script type=\"application\/ld+json\" class=\"yoast-schema-graph\">{\"@context\":\"https:\/\/schema.org\",\"@graph\":[{\"@type\":\"WebPage\",\"@id\":\"https:\/\/walktoendals.ca\/fr\/recompenses\/\",\"url\":\"https:\/\/walktoendals.ca\/fr\/recompenses\/\",\"name\":\"R\u00e9compenses &#8211; Marche pour Vaincre la SLA\",\"isPartOf\":{\"@id\":\"https:\/\/walktoendals.ca\/fr\/#website\"},\"datePublished\":\"2023-03-17T18:21:37+00:00\",\"dateModified\":\"2026-03-10T21:04:57+00:00\",\"breadcrumb\":{\"@id\":\"https:\/\/walktoendals.ca\/fr\/recompenses\/#breadcrumb\"},\"inLanguage\":\"fr-FR\",\"potentialAction\":[{\"@type\":\"ReadAction\",\"target\":[\"https:\/\/walktoendals.ca\/fr\/recompenses\/\"]}]},{\"@type\":\"BreadcrumbList\",\"@id\":\"https:\/\/walktoendals.ca\/fr\/recompenses\/#breadcrumb\",\"itemListElement\":[{\"@type\":\"ListItem\",\"position\":1,\"name\":\"Home\",\"item\":\"https:\/\/walktoendals.ca\/fr\/\"},{\"@type\":\"ListItem\",\"position\":2,\"name\":\"R\u00e9compenses\"}]},{\"@type\":\"WebSite\",\"@id\":\"https:\/\/walktoendals.ca\/fr\/#website\",\"url\":\"https:\/\/walktoendals.ca\/fr\/\",\"name\":\"Marche pour Vaincre la SLA\",\"description\":\"Walk to End ALS is a fun, family friendly event that occurs across the country in more than 90 WALK\u2008locations\u2008across\u2008Canada. Join thousands of Canadians in the fight against ALS.\",\"publisher\":{\"@id\":\"https:\/\/walktoendals.ca\/fr\/#organization\"},\"potentialAction\":[{\"@type\":\"SearchAction\",\"target\":{\"@type\":\"EntryPoint\",\"urlTemplate\":\"https:\/\/walktoendals.ca\/fr\/?s={search_term_string}\"},\"query-input\":{\"@type\":\"PropertyValueSpecification\",\"valueRequired\":true,\"valueName\":\"search_term_string\"}}],\"inLanguage\":\"fr-FR\"},{\"@type\":\"Organization\",\"@id\":\"https:\/\/walktoendals.ca\/fr\/#organization\",\"name\":\"ALS Society of Canada\",\"url\":\"https:\/\/walktoendals.ca\/fr\/\",\"logo\":{\"@type\":\"ImageObject\",\"inLanguage\":\"fr-FR\",\"@id\":\"https:\/\/walktoendals.ca\/fr\/#\/schema\/logo\/image\/\",\"url\":\"https:\/\/walktoendals.ca\/wp-content\/uploads\/2021\/01\/ALS-Logo-English-Canada.png\",\"contentUrl\":\"https:\/\/walktoendals.ca\/wp-content\/uploads\/2021\/01\/ALS-Logo-English-Canada.png\",\"width\":1583,\"height\":1315,\"caption\":\"ALS Society of Canada\"},\"image\":{\"@id\":\"https:\/\/walktoendals.ca\/fr\/#\/schema\/logo\/image\/\"}}]}<\/script>\n<!-- \/ Yoast SEO plugin. -->","yoast_head_json":{"title":"R\u00e9compenses &#8211; Marche pour Vaincre la SLA","robots":{"index":"index","follow":"follow","max-snippet":"max-snippet:-1","max-image-preview":"max-image-preview:large","max-video-preview":"max-video-preview:-1"},"canonical":"https:\/\/walktoendals.ca\/fr\/recompenses\/","og_locale":"fr_FR","og_type":"article","og_title":"R\u00e9compenses &#8211; Marche pour Vaincre la SLA","og_description":"Amassez des fonds et obtenez des r\u00e9compenses exclusives de la Marche pour vaincre la SLA. Amassez 300 $+ Chaussettes en coton Amassez 600 $+ Serviette d\u2019encouragement Amassez 1 200 $+ Casquette brod\u00e9e Amassez 3 500 $+ Les trois D\u00e9tails des r\u00e9compenses Les r\u00e9compenses sont offertes aux participants individuels seulement (malheureusement, les totaux d\u2019\u00e9quipe ne sont [&hellip;]","og_url":"https:\/\/walktoendals.ca\/fr\/recompenses\/","og_site_name":"Marche pour Vaincre la SLA","article_modified_time":"2026-03-10T21:04:57+00:00","twitter_card":"summary_large_image","twitter_misc":{"Dur\u00e9e de lecture estim\u00e9e":"2 minutes"},"schema":{"@context":"https:\/\/schema.org","@graph":[{"@type":"WebPage","@id":"https:\/\/walktoendals.ca\/fr\/recompenses\/","url":"https:\/\/walktoendals.ca\/fr\/recompenses\/","name":"R\u00e9compenses &#8211; Marche pour Vaincre la SLA","isPartOf":{"@id":"https:\/\/walktoendals.ca\/fr\/#website"},"datePublished":"2023-03-17T18:21:37+00:00","dateModified":"2026-03-10T21:04:57+00:00","breadcrumb":{"@id":"https:\/\/walktoendals.ca\/fr\/recompenses\/#breadcrumb"},"inLanguage":"fr-FR","potentialAction":[{"@type":"ReadAction","target":["https:\/\/walktoendals.ca\/fr\/recompenses\/"]}]},{"@type":"BreadcrumbList","@id":"https:\/\/walktoendals.ca\/fr\/recompenses\/#breadcrumb","itemListElement":[{"@type":"ListItem","position":1,"name":"Home","item":"https:\/\/walktoendals.ca\/fr\/"},{"@type":"ListItem","position":2,"name":"R\u00e9compenses"}]},{"@type":"WebSite","@id":"https:\/\/walktoendals.ca\/fr\/#website","url":"https:\/\/walktoendals.ca\/fr\/","name":"Marche pour Vaincre la SLA","description":"Walk to End ALS is a fun, family friendly event that occurs across the country in more than 90 WALK\u2008locations\u2008across\u2008Canada. Join thousands of Canadians in the fight against ALS.","publisher":{"@id":"https:\/\/walktoendals.ca\/fr\/#organization"},"potentialAction":[{"@type":"SearchAction","target":{"@type":"EntryPoint","urlTemplate":"https:\/\/walktoendals.ca\/fr\/?s={search_term_string}"},"query-input":{"@type":"PropertyValueSpecification","valueRequired":true,"valueName":"search_term_string"}}],"inLanguage":"fr-FR"},{"@type":"Organization","@id":"https:\/\/walktoendals.ca\/fr\/#organization","name":"ALS Society of Canada","url":"https:\/\/walktoendals.ca\/fr\/","logo":{"@type":"ImageObject","inLanguage":"fr-FR","@id":"https:\/\/walktoendals.ca\/fr\/#\/schema\/logo\/image\/","url":"https:\/\/walktoendals.ca\/wp-content\/uploads\/2021\/01\/ALS-Logo-English-Canada.png","contentUrl":"https:\/\/walktoendals.ca\/wp-content\/uploads\/2021\/01\/ALS-Logo-English-Canada.png","width":1583,"height":1315,"caption":"ALS Society of Canada"},"image":{"@id":"https:\/\/walktoendals.ca\/fr\/#\/schema\/logo\/image\/"}}]}},"_links":{"self":[{"href":"https:\/\/walktoendals.ca\/fr\/wp-json\/wp\/v2\/pages\/2977","targetHints":{"allow":["GET"]}}],"collection":[{"href":"https:\/\/walktoendals.ca\/fr\/wp-json\/wp\/v2\/pages"}],"about":[{"href":"https:\/\/walktoendals.ca\/fr\/wp-json\/wp\/v2\/types\/page"}],"author":[{"embeddable":true,"href":"https:\/\/walktoendals.ca\/fr\/wp-json\/wp\/v2\/users\/29"}],"replies":[{"embeddable":true,"href":"https:\/\/walktoendals.ca\/fr\/wp-json\/wp\/v2\/comments?post=2977"}],"version-history":[{"count":17,"href":"https:\/\/walktoendals.ca\/fr\/wp-json\/wp\/v2\/pages\/2977\/revisions"}],"predecessor-version":[{"id":4561,"href":"https:\/\/walktoendals.ca\/fr\/wp-json\/wp\/v2\/pages\/2977\/revisions\/4561"}],"wp:attachment":[{"href":"https:\/\/walktoendals.ca\/fr\/wp-json\/wp\/v2\/media?parent=2977"}],"curies":[{"name":"wp","href":"https:\/\/api.w.org\/{rel}","templated":true}]}}