{"id":4583,"date":"2026-03-20T15:49:33","date_gmt":"2026-03-20T15:49:33","guid":{"rendered":"https:\/\/walktoendals.ca\/?page_id=4583"},"modified":"2026-03-20T15:50:20","modified_gmt":"2026-03-20T15:50:20","slug":"quebec-3","status":"publish","type":"page","link":"https:\/\/walktoendals.ca\/fr\/participez-ou-donnez\/quebec-3\/","title":{"rendered":"Quebec"},"content":{"rendered":"\t\t<div data-elementor-type=\"wp-page\" data-elementor-id=\"4583\" class=\"elementor elementor-4583 elementor-4578\">\n\t\t\t\t\t\t<section class=\"elementor-section elementor-top-section elementor-element elementor-element-57422e04 elementor-section-boxed elementor-section-height-default elementor-section-height-default\" data-id=\"57422e04\" data-element_type=\"section\" data-e-type=\"section\">\n\t\t\t\t\t\t<div class=\"elementor-container elementor-column-gap-default\">\n\t\t\t\t\t<div class=\"elementor-column elementor-col-100 elementor-top-column elementor-element elementor-element-340fb69f\" data-id=\"340fb69f\" data-element_type=\"column\" data-e-type=\"column\">\n\t\t\t<div class=\"elementor-widget-wrap elementor-element-populated\">\n\t\t\t\t\t\t<div class=\"elementor-element elementor-element-4bef372f elementor-widget elementor-widget-text-editor\" data-id=\"4bef372f\" data-element_type=\"widget\" data-e-type=\"widget\" data-widget_type=\"text-editor.default\">\n\t\t\t\t<div class=\"elementor-widget-container\">\n\t\t\t\t\t\t\t\t\t<img decoding=\"async\" class=\"alignleft wp-image-2873\" src=\"https:\/\/walktoendals.ca\/wp-content\/uploads\/2024\/01\/ONwalk2024.jpg\" alt=\"\" width=\"500\" \/>\n\n<p>Si vous souhaitez participer \u00e0 la Marche pour mettre fin \u00e0 la SLA et soutenir le programme national de recherche, veuillez vous inscrire \u00e0 la <strong><a href=\"https:\/\/alscanadawalktoendals.als.ca\/ontario2025\/virtual\" target=\"_blank\" rel=\"noopener\"><span style=\"text-decoration: underline;\">Marche virtuelle pour mettre fin \u00e0 la SLA.<\/span><\/a><\/strong>.<\/p>\n\n<p>L&rsquo;impact de vos dons sera imm\u00e9diatement doubl\u00e9 gr\u00e2ce au partenariat avec Brain Canada. Tous les fonds recueillis, d\u00e9duction faite de 5 % de frais de collecte, seront vers\u00e9s au programme national de recherche d&rsquo;ALS Canada, si vous vous inscrivez et que vous r\u00e9sidez \u00e0 l&rsquo;ext\u00e9rieur de l&rsquo;Ontario.<\/p>\n\n<p>Si vous avez des questions, veuillez contacter Reyhaan Bilimoria, responsable de la Marche pour mettre fin \u00e0 la SLA, SLA Canada, au <strong>1-437-703-5431 ou \u00e0 l&rsquo;adresse suivante : 180 Bloor Street West, Suite 500, Toronto, ON, M5S 2V6.<\/strong><\/p>\t\t\t\t\t\t\t\t<\/div>\n\t\t\t\t<\/div>\n\t\t\t\t\t<\/div>\n\t\t<\/div>\n\t\t\t\t\t<\/div>\n\t\t<\/section>\n\t\t\t\t<section class=\"elementor-section elementor-top-section elementor-element elementor-element-73c2f51 elementor-section-boxed elementor-section-height-default elementor-section-height-default\" data-id=\"73c2f51\" data-element_type=\"section\" data-e-type=\"section\">\n\t\t\t\t\t\t<div class=\"elementor-container elementor-column-gap-default\">\n\t\t\t\t\t<div class=\"elementor-column elementor-col-100 elementor-top-column elementor-element elementor-element-e1528ae\" data-id=\"e1528ae\" data-element_type=\"column\" data-e-type=\"column\">\n\t\t\t<div class=\"elementor-widget-wrap elementor-element-populated\">\n\t\t\t\t\t\t<div class=\"elementor-element elementor-element-ee08bd9 elementor-widget elementor-widget-spacer\" data-id=\"ee08bd9\" data-element_type=\"widget\" data-e-type=\"widget\" data-widget_type=\"spacer.default\">\n\t\t\t\t<div class=\"elementor-widget-container\">\n\t\t\t\t\t\t\t<div class=\"elementor-spacer\">\n\t\t\t<div class=\"elementor-spacer-inner\"><\/div>\n\t\t<\/div>\n\t\t\t\t\t\t<\/div>\n\t\t\t\t<\/div>\n\t\t\t\t\t<\/div>\n\t\t<\/div>\n\t\t\t\t\t<\/div>\n\t\t<\/section>\n\t\t\t\t<section class=\"elementor-section elementor-top-section elementor-element elementor-element-bc11bee elementor-section-boxed elementor-section-height-default elementor-section-height-default\" data-id=\"bc11bee\" data-element_type=\"section\" data-e-type=\"section\">\n\t\t\t\t\t\t<div class=\"elementor-container elementor-column-gap-default\">\n\t\t\t\t\t<div class=\"elementor-column elementor-col-100 elementor-top-column elementor-element elementor-element-07e27b9\" data-id=\"07e27b9\" data-element_type=\"column\" data-e-type=\"column\">\n\t\t\t<div class=\"elementor-widget-wrap elementor-element-populated\">\n\t\t\t\t\t\t<div class=\"elementor-element elementor-element-9cbc264 elementor-widget elementor-widget-heading\" data-id=\"9cbc264\" data-element_type=\"widget\" data-e-type=\"widget\" data-widget_type=\"heading.default\">\n\t\t\t\t<div class=\"elementor-widget-container\">\n\t\t\t\t\t<h2 class=\"elementor-heading-title elementor-size-default\">CONNECTEZ-VOUS AVEC LA SOCI\u00c9T\u00c9 CANADIENNE DE LA SLA<\/h2>\t\t\t\t<\/div>\n\t\t\t\t<\/div>\n\t\t\t\t<div class=\"elementor-element elementor-element-0333a13 e-grid-align-left elementor-shape-rounded elementor-grid-0 elementor-widget elementor-widget-social-icons\" data-id=\"0333a13\" data-element_type=\"widget\" data-e-type=\"widget\" data-widget_type=\"social-icons.default\">\n\t\t\t\t<div class=\"elementor-widget-container\">\n\t\t\t\t\t\t\t<div class=\"elementor-social-icons-wrapper elementor-grid\" role=\"list\">\n\t\t\t\t\t\t\t<span class=\"elementor-grid-item\" role=\"listitem\">\n\t\t\t\t\t<a class=\"elementor-icon elementor-social-icon elementor-social-icon-facebook elementor-repeater-item-7eee978\" href=\"https:\/\/www.facebook.com\/ALSCanada\" target=\"_blank\">\n\t\t\t\t\t\t<span class=\"elementor-screen-only\">Facebook<\/span>\n\t\t\t\t\t\t<i aria-hidden=\"true\" class=\"fab fa-facebook\"><\/i>\t\t\t\t\t<\/a>\n\t\t\t\t<\/span>\n\t\t\t\t\t\t\t<span class=\"elementor-grid-item\" role=\"listitem\">\n\t\t\t\t\t<a class=\"elementor-icon elementor-social-icon elementor-social-icon-twitter elementor-repeater-item-307b77f\" href=\"https:\/\/twitter.com\/ALSCanada\" target=\"_blank\">\n\t\t\t\t\t\t<span class=\"elementor-screen-only\">Twitter<\/span>\n\t\t\t\t\t\t<i aria-hidden=\"true\" class=\"fab fa-twitter\"><\/i>\t\t\t\t\t<\/a>\n\t\t\t\t<\/span>\n\t\t\t\t\t\t\t<span class=\"elementor-grid-item\" role=\"listitem\">\n\t\t\t\t\t<a class=\"elementor-icon elementor-social-icon elementor-social-icon-instagram elementor-repeater-item-70483ff\" href=\"https:\/\/www.instagram.com\/alscanada\/\" target=\"_blank\">\n\t\t\t\t\t\t<span class=\"elementor-screen-only\">Instagram<\/span>\n\t\t\t\t\t\t<i aria-hidden=\"true\" class=\"fab fa-instagram\"><\/i>\t\t\t\t\t<\/a>\n\t\t\t\t<\/span>\n\t\t\t\t\t\t\t<span class=\"elementor-grid-item\" role=\"listitem\">\n\t\t\t\t\t<a class=\"elementor-icon elementor-social-icon elementor-social-icon-linkedin elementor-repeater-item-5d7f131\" href=\"https:\/\/ca.linkedin.com\/company\/alscanada\" target=\"_blank\">\n\t\t\t\t\t\t<span class=\"elementor-screen-only\">Linkedin<\/span>\n\t\t\t\t\t\t<i aria-hidden=\"true\" class=\"fab fa-linkedin\"><\/i>\t\t\t\t\t<\/a>\n\t\t\t\t<\/span>\n\t\t\t\t\t\t\t<span class=\"elementor-grid-item\" role=\"listitem\">\n\t\t\t\t\t<a class=\"elementor-icon elementor-social-icon elementor-social-icon-globe elementor-repeater-item-919c1c5\" href=\"https:\/\/als.ca\/\" target=\"_blank\">\n\t\t\t\t\t\t<span class=\"elementor-screen-only\">Globe<\/span>\n\t\t\t\t\t\t<i aria-hidden=\"true\" class=\"fas fa-globe\"><\/i>\t\t\t\t\t<\/a>\n\t\t\t\t<\/span>\n\t\t\t\t\t<\/div>\n\t\t\t\t\t\t<\/div>\n\t\t\t\t<\/div>\n\t\t\t\t\t<\/div>\n\t\t<\/div>\n\t\t\t\t\t<\/div>\n\t\t<\/section>\n\t\t\t\t<section class=\"elementor-section elementor-top-section elementor-element elementor-element-20e0f26 elementor-section-boxed elementor-section-height-default elementor-section-height-default\" data-id=\"20e0f26\" data-element_type=\"section\" data-e-type=\"section\">\n\t\t\t\t\t\t<div class=\"elementor-container elementor-column-gap-default\">\n\t\t\t\t\t<div class=\"elementor-column elementor-col-100 elementor-top-column elementor-element elementor-element-944f1a9\" data-id=\"944f1a9\" data-element_type=\"column\" data-e-type=\"column\">\n\t\t\t<div class=\"elementor-widget-wrap elementor-element-populated\">\n\t\t\t\t\t\t<div class=\"elementor-element elementor-element-4b0e796 elementor-widget elementor-widget-spacer\" data-id=\"4b0e796\" data-element_type=\"widget\" data-e-type=\"widget\" data-widget_type=\"spacer.default\">\n\t\t\t\t<div class=\"elementor-widget-container\">\n\t\t\t\t\t\t\t<div class=\"elementor-spacer\">\n\t\t\t<div class=\"elementor-spacer-inner\"><\/div>\n\t\t<\/div>\n\t\t\t\t\t\t<\/div>\n\t\t\t\t<\/div>\n\t\t\t\t\t<\/div>\n\t\t<\/div>\n\t\t\t\t\t<\/div>\n\t\t<\/section>\n\t\t\t\t<\/div>\n\t\t","protected":false},"excerpt":{"rendered":"<p>Si vous souhaitez participer \u00e0 la Marche pour mettre fin \u00e0 la SLA et soutenir le programme national de recherche, veuillez vous inscrire \u00e0 la Marche virtuelle pour mettre fin \u00e0 la SLA.. L&rsquo;impact de vos dons sera imm\u00e9diatement doubl\u00e9 gr\u00e2ce au partenariat avec Brain Canada. Tous les fonds recueillis, d\u00e9duction faite de 5 % [&hellip;]<\/p>\n","protected":false},"author":30,"featured_media":1968,"parent":125,"menu_order":10,"comment_status":"closed","ping_status":"closed","template":"","meta":{"footnotes":""},"class_list":["post-4583","page","type-page","status-publish","has-post-thumbnail","hentry"],"yoast_head":"<!-- This site is optimized with the Yoast SEO plugin v27.2 - https:\/\/yoast.com\/product\/yoast-seo-wordpress\/ -->\n<title>Quebec &#8211; Marche pour Vaincre la SLA<\/title>\n<meta name=\"robots\" content=\"index, follow, max-snippet:-1, max-image-preview:large, max-video-preview:-1\" \/>\n<link rel=\"canonical\" href=\"https:\/\/walktoendals.ca\/fr\/participez-ou-donnez\/quebec-3\/\" \/>\n<meta property=\"og:locale\" content=\"fr_FR\" \/>\n<meta property=\"og:type\" content=\"article\" \/>\n<meta property=\"og:title\" content=\"Quebec &#8211; Marche pour Vaincre la SLA\" \/>\n<meta property=\"og:description\" content=\"Si vous souhaitez participer \u00e0 la Marche pour mettre fin \u00e0 la SLA et soutenir le programme national de recherche, veuillez vous inscrire \u00e0 la Marche virtuelle pour mettre fin \u00e0 la SLA.. L&rsquo;impact de vos dons sera imm\u00e9diatement doubl\u00e9 gr\u00e2ce au partenariat avec Brain Canada. Tous les fonds recueillis, d\u00e9duction faite de 5 % [&hellip;]\" \/>\n<meta property=\"og:url\" content=\"https:\/\/walktoendals.ca\/fr\/participez-ou-donnez\/quebec-3\/\" \/>\n<meta property=\"og:site_name\" content=\"Marche pour Vaincre la SLA\" \/>\n<meta property=\"article:modified_time\" content=\"2026-03-20T15:50:20+00:00\" \/>\n<meta property=\"og:image\" content=\"https:\/\/walktoendals.ca\/wp-content\/uploads\/2022\/01\/Walk-2022-Ontario-Website-Hero-Image_v2-2.png\" \/>\n\t<meta property=\"og:image:width\" content=\"4000\" \/>\n\t<meta property=\"og:image:height\" content=\"813\" \/>\n\t<meta property=\"og:image:type\" content=\"image\/png\" \/>\n<meta name=\"twitter:card\" content=\"summary_large_image\" \/>\n<meta name=\"twitter:label1\" content=\"Dur\u00e9e de lecture estim\u00e9e\" \/>\n\t<meta name=\"twitter:data1\" content=\"1 minute\" \/>\n<script type=\"application\/ld+json\" class=\"yoast-schema-graph\">{\"@context\":\"https:\/\/schema.org\",\"@graph\":[{\"@type\":\"WebPage\",\"@id\":\"https:\/\/walktoendals.ca\/fr\/participez-ou-donnez\/quebec-3\/\",\"url\":\"https:\/\/walktoendals.ca\/fr\/participez-ou-donnez\/quebec-3\/\",\"name\":\"Quebec &#8211; Marche pour Vaincre la SLA\",\"isPartOf\":{\"@id\":\"https:\/\/walktoendals.ca\/fr\/#website\"},\"primaryImageOfPage\":{\"@id\":\"https:\/\/walktoendals.ca\/fr\/participez-ou-donnez\/quebec-3\/#primaryimage\"},\"image\":{\"@id\":\"https:\/\/walktoendals.ca\/fr\/participez-ou-donnez\/quebec-3\/#primaryimage\"},\"thumbnailUrl\":\"https:\/\/walktoendals.ca\/wp-content\/uploads\/2022\/01\/Walk-2022-Ontario-Website-Hero-Image_v2-2.png\",\"datePublished\":\"2026-03-20T15:49:33+00:00\",\"dateModified\":\"2026-03-20T15:50:20+00:00\",\"breadcrumb\":{\"@id\":\"https:\/\/walktoendals.ca\/fr\/participez-ou-donnez\/quebec-3\/#breadcrumb\"},\"inLanguage\":\"fr-FR\",\"potentialAction\":[{\"@type\":\"ReadAction\",\"target\":[\"https:\/\/walktoendals.ca\/fr\/participez-ou-donnez\/quebec-3\/\"]}]},{\"@type\":\"ImageObject\",\"inLanguage\":\"fr-FR\",\"@id\":\"https:\/\/walktoendals.ca\/fr\/participez-ou-donnez\/quebec-3\/#primaryimage\",\"url\":\"https:\/\/walktoendals.ca\/wp-content\/uploads\/2022\/01\/Walk-2022-Ontario-Website-Hero-Image_v2-2.png\",\"contentUrl\":\"https:\/\/walktoendals.ca\/wp-content\/uploads\/2022\/01\/Walk-2022-Ontario-Website-Hero-Image_v2-2.png\",\"width\":4000,\"height\":813,\"caption\":\"Walk to End ALS Banner\"},{\"@type\":\"BreadcrumbList\",\"@id\":\"https:\/\/walktoendals.ca\/fr\/participez-ou-donnez\/quebec-3\/#breadcrumb\",\"itemListElement\":[{\"@type\":\"ListItem\",\"position\":1,\"name\":\"Home\",\"item\":\"https:\/\/walktoendals.ca\/fr\/\"},{\"@type\":\"ListItem\",\"position\":2,\"name\":\"Participez ou donnez\",\"item\":\"https:\/\/walktoendals.ca\/fr\/participez-ou-donnez\/\"},{\"@type\":\"ListItem\",\"position\":3,\"name\":\"Quebec\"}]},{\"@type\":\"WebSite\",\"@id\":\"https:\/\/walktoendals.ca\/fr\/#website\",\"url\":\"https:\/\/walktoendals.ca\/fr\/\",\"name\":\"Marche pour Vaincre la SLA\",\"description\":\"Walk to End ALS is a fun, family friendly event that occurs across the country in more than 90 WALK\u2008locations\u2008across\u2008Canada. Join thousands of Canadians in the fight against ALS.\",\"publisher\":{\"@id\":\"https:\/\/walktoendals.ca\/fr\/#organization\"},\"potentialAction\":[{\"@type\":\"SearchAction\",\"target\":{\"@type\":\"EntryPoint\",\"urlTemplate\":\"https:\/\/walktoendals.ca\/fr\/?s={search_term_string}\"},\"query-input\":{\"@type\":\"PropertyValueSpecification\",\"valueRequired\":true,\"valueName\":\"search_term_string\"}}],\"inLanguage\":\"fr-FR\"},{\"@type\":\"Organization\",\"@id\":\"https:\/\/walktoendals.ca\/fr\/#organization\",\"name\":\"ALS Society of Canada\",\"url\":\"https:\/\/walktoendals.ca\/fr\/\",\"logo\":{\"@type\":\"ImageObject\",\"inLanguage\":\"fr-FR\",\"@id\":\"https:\/\/walktoendals.ca\/fr\/#\/schema\/logo\/image\/\",\"url\":\"https:\/\/walktoendals.ca\/wp-content\/uploads\/2021\/01\/ALS-Logo-English-Canada.png\",\"contentUrl\":\"https:\/\/walktoendals.ca\/wp-content\/uploads\/2021\/01\/ALS-Logo-English-Canada.png\",\"width\":1583,\"height\":1315,\"caption\":\"ALS Society of Canada\"},\"image\":{\"@id\":\"https:\/\/walktoendals.ca\/fr\/#\/schema\/logo\/image\/\"}}]}<\/script>\n<!-- \/ Yoast SEO plugin. -->","yoast_head_json":{"title":"Quebec &#8211; Marche pour Vaincre la SLA","robots":{"index":"index","follow":"follow","max-snippet":"max-snippet:-1","max-image-preview":"max-image-preview:large","max-video-preview":"max-video-preview:-1"},"canonical":"https:\/\/walktoendals.ca\/fr\/participez-ou-donnez\/quebec-3\/","og_locale":"fr_FR","og_type":"article","og_title":"Quebec &#8211; Marche pour Vaincre la SLA","og_description":"Si vous souhaitez participer \u00e0 la Marche pour mettre fin \u00e0 la SLA et soutenir le programme national de recherche, veuillez vous inscrire \u00e0 la Marche virtuelle pour mettre fin \u00e0 la SLA.. L&rsquo;impact de vos dons sera imm\u00e9diatement doubl\u00e9 gr\u00e2ce au partenariat avec Brain Canada. Tous les fonds recueillis, d\u00e9duction faite de 5 % [&hellip;]","og_url":"https:\/\/walktoendals.ca\/fr\/participez-ou-donnez\/quebec-3\/","og_site_name":"Marche pour Vaincre la SLA","article_modified_time":"2026-03-20T15:50:20+00:00","og_image":[{"width":4000,"height":813,"url":"https:\/\/walktoendals.ca\/wp-content\/uploads\/2022\/01\/Walk-2022-Ontario-Website-Hero-Image_v2-2.png","type":"image\/png"}],"twitter_card":"summary_large_image","twitter_misc":{"Dur\u00e9e de lecture estim\u00e9e":"1 minute"},"schema":{"@context":"https:\/\/schema.org","@graph":[{"@type":"WebPage","@id":"https:\/\/walktoendals.ca\/fr\/participez-ou-donnez\/quebec-3\/","url":"https:\/\/walktoendals.ca\/fr\/participez-ou-donnez\/quebec-3\/","name":"Quebec &#8211; Marche pour Vaincre la SLA","isPartOf":{"@id":"https:\/\/walktoendals.ca\/fr\/#website"},"primaryImageOfPage":{"@id":"https:\/\/walktoendals.ca\/fr\/participez-ou-donnez\/quebec-3\/#primaryimage"},"image":{"@id":"https:\/\/walktoendals.ca\/fr\/participez-ou-donnez\/quebec-3\/#primaryimage"},"thumbnailUrl":"https:\/\/walktoendals.ca\/wp-content\/uploads\/2022\/01\/Walk-2022-Ontario-Website-Hero-Image_v2-2.png","datePublished":"2026-03-20T15:49:33+00:00","dateModified":"2026-03-20T15:50:20+00:00","breadcrumb":{"@id":"https:\/\/walktoendals.ca\/fr\/participez-ou-donnez\/quebec-3\/#breadcrumb"},"inLanguage":"fr-FR","potentialAction":[{"@type":"ReadAction","target":["https:\/\/walktoendals.ca\/fr\/participez-ou-donnez\/quebec-3\/"]}]},{"@type":"ImageObject","inLanguage":"fr-FR","@id":"https:\/\/walktoendals.ca\/fr\/participez-ou-donnez\/quebec-3\/#primaryimage","url":"https:\/\/walktoendals.ca\/wp-content\/uploads\/2022\/01\/Walk-2022-Ontario-Website-Hero-Image_v2-2.png","contentUrl":"https:\/\/walktoendals.ca\/wp-content\/uploads\/2022\/01\/Walk-2022-Ontario-Website-Hero-Image_v2-2.png","width":4000,"height":813,"caption":"Walk to End ALS Banner"},{"@type":"BreadcrumbList","@id":"https:\/\/walktoendals.ca\/fr\/participez-ou-donnez\/quebec-3\/#breadcrumb","itemListElement":[{"@type":"ListItem","position":1,"name":"Home","item":"https:\/\/walktoendals.ca\/fr\/"},{"@type":"ListItem","position":2,"name":"Participez ou donnez","item":"https:\/\/walktoendals.ca\/fr\/participez-ou-donnez\/"},{"@type":"ListItem","position":3,"name":"Quebec"}]},{"@type":"WebSite","@id":"https:\/\/walktoendals.ca\/fr\/#website","url":"https:\/\/walktoendals.ca\/fr\/","name":"Marche pour Vaincre la SLA","description":"Walk to End ALS is a fun, family friendly event that occurs across the country in more than 90 WALK\u2008locations\u2008across\u2008Canada. Join thousands of Canadians in the fight against ALS.","publisher":{"@id":"https:\/\/walktoendals.ca\/fr\/#organization"},"potentialAction":[{"@type":"SearchAction","target":{"@type":"EntryPoint","urlTemplate":"https:\/\/walktoendals.ca\/fr\/?s={search_term_string}"},"query-input":{"@type":"PropertyValueSpecification","valueRequired":true,"valueName":"search_term_string"}}],"inLanguage":"fr-FR"},{"@type":"Organization","@id":"https:\/\/walktoendals.ca\/fr\/#organization","name":"ALS Society of Canada","url":"https:\/\/walktoendals.ca\/fr\/","logo":{"@type":"ImageObject","inLanguage":"fr-FR","@id":"https:\/\/walktoendals.ca\/fr\/#\/schema\/logo\/image\/","url":"https:\/\/walktoendals.ca\/wp-content\/uploads\/2021\/01\/ALS-Logo-English-Canada.png","contentUrl":"https:\/\/walktoendals.ca\/wp-content\/uploads\/2021\/01\/ALS-Logo-English-Canada.png","width":1583,"height":1315,"caption":"ALS Society of Canada"},"image":{"@id":"https:\/\/walktoendals.ca\/fr\/#\/schema\/logo\/image\/"}}]}},"_links":{"self":[{"href":"https:\/\/walktoendals.ca\/fr\/wp-json\/wp\/v2\/pages\/4583","targetHints":{"allow":["GET"]}}],"collection":[{"href":"https:\/\/walktoendals.ca\/fr\/wp-json\/wp\/v2\/pages"}],"about":[{"href":"https:\/\/walktoendals.ca\/fr\/wp-json\/wp\/v2\/types\/page"}],"author":[{"embeddable":true,"href":"https:\/\/walktoendals.ca\/fr\/wp-json\/wp\/v2\/users\/30"}],"replies":[{"embeddable":true,"href":"https:\/\/walktoendals.ca\/fr\/wp-json\/wp\/v2\/comments?post=4583"}],"version-history":[{"count":7,"href":"https:\/\/walktoendals.ca\/fr\/wp-json\/wp\/v2\/pages\/4583\/revisions"}],"predecessor-version":[{"id":4590,"href":"https:\/\/walktoendals.ca\/fr\/wp-json\/wp\/v2\/pages\/4583\/revisions\/4590"}],"up":[{"embeddable":true,"href":"https:\/\/walktoendals.ca\/fr\/wp-json\/wp\/v2\/pages\/125"}],"wp:featuredmedia":[{"embeddable":true,"href":"https:\/\/walktoendals.ca\/fr\/wp-json\/wp\/v2\/media\/1968"}],"wp:attachment":[{"href":"https:\/\/walktoendals.ca\/fr\/wp-json\/wp\/v2\/media?parent=4583"}],"curies":[{"name":"wp","href":"https:\/\/api.w.org\/{rel}","templated":true}]}}