{"id":475,"date":"2016-02-11T20:19:21","date_gmt":"2016-02-11T20:19:21","guid":{"rendered":"https:\/\/walktoendals.ca\/fr\/?page_id=475"},"modified":"2019-02-01T20:32:51","modified_gmt":"2019-02-01T20:32:51","slug":"trucs-et-conseils","status":"publish","type":"page","link":"https:\/\/walktoendals.ca\/fr\/trucs-et-conseils\/","title":{"rendered":"Trucs et Conseils"},"content":{"rendered":"<ul>\n<li><strong>Faites un don personnel<br \/>\n<\/strong>Soyez la premi\u00e8re personne \u00e0 donner pour montrer votre engagement \u00e0 vaincre la SLA. C&rsquo;est une fa\u00e7on facile d&rsquo;inspirer vos amis et votre famille \u00e0 se joindre \u00e0 vous pour soutenir la cause! De plus, les donateurs sont susceptibles de faire un don \u00e9quivalent.<\/li>\n<li><strong>\u00c9tablissez un objectif<br \/>\n<\/strong>\u00c9tablissez un objectif de collecte de fonds et partagez votre progression en cours de route! Cela motivera les donateurs potentiels \u00e0 donner g\u00e9n\u00e9reusement pour atteindre votre objectif.<\/li>\n<li><strong>Commencez en grand<br \/>\n<\/strong>Demandez \u00e0 vos principaux alli\u00e9s de donner un \u00e9lan \u00e0 votre collecte de fonds en donnant t\u00f4t. Votre r\u00e9seau sera inspir\u00e9 par leur g\u00e9n\u00e9rosit\u00e9 et suivra le rythme avec des dons plus importants!<\/li>\n<li><strong>Demandez \u00e0 tout le monde<br \/>\n<\/strong>Utilisez la fonction courriel sur votre Tableau de bord de collecte de fonds dans le Centre des participants pour rejoindre tout votre r\u00e9seau \u2013 amis, famille, coll\u00e8gues, et plus!<\/li>\n<li><strong>Faites-en une affaire personnelle<br \/>\n<\/strong>Expliquez pourquoi vous participez \u00e0 la Marche pour vaincre la SLA. Personnalisez votre page publique et vos courriels en racontant votre histoire. Vos alli\u00e9s seront plus susceptibles de donner s&rsquo;ils comprennent votre lien personnel avec la cause.<\/li>\n<li><strong>Utilisez les r\u00e9seaux sociaux<br \/>\n<\/strong>Utilisez Facebook, Instagram, Twitter et LinkedIn pour montrer \u00e0 votre r\u00e9seau votre passion pour la cause. Publiez des mises \u00e0 jour sur votre collecte de fonds et reliez votre page publique pour que vos r\u00e9seaux puissent donner.<\/li>\n<li><strong>Joignez ou cr\u00e9ez une \u00e9quipe<br \/>\n<\/strong>La formation d&rsquo;une \u00e9quipe est un excellent moyen de rester motiv\u00e9 et de partager les ressources de collecte de fonds, et vous aurez du plaisir le jour de la Marche!<\/li>\n<li><strong>Dites merci<br \/>\n<\/strong>Voyez qui a fait un don dans l&rsquo;onglet Voir les alli\u00e9s de votre Tableau de bord de collecte de fonds. De l\u00e0, envoyez un courriel et remerciez chaque alli\u00e9 en leur disant comment leur don fait une diff\u00e9rence pour la communaut\u00e9 de la SLA<\/li>\n<\/ul>\n","protected":false},"excerpt":{"rendered":"<p>Faites un don personnel Soyez la premi\u00e8re personne \u00e0 donner pour montrer votre engagement \u00e0 vaincre la SLA. C&rsquo;est une fa\u00e7on facile d&rsquo;inspirer vos amis et votre famille \u00e0 se joindre \u00e0 vous pour soutenir la cause! De plus, les donateurs sont susceptibles de faire un don \u00e9quivalent. \u00c9tablissez un objectif \u00c9tablissez un objectif de [&hellip;]<\/p>\n","protected":false},"author":1,"featured_media":0,"parent":0,"menu_order":0,"comment_status":"closed","ping_status":"closed","template":"","meta":{"footnotes":""},"class_list":["post-475","page","type-page","status-publish","hentry"],"yoast_head":"<!-- This site is optimized with the Yoast SEO plugin v27.2 - https:\/\/yoast.com\/product\/yoast-seo-wordpress\/ -->\n<title>Trucs et Conseils &#8211; Marche pour Vaincre la SLA<\/title>\n<meta name=\"robots\" content=\"index, follow, max-snippet:-1, max-image-preview:large, max-video-preview:-1\" \/>\n<link rel=\"canonical\" href=\"https:\/\/walktoendals.ca\/fr\/trucs-et-conseils\/\" \/>\n<meta property=\"og:locale\" content=\"fr_FR\" \/>\n<meta property=\"og:type\" content=\"article\" \/>\n<meta property=\"og:title\" content=\"Trucs et Conseils &#8211; Marche pour Vaincre la SLA\" \/>\n<meta property=\"og:description\" content=\"Faites un don personnel Soyez la premi\u00e8re personne \u00e0 donner pour montrer votre engagement \u00e0 vaincre la SLA. C&rsquo;est une fa\u00e7on facile d&rsquo;inspirer vos amis et votre famille \u00e0 se joindre \u00e0 vous pour soutenir la cause! De plus, les donateurs sont susceptibles de faire un don \u00e9quivalent. \u00c9tablissez un objectif \u00c9tablissez un objectif de [&hellip;]\" \/>\n<meta property=\"og:url\" content=\"https:\/\/walktoendals.ca\/fr\/trucs-et-conseils\/\" \/>\n<meta property=\"og:site_name\" content=\"Marche pour Vaincre la SLA\" \/>\n<meta property=\"article:modified_time\" content=\"2019-02-01T20:32:51+00:00\" \/>\n<meta name=\"twitter:card\" content=\"summary_large_image\" \/>\n<meta name=\"twitter:label1\" content=\"Dur\u00e9e de lecture estim\u00e9e\" \/>\n\t<meta name=\"twitter:data1\" content=\"2 minutes\" \/>\n<script type=\"application\/ld+json\" class=\"yoast-schema-graph\">{\"@context\":\"https:\/\/schema.org\",\"@graph\":[{\"@type\":\"WebPage\",\"@id\":\"https:\/\/walktoendals.ca\/fr\/trucs-et-conseils\/\",\"url\":\"https:\/\/walktoendals.ca\/fr\/trucs-et-conseils\/\",\"name\":\"Trucs et Conseils &#8211; Marche pour Vaincre la SLA\",\"isPartOf\":{\"@id\":\"https:\/\/walktoendals.ca\/fr\/#website\"},\"datePublished\":\"2016-02-11T20:19:21+00:00\",\"dateModified\":\"2019-02-01T20:32:51+00:00\",\"breadcrumb\":{\"@id\":\"https:\/\/walktoendals.ca\/fr\/trucs-et-conseils\/#breadcrumb\"},\"inLanguage\":\"fr-FR\",\"potentialAction\":[{\"@type\":\"ReadAction\",\"target\":[\"https:\/\/walktoendals.ca\/fr\/trucs-et-conseils\/\"]}]},{\"@type\":\"BreadcrumbList\",\"@id\":\"https:\/\/walktoendals.ca\/fr\/trucs-et-conseils\/#breadcrumb\",\"itemListElement\":[{\"@type\":\"ListItem\",\"position\":1,\"name\":\"Home\",\"item\":\"https:\/\/walktoendals.ca\/fr\/\"},{\"@type\":\"ListItem\",\"position\":2,\"name\":\"Trucs et Conseils\"}]},{\"@type\":\"WebSite\",\"@id\":\"https:\/\/walktoendals.ca\/fr\/#website\",\"url\":\"https:\/\/walktoendals.ca\/fr\/\",\"name\":\"Marche pour Vaincre la SLA\",\"description\":\"Walk to End ALS is a fun, family friendly event that occurs across the country in more than 90 WALK\u2008locations\u2008across\u2008Canada. Join thousands of Canadians in the fight against ALS.\",\"publisher\":{\"@id\":\"https:\/\/walktoendals.ca\/fr\/#organization\"},\"potentialAction\":[{\"@type\":\"SearchAction\",\"target\":{\"@type\":\"EntryPoint\",\"urlTemplate\":\"https:\/\/walktoendals.ca\/fr\/?s={search_term_string}\"},\"query-input\":{\"@type\":\"PropertyValueSpecification\",\"valueRequired\":true,\"valueName\":\"search_term_string\"}}],\"inLanguage\":\"fr-FR\"},{\"@type\":\"Organization\",\"@id\":\"https:\/\/walktoendals.ca\/fr\/#organization\",\"name\":\"ALS Society of Canada\",\"url\":\"https:\/\/walktoendals.ca\/fr\/\",\"logo\":{\"@type\":\"ImageObject\",\"inLanguage\":\"fr-FR\",\"@id\":\"https:\/\/walktoendals.ca\/fr\/#\/schema\/logo\/image\/\",\"url\":\"https:\/\/walktoendals.ca\/wp-content\/uploads\/2021\/01\/ALS-Logo-English-Canada.png\",\"contentUrl\":\"https:\/\/walktoendals.ca\/wp-content\/uploads\/2021\/01\/ALS-Logo-English-Canada.png\",\"width\":1583,\"height\":1315,\"caption\":\"ALS Society of Canada\"},\"image\":{\"@id\":\"https:\/\/walktoendals.ca\/fr\/#\/schema\/logo\/image\/\"}}]}<\/script>\n<!-- \/ Yoast SEO plugin. -->","yoast_head_json":{"title":"Trucs et Conseils &#8211; Marche pour Vaincre la SLA","robots":{"index":"index","follow":"follow","max-snippet":"max-snippet:-1","max-image-preview":"max-image-preview:large","max-video-preview":"max-video-preview:-1"},"canonical":"https:\/\/walktoendals.ca\/fr\/trucs-et-conseils\/","og_locale":"fr_FR","og_type":"article","og_title":"Trucs et Conseils &#8211; Marche pour Vaincre la SLA","og_description":"Faites un don personnel Soyez la premi\u00e8re personne \u00e0 donner pour montrer votre engagement \u00e0 vaincre la SLA. C&rsquo;est une fa\u00e7on facile d&rsquo;inspirer vos amis et votre famille \u00e0 se joindre \u00e0 vous pour soutenir la cause! De plus, les donateurs sont susceptibles de faire un don \u00e9quivalent. \u00c9tablissez un objectif \u00c9tablissez un objectif de [&hellip;]","og_url":"https:\/\/walktoendals.ca\/fr\/trucs-et-conseils\/","og_site_name":"Marche pour Vaincre la SLA","article_modified_time":"2019-02-01T20:32:51+00:00","twitter_card":"summary_large_image","twitter_misc":{"Dur\u00e9e de lecture estim\u00e9e":"2 minutes"},"schema":{"@context":"https:\/\/schema.org","@graph":[{"@type":"WebPage","@id":"https:\/\/walktoendals.ca\/fr\/trucs-et-conseils\/","url":"https:\/\/walktoendals.ca\/fr\/trucs-et-conseils\/","name":"Trucs et Conseils &#8211; Marche pour Vaincre la SLA","isPartOf":{"@id":"https:\/\/walktoendals.ca\/fr\/#website"},"datePublished":"2016-02-11T20:19:21+00:00","dateModified":"2019-02-01T20:32:51+00:00","breadcrumb":{"@id":"https:\/\/walktoendals.ca\/fr\/trucs-et-conseils\/#breadcrumb"},"inLanguage":"fr-FR","potentialAction":[{"@type":"ReadAction","target":["https:\/\/walktoendals.ca\/fr\/trucs-et-conseils\/"]}]},{"@type":"BreadcrumbList","@id":"https:\/\/walktoendals.ca\/fr\/trucs-et-conseils\/#breadcrumb","itemListElement":[{"@type":"ListItem","position":1,"name":"Home","item":"https:\/\/walktoendals.ca\/fr\/"},{"@type":"ListItem","position":2,"name":"Trucs et Conseils"}]},{"@type":"WebSite","@id":"https:\/\/walktoendals.ca\/fr\/#website","url":"https:\/\/walktoendals.ca\/fr\/","name":"Marche pour Vaincre la SLA","description":"Walk to End ALS is a fun, family friendly event that occurs across the country in more than 90 WALK\u2008locations\u2008across\u2008Canada. Join thousands of Canadians in the fight against ALS.","publisher":{"@id":"https:\/\/walktoendals.ca\/fr\/#organization"},"potentialAction":[{"@type":"SearchAction","target":{"@type":"EntryPoint","urlTemplate":"https:\/\/walktoendals.ca\/fr\/?s={search_term_string}"},"query-input":{"@type":"PropertyValueSpecification","valueRequired":true,"valueName":"search_term_string"}}],"inLanguage":"fr-FR"},{"@type":"Organization","@id":"https:\/\/walktoendals.ca\/fr\/#organization","name":"ALS Society of Canada","url":"https:\/\/walktoendals.ca\/fr\/","logo":{"@type":"ImageObject","inLanguage":"fr-FR","@id":"https:\/\/walktoendals.ca\/fr\/#\/schema\/logo\/image\/","url":"https:\/\/walktoendals.ca\/wp-content\/uploads\/2021\/01\/ALS-Logo-English-Canada.png","contentUrl":"https:\/\/walktoendals.ca\/wp-content\/uploads\/2021\/01\/ALS-Logo-English-Canada.png","width":1583,"height":1315,"caption":"ALS Society of Canada"},"image":{"@id":"https:\/\/walktoendals.ca\/fr\/#\/schema\/logo\/image\/"}}]}},"_links":{"self":[{"href":"https:\/\/walktoendals.ca\/fr\/wp-json\/wp\/v2\/pages\/475","targetHints":{"allow":["GET"]}}],"collection":[{"href":"https:\/\/walktoendals.ca\/fr\/wp-json\/wp\/v2\/pages"}],"about":[{"href":"https:\/\/walktoendals.ca\/fr\/wp-json\/wp\/v2\/types\/page"}],"author":[{"embeddable":true,"href":"https:\/\/walktoendals.ca\/fr\/wp-json\/wp\/v2\/users\/1"}],"replies":[{"embeddable":true,"href":"https:\/\/walktoendals.ca\/fr\/wp-json\/wp\/v2\/comments?post=475"}],"version-history":[{"count":8,"href":"https:\/\/walktoendals.ca\/fr\/wp-json\/wp\/v2\/pages\/475\/revisions"}],"predecessor-version":[{"id":1182,"href":"https:\/\/walktoendals.ca\/fr\/wp-json\/wp\/v2\/pages\/475\/revisions\/1182"}],"wp:attachment":[{"href":"https:\/\/walktoendals.ca\/fr\/wp-json\/wp\/v2\/media?parent=475"}],"curies":[{"name":"wp","href":"https:\/\/api.w.org\/{rel}","templated":true}]}}